{"id":728105,"date":"2025-08-27T20:33:56","date_gmt":"2025-08-27T17:33:56","guid":{"rendered":"https:\/\/roveyayinevi.com.tr\/index.php\/urun\/yildizsiz-gece\/"},"modified":"2026-04-16T02:35:53","modified_gmt":"2026-04-15T23:35:53","slug":"yildizsiz-gece","status":"publish","type":"product","link":"https:\/\/roveyayinevi.com.tr\/index.php\/urun\/yildizsiz-gece\/","title":{"rendered":"Y\u0131ld\u0131zs\u0131z Gece"},"content":{"rendered":"<p>\u00c7ok sevdi\u011fi bir dostunu kaybeden Drizzt Do\u2019Urden\u2019\u0131n yas tutmaya vakti olmaz zira kara efler, Mithral Salonu\u2019nun alt\u0131ndaki ma\u011faralar\u0131 ele ge\u00e7irmeye ba\u015flam\u0131\u015ft\u0131r. Drizzt\u2019in evi olarak g\u00f6rd\u00fc\u011f\u00fc Mithral Salonu\u2019nu korumak i\u00e7in dostlar\u0131yla birlikte kara elflerin \u015fehri olan \u00d6r\u00fcmcekler \u015eehri Menzoberranzan\u2019a yolculuk etmekten ba\u015fka \u015fans\u0131 kalmaz.    \u201cKaranl\u0131kalt\u0131\u2019n\u0131n koridorlar\u0131nda hayal g\u00fcc\u00fcnle yan yana y\u00fcr\u00fcyemezsin. Bir kayan\u0131n arkas\u0131na gizlenmi\u015f bir d\u00fc\u015fman hayal etmek ki\u015fiyi ba\u015fka birinin arkas\u0131ndaki ger\u00e7ek bir d\u00fc\u015fmana k\u00f6r edebilir. D\u00fc\u015flere dalmak o fark\u0131ndal\u0131k \u00fcst\u00fcnl\u00fc\u011f\u00fcn\u00fc kaybetmektir ve Karanl\u0131kalt\u0131\u2019nda ihtiyats\u0131zl\u0131k \u00f6l\u00fcm getirir.\u201d <\/p>\n","protected":false},"excerpt":{"rendered":"<p>\u00c7ok sevdi\u011fi bir dostunu kaybeden Drizzt Do\u2019Urden\u2019\u0131n yas tutmaya vakti olmaz zira kara efler, Mithral Salonu\u2019nun alt\u0131ndaki ma\u011faralar\u0131 ele ge\u00e7irmeye ba\u015flam\u0131\u015ft\u0131r. Drizzt\u2019in evi olarak g\u00f6rd\u00fc\u011f\u00fc Mithral<span class=\"excerpt-hellip\"> [\u2026]<\/span><\/p>\n","protected":false},"featured_media":0,"template":"","meta":{"_monsterinsights_skip_tracking":false,"_monsterinsights_sitenote_active":false,"_monsterinsights_sitenote_note":"","_monsterinsights_sitenote_category":0},"product_brand":[],"product_cat":[12291,14777],"product_tag":[],"class_list":{"0":"post-728105","1":"product","2":"type-product","3":"status-publish","5":"product_cat-edebiyat","6":"product_cat-fantastik","7":"pa_cilt-ciltsiz","8":"pa_tur-kitap","9":"pa_yayinevi-ithaki-yayinlari","10":"pa_yazar-r-a-salvatore","12":"first","13":"instock","14":"sale","15":"shipping-taxable","16":"purchasable","17":"product-type-simple"},"_links":{"self":[{"href":"https:\/\/roveyayinevi.com.tr\/index.php\/wp-json\/wp\/v2\/product\/728105","targetHints":{"allow":["GET"]}}],"collection":[{"href":"https:\/\/roveyayinevi.com.tr\/index.php\/wp-json\/wp\/v2\/product"}],"about":[{"href":"https:\/\/roveyayinevi.com.tr\/index.php\/wp-json\/wp\/v2\/types\/product"}],"wp:attachment":[{"href":"https:\/\/roveyayinevi.com.tr\/index.php\/wp-json\/wp\/v2\/media?parent=728105"}],"wp:term":[{"taxonomy":"product_brand","embeddable":true,"href":"https:\/\/roveyayinevi.com.tr\/index.php\/wp-json\/wp\/v2\/product_brand?post=728105"},{"taxonomy":"product_cat","embeddable":true,"href":"https:\/\/roveyayinevi.com.tr\/index.php\/wp-json\/wp\/v2\/product_cat?post=728105"},{"taxonomy":"product_tag","embeddable":true,"href":"https:\/\/roveyayinevi.com.tr\/index.php\/wp-json\/wp\/v2\/product_tag?post=728105"}],"curies":[{"name":"wp","href":"https:\/\/api.w.org\/{rel}","templated":true}]}}