{"id":728104,"date":"2025-08-27T20:33:55","date_gmt":"2025-08-27T17:33:55","guid":{"rendered":"https:\/\/roveyayinevi.com.tr\/index.php\/urun\/miras-4\/"},"modified":"2025-08-30T12:47:23","modified_gmt":"2025-08-30T09:47:23","slug":"miras-4","status":"publish","type":"product","link":"https:\/\/roveyayinevi.com.tr\/index.php\/urun\/miras-4\/","title":{"rendered":"Miras"},"content":{"rendered":"<p>Drizzt Do\u2019Urden\u2019\u0131n hayat\u0131nda her \u015fey yolunda gidiyordu. En yak\u0131n dostu Bruenor taht\u0131n\u0131 geri kazanm\u0131\u015ft\u0131. Macerac\u0131 dostlar\u0131 Wulfgar ile Catti-brie evlilik haz\u0131rl\u0131klar\u0131 yap\u0131yordu. Dostlar Mithral Salonu\u2019nunda bir araya gelmi\u015fti. Ancak Drizzt ard\u0131nda d\u00fc\u015fmanlar b\u0131rakm\u0131\u015ft\u0131 ve \u00d6r\u00fcmcek Krali\u00e7e, Drizzt\u2019in huzurlu g\u00fcnlerine bir son verme and\u0131 i\u00e7mi\u015fti.     \u201c\u00d6ld\u00fc\u011f\u00fcm zaman\u2026 umar\u0131m benim i\u00e7in kederlenen, ortak sevin\u00e7lerimizi ve ac\u0131lar\u0131m\u0131z\u0131 ta\u015f\u0131yacak, beni an\u0131lar\u0131nda ya\u015fatacak dostlar\u0131m olur.   Ruhun \u00f6l\u00fcms\u00fczl\u00fc\u011f\u00fc i\u015fte budur. Asla kaybolmayan bir mirast\u0131r. Kederin yak\u0131t\u0131d\u0131r.   Tabii inanc\u0131n da.\u201d <\/p>\n","protected":false},"excerpt":{"rendered":"<p>Drizzt Do\u2019Urden\u2019\u0131n hayat\u0131nda her \u015fey yolunda gidiyordu. En yak\u0131n dostu Bruenor taht\u0131n\u0131 geri kazanm\u0131\u015ft\u0131. Macerac\u0131 dostlar\u0131 Wulfgar ile Catti-brie evlilik haz\u0131rl\u0131klar\u0131 yap\u0131yordu. Dostlar Mithral Salonu\u2019nunda bir<span class=\"excerpt-hellip\"> [\u2026]<\/span><\/p>\n","protected":false},"featured_media":0,"template":"","meta":{"_monsterinsights_skip_tracking":false,"_monsterinsights_sitenote_active":false,"_monsterinsights_sitenote_note":"","_monsterinsights_sitenote_category":0},"product_brand":[],"product_cat":[12291,14777],"product_tag":[],"class_list":{"0":"post-728104","1":"product","2":"type-product","3":"status-publish","5":"product_cat-edebiyat","6":"product_cat-fantastik","7":"pa_cilt-ciltsiz","8":"pa_tur-kitap","9":"pa_yayinevi-ithaki-yayinlari","10":"pa_yazar-r-a-salvatore","12":"first","13":"instock","14":"sale","15":"shipping-taxable","16":"purchasable","17":"product-type-simple"},"_links":{"self":[{"href":"https:\/\/roveyayinevi.com.tr\/index.php\/wp-json\/wp\/v2\/product\/728104","targetHints":{"allow":["GET"]}}],"collection":[{"href":"https:\/\/roveyayinevi.com.tr\/index.php\/wp-json\/wp\/v2\/product"}],"about":[{"href":"https:\/\/roveyayinevi.com.tr\/index.php\/wp-json\/wp\/v2\/types\/product"}],"wp:attachment":[{"href":"https:\/\/roveyayinevi.com.tr\/index.php\/wp-json\/wp\/v2\/media?parent=728104"}],"wp:term":[{"taxonomy":"product_brand","embeddable":true,"href":"https:\/\/roveyayinevi.com.tr\/index.php\/wp-json\/wp\/v2\/product_brand?post=728104"},{"taxonomy":"product_cat","embeddable":true,"href":"https:\/\/roveyayinevi.com.tr\/index.php\/wp-json\/wp\/v2\/product_cat?post=728104"},{"taxonomy":"product_tag","embeddable":true,"href":"https:\/\/roveyayinevi.com.tr\/index.php\/wp-json\/wp\/v2\/product_tag?post=728104"}],"curies":[{"name":"wp","href":"https:\/\/api.w.org\/{rel}","templated":true}]}}