{"id":728103,"date":"2025-08-27T20:33:54","date_gmt":"2025-08-27T17:33:54","guid":{"rendered":"https:\/\/roveyayinevi.com.tr\/index.php\/urun\/dune-harkonnen-hanedani\/"},"modified":"2026-04-16T02:35:53","modified_gmt":"2026-04-15T23:35:53","slug":"dune-harkonnen-hanedani","status":"publish","type":"product","link":"https:\/\/roveyayinevi.com.tr\/index.php\/urun\/dune-harkonnen-hanedani\/","title":{"rendered":"Dune: Harkonnen Hanedan\u0131"},"content":{"rendered":"<p>Uluslararas\u0131 \u00e7oksatan Dune: Atreides Hanedan\u0131\u2019n\u0131n devam kitab\u0131 Dune: Harkonen Hanedan\u0131, ilk kitaptan on iki y\u0131l sonra ba\u015fl\u0131yor.   D\u00fck Leto Atreides, Azledilme Mahkemesi\u2019ndeki performans\u0131ndan sonra B\u00fcy\u00fck Hanedanlar aras\u0131ndaki pop\u00fclerli\u011fini art\u0131rm\u0131\u015f ve sayg\u0131 duyulan biri olmu\u015ftu. Art\u0131k yirmi alt\u0131 ya\u015f\u0131nda olan Leto, Padi\u015fah \u0130mparator Shaddam ve d\u00fc\u015fman\u0131 Baron Harkonnen\u2019\u0131n g\u00f6z\u00fcnde dikkat edilmesi gereken, tehlikeli bir fig\u00fcr haline gelmi\u015fti&#8230;    Gen\u00e7 Duncan Idaho, Atreides Hanedan\u0131\u2019na hizmet etmek i\u00e7in Ginaz K\u0131l\u0131\u00e7ustalar\u0131 taraf\u0131ndan e\u011fitime tabi tutulacakt\u0131. E\u011fitim g\u00f6renlerin \u00fc\u00e7te birinin canl\u0131 \u00e7\u0131kamad\u0131\u011f\u0131 bu sert e\u011fitim onun Dune\u2019daki Duncon Idaho\u2019ya d\u00f6n\u00fc\u015f\u00fcm\u00fcndeki ta\u015flar\u0131 d\u00f6\u015feyecekti\u2026   Bene Tleilax ile yapt\u0131\u011f\u0131 anla\u015fmayla yapay baharat \u00fcretmeye \u00e7al\u0131\u015fan Padi\u015fah Shaddam, \u0130mparatorluk\u2019un kontrol\u00fcn\u00fc kaybetmeye ba\u015fl\u0131yordu. Kaitain\u2019deki saray\u0131 da Sardaukarlar\u0131n di\u011fer gezegenlere da\u011f\u0131lmas\u0131yla tehlikelere a\u00e7\u0131k hale gelecekti\u2026   Gezegenbilimci Pardot Kynes ve o\u011flu Liet, Dune\u2019u \u00e7\u00f6l olmaktan \u00e7\u0131karmaya \u00e7abalarken ayn\u0131 zamanda ac\u0131mas\u0131z Harkonnen askerlerine kar\u015f\u0131 m\u00fccadele etmeye \u00e7al\u0131\u015facak ve Fremenler hi\u00e7 olmad\u0131\u011f\u0131 kadar kendilerini g\u00f6stermeye ba\u015flayacakt\u0131\u2026   Her bir karakterin incelikle dokundu\u011fu Dune: Harkonnen Hanedan\u0131\u2019nda Frank Herbert\u2019\u0131n \u015faheseri Dune\u2019un arka plan\u0131 politika, din ve sava\u015flarla dolu bu heyecanl\u0131 hik\u00e2yelerle anlat\u0131l\u0131yor.\u201cDune: Harkonnen Hanedan\u0131 hem ola\u011fan\u00fcst\u00fc bir evren geli\u015fimi hem de soluksuz bir okuma sunuyor.\u201d \u2013Kirkus <\/p>\n","protected":false},"excerpt":{"rendered":"<p>Uluslararas\u0131 \u00e7oksatan Dune: Atreides Hanedan\u0131\u2019n\u0131n devam kitab\u0131 Dune: Harkonen Hanedan\u0131, ilk kitaptan on iki y\u0131l sonra ba\u015fl\u0131yor. D\u00fck Leto Atreides, Azledilme Mahkemesi\u2019ndeki performans\u0131ndan sonra B\u00fcy\u00fck Hanedanlar<span class=\"excerpt-hellip\"> [\u2026]<\/span><\/p>\n","protected":false},"featured_media":0,"template":"","meta":{"_monsterinsights_skip_tracking":false,"_monsterinsights_sitenote_active":false,"_monsterinsights_sitenote_note":"","_monsterinsights_sitenote_category":0},"product_brand":[],"product_cat":[12540,12291],"product_tag":[],"class_list":{"0":"post-728103","1":"product","2":"type-product","3":"status-publish","5":"product_cat-bilim-kurgu","6":"product_cat-edebiyat","7":"pa_cilt-ciltsiz","8":"pa_tur-kitap","9":"pa_yayinevi-ithaki-yayinlari","10":"pa_yazar-brian-herbert-kevin-j-anderson","12":"first","13":"instock","14":"sale","15":"shipping-taxable","16":"purchasable","17":"product-type-simple"},"_links":{"self":[{"href":"https:\/\/roveyayinevi.com.tr\/index.php\/wp-json\/wp\/v2\/product\/728103","targetHints":{"allow":["GET"]}}],"collection":[{"href":"https:\/\/roveyayinevi.com.tr\/index.php\/wp-json\/wp\/v2\/product"}],"about":[{"href":"https:\/\/roveyayinevi.com.tr\/index.php\/wp-json\/wp\/v2\/types\/product"}],"wp:attachment":[{"href":"https:\/\/roveyayinevi.com.tr\/index.php\/wp-json\/wp\/v2\/media?parent=728103"}],"wp:term":[{"taxonomy":"product_brand","embeddable":true,"href":"https:\/\/roveyayinevi.com.tr\/index.php\/wp-json\/wp\/v2\/product_brand?post=728103"},{"taxonomy":"product_cat","embeddable":true,"href":"https:\/\/roveyayinevi.com.tr\/index.php\/wp-json\/wp\/v2\/product_cat?post=728103"},{"taxonomy":"product_tag","embeddable":true,"href":"https:\/\/roveyayinevi.com.tr\/index.php\/wp-json\/wp\/v2\/product_tag?post=728103"}],"curies":[{"name":"wp","href":"https:\/\/api.w.org\/{rel}","templated":true}]}}