{"id":728101,"date":"2025-08-27T20:33:52","date_gmt":"2025-08-27T17:33:52","guid":{"rendered":"https:\/\/roveyayinevi.com.tr\/index.php\/urun\/imbikten-kadehe-distile-ickiler-dunyasi-ciltli\/"},"modified":"2026-04-16T02:35:53","modified_gmt":"2026-04-15T23:35:53","slug":"imbikten-kadehe-distile-ickiler-dunyasi-ciltli","status":"publish","type":"product","link":"https:\/\/roveyayinevi.com.tr\/index.php\/urun\/imbikten-kadehe-distile-ickiler-dunyasi-ciltli\/","title":{"rendered":"\u0130mbikten Kadehe \u2013 Distile \u0130\u00e7kiler D\u00fcnyas\u0131 (Ciltli)"},"content":{"rendered":"<p>2019\u2019da yay\u0131mlanan, T\u00fcrkiye\u2019nin en kapsaml\u0131 viski rehberi olma \u00f6zelli\u011fine sahip ilk kitab\u0131 Meleklerin Pay\u0131: Bir Viski Maceras\u0131 ile okurlar\u0131n be\u011fenisini ve d\u00fcnyan\u0131n en \u00f6nemli yeme-i\u00e7me k\u00fclt\u00fcr\u00fc \u00f6d\u00fcllerinden Gourmand World CookBook Awards 2020 \u00f6d\u00fcl\u00fcn\u00fc kazanan Dr. Burkay Adal\u0131\u011f, yepyeni bir i\u00e7ki k\u00fclt\u00fcr\u00fc kitab\u0131yla kar\u015f\u0131m\u0131zda. Dr. Burkay Adal\u0131\u011f bu sefer sadece viskiyi de\u011fil, d\u00fcnyan\u0131n t\u00fcm distile i\u00e7kilerini anlat\u0131yor. \u0130mbikten kadehlerinize kadar uzanan bu yolculu\u011fun her a\u015famas\u0131n\u0131 ke\u015ffederken, bu kitab\u0131 okuduktan sonra i\u00e7ti\u011finiz her i\u00e7kinin hik\u00e2yesini de biliyor olacaks\u0131n\u0131z. Votkadan cine, tekiladan konya\u011fa t\u00fcm distile i\u00e7kilerin anlat\u0131ld\u0131\u011f\u0131 kitapta, milli i\u00e7kimiz rak\u0131 tabii ki ba\u015frolde. \u0130\u00e7ki tarihinden ilgin\u00e7 anekdotlar\u0131n, elliye yak\u0131n kokteyl tarifinin, i\u00e7kinizi yudumlarken dinleyebilece\u011finiz \u015fark\u0131 listelerinin ve \u00fclkemizde bir ilk olan T\u00fcrkiye\u2019nin Rak\u0131lar\u0131 tablosunun da yer ald\u0131\u011f\u0131 \u0130mbikten Kadehe: Distile \u0130\u00e7kiler D\u00fcnyas\u0131 sadece kitapl\u0131\u011f\u0131n\u0131z\u0131n de\u011fil evdeki bar\u0131n\u0131z\u0131n da ba\u015fk\u00f6\u015fesine yerle\u015fecek bir kitap. T\u00fcm i\u00e7kiseverlere \u015fimdiden \u015eerefe!<\/p>\n","protected":false},"excerpt":{"rendered":"<p>2019\u2019da yay\u0131mlanan, T\u00fcrkiye\u2019nin en kapsaml\u0131 viski rehberi olma \u00f6zelli\u011fine sahip ilk kitab\u0131 Meleklerin Pay\u0131: Bir Viski Maceras\u0131 ile okurlar\u0131n be\u011fenisini ve d\u00fcnyan\u0131n en \u00f6nemli yeme-i\u00e7me k\u00fclt\u00fcr\u00fc<span class=\"excerpt-hellip\"> [\u2026]<\/span><\/p>\n","protected":false},"featured_media":0,"template":"","meta":{"_monsterinsights_skip_tracking":false,"_monsterinsights_sitenote_active":false,"_monsterinsights_sitenote_note":"","_monsterinsights_sitenote_category":0},"product_brand":[],"product_cat":[77985,12457],"product_tag":[],"class_list":{"0":"post-728101","1":"product","2":"type-product","3":"status-publish","5":"product_cat-kokteyl-ve-icki-kitaplari","6":"product_cat-yemek-kitaplari","7":"pa_cilt-ciltli","8":"pa_tur-kitap","9":"pa_yayinevi-epsilon-yayinlari","10":"pa_yazar-burkay-adalig","12":"first","13":"instock","14":"sale","15":"shipping-taxable","16":"purchasable","17":"product-type-simple"},"_links":{"self":[{"href":"https:\/\/roveyayinevi.com.tr\/index.php\/wp-json\/wp\/v2\/product\/728101","targetHints":{"allow":["GET"]}}],"collection":[{"href":"https:\/\/roveyayinevi.com.tr\/index.php\/wp-json\/wp\/v2\/product"}],"about":[{"href":"https:\/\/roveyayinevi.com.tr\/index.php\/wp-json\/wp\/v2\/types\/product"}],"wp:attachment":[{"href":"https:\/\/roveyayinevi.com.tr\/index.php\/wp-json\/wp\/v2\/media?parent=728101"}],"wp:term":[{"taxonomy":"product_brand","embeddable":true,"href":"https:\/\/roveyayinevi.com.tr\/index.php\/wp-json\/wp\/v2\/product_brand?post=728101"},{"taxonomy":"product_cat","embeddable":true,"href":"https:\/\/roveyayinevi.com.tr\/index.php\/wp-json\/wp\/v2\/product_cat?post=728101"},{"taxonomy":"product_tag","embeddable":true,"href":"https:\/\/roveyayinevi.com.tr\/index.php\/wp-json\/wp\/v2\/product_tag?post=728101"}],"curies":[{"name":"wp","href":"https:\/\/api.w.org\/{rel}","templated":true}]}}