{"id":728099,"date":"2025-08-27T20:33:50","date_gmt":"2025-08-27T17:33:50","guid":{"rendered":"https:\/\/roveyayinevi.com.tr\/index.php\/urun\/tavsan-can-ile-yagmur\/"},"modified":"2026-04-16T02:35:53","modified_gmt":"2026-04-15T23:35:53","slug":"tavsan-can-ile-yagmur","status":"publish","type":"product","link":"https:\/\/roveyayinevi.com.tr\/index.php\/urun\/tavsan-can-ile-yagmur\/","title":{"rendered":"Tav\u015fan Can ile Ya\u011fmur"},"content":{"rendered":"<p>\u00dcnl\u00fc \u0130talyan ill\u00fcstrat\u00f6r Nicoletta Costa\u2019n\u0131n yazarl\u0131\u011f\u0131n\u0131 ve \u00e7izerli\u011fini \u00fcstlendi\u011fi Tav\u015fan Can serisi art\u0131k U\u00e7an Fil\u2019de! Tav\u015fan Can ve arkada\u015flar\u0131n\u0131n birbirinden renkli, e\u011flenceli ve \u00f6\u011fretici maceralar\u0131 sizleri bekliyor! <\/p>\n","protected":false},"excerpt":{"rendered":"<p>\u00dcnl\u00fc \u0130talyan ill\u00fcstrat\u00f6r Nicoletta Costa\u2019n\u0131n yazarl\u0131\u011f\u0131n\u0131 ve \u00e7izerli\u011fini \u00fcstlendi\u011fi Tav\u015fan Can serisi art\u0131k U\u00e7an Fil\u2019de! Tav\u015fan Can ve arkada\u015flar\u0131n\u0131n birbirinden renkli, e\u011flenceli ve \u00f6\u011fretici maceralar\u0131 sizleri<span class=\"excerpt-hellip\"> [\u2026]<\/span><\/p>\n","protected":false},"featured_media":0,"template":"","meta":{"_monsterinsights_skip_tracking":false,"_monsterinsights_sitenote_active":false,"_monsterinsights_sitenote_note":"","_monsterinsights_sitenote_category":0},"product_brand":[],"product_cat":[12913,12274],"product_tag":[],"class_list":{"0":"post-728099","1":"product","2":"type-product","3":"status-publish","5":"product_cat-3-6-yas-kitaplari","6":"product_cat-cocuk-ve-genclik-kitaplari","7":"pa_cilt-ciltsiz","8":"pa_tur-kitap","9":"pa_yayinevi-ucan-fil-yayinlari","10":"pa_yazar-nicoletta-costa","12":"first","13":"instock","14":"sale","15":"shipping-taxable","16":"purchasable","17":"product-type-simple"},"_links":{"self":[{"href":"https:\/\/roveyayinevi.com.tr\/index.php\/wp-json\/wp\/v2\/product\/728099","targetHints":{"allow":["GET"]}}],"collection":[{"href":"https:\/\/roveyayinevi.com.tr\/index.php\/wp-json\/wp\/v2\/product"}],"about":[{"href":"https:\/\/roveyayinevi.com.tr\/index.php\/wp-json\/wp\/v2\/types\/product"}],"wp:attachment":[{"href":"https:\/\/roveyayinevi.com.tr\/index.php\/wp-json\/wp\/v2\/media?parent=728099"}],"wp:term":[{"taxonomy":"product_brand","embeddable":true,"href":"https:\/\/roveyayinevi.com.tr\/index.php\/wp-json\/wp\/v2\/product_brand?post=728099"},{"taxonomy":"product_cat","embeddable":true,"href":"https:\/\/roveyayinevi.com.tr\/index.php\/wp-json\/wp\/v2\/product_cat?post=728099"},{"taxonomy":"product_tag","embeddable":true,"href":"https:\/\/roveyayinevi.com.tr\/index.php\/wp-json\/wp\/v2\/product_tag?post=728099"}],"curies":[{"name":"wp","href":"https:\/\/api.w.org\/{rel}","templated":true}]}}