{"id":728095,"date":"2025-08-27T20:33:47","date_gmt":"2025-08-27T17:33:47","guid":{"rendered":"https:\/\/roveyayinevi.com.tr\/index.php\/urun\/okul-oncesi-egitim-programlari\/"},"modified":"2026-04-16T02:35:53","modified_gmt":"2026-04-15T23:35:53","slug":"okul-oncesi-egitim-programlari","status":"publish","type":"product","link":"https:\/\/roveyayinevi.com.tr\/index.php\/urun\/okul-oncesi-egitim-programlari\/","title":{"rendered":"Okul \u00d6ncesi E\u011fitim Programlar\u0131"},"content":{"rendered":"<p>Bu kitap okul \u00f6ncesi e\u011fitimin en \u00f6nemli konular\u0131ndan biri olan  e\u011fitim program\u0131n\u0131, \u201c\u00f6nemi, ilkeleri ve \u00f6geleri; okul \u00f6ncesi e\u011fitim programlar\u0131n\u0131n tarihsel geli\u015fim s\u00fcreci; 0-3 ve 3-6 ya\u015f okul \u00f6ncesi e\u011fitim program\u0131n\u0131n temel \u00f6zellikleri, ilkeleri, kazan\u0131mlar, g\u00f6stergeler, ortam \u00f6zellikleri, etkinlikleri ve  bunlar\u0131n  yan\u0131 s\u0131ra  programda kullan\u0131lacak formlar, planlama (ayl\u0131k e\u011fitim plan\u0131, g\u00fcnl\u00fck e\u011fitim ak\u0131\u015f\u0131 ve etkinlik plan\u0131), uygulama ve de\u011ferlendirme basamaklar\u0131\u201d ile  b\u00fct\u00fcnsel a\u00e7\u0131dan detayl\u0131 bir bi\u00e7imde  ele almaktad\u0131r. Bunun yan\u0131 s\u0131ra kitapta okul \u00f6ncesi e\u011fitimde d\u00fcnyada en \u00e7ok uygulanan alternatif yakla\u015f\u0131mlar\u0131 ve bu yakla\u015f\u0131mlar\u0131n MEB program\u0131na adaptasyonu ile ilgili \u00f6rneklere de yer verilerek okuyucuya evrensel bir bak\u0131\u015f a\u00e7\u0131s\u0131 da sunulmu\u015ftur. Kitab\u0131n\u0131n temel \u00f6zelli\u011fi \u00fclkemizde ve d\u00fcnyada uygulanan okul \u00f6ncesi e\u011fitim programlar\u0131na hem teorik temelleri hem tarihsel s\u00fcreci hem teknik \u00f6zellikleri hem de uygulama \u00f6rnekleri ile geni\u015f bir a\u00e7\u0131dan ayna tutmas\u0131d\u0131r.  <\/p>\n","protected":false},"excerpt":{"rendered":"<p>Bu kitap okul \u00f6ncesi e\u011fitimin en \u00f6nemli konular\u0131ndan biri olan e\u011fitim program\u0131n\u0131, \u201c\u00f6nemi, ilkeleri ve \u00f6geleri; okul \u00f6ncesi e\u011fitim programlar\u0131n\u0131n tarihsel geli\u015fim s\u00fcreci; 0-3 ve 3-6<span class=\"excerpt-hellip\"> [\u2026]<\/span><\/p>\n","protected":false},"featured_media":0,"template":"","meta":{"_monsterinsights_skip_tracking":false,"_monsterinsights_sitenote_active":false,"_monsterinsights_sitenote_note":"","_monsterinsights_sitenote_category":0},"product_brand":[],"product_cat":[12573,12566],"product_tag":[],"class_list":{"0":"post-728095","1":"product","2":"type-product","3":"status-publish","5":"product_cat-akademik-kitaplar","6":"product_cat-egitim","7":"pa_cilt-ciltsiz","8":"pa_tur-kitap","9":"pa_yayinevi-egiten-kitap","10":"pa_yazar-egiten-kitap-kolektif","12":"first","13":"instock","14":"sale","15":"shipping-taxable","16":"purchasable","17":"product-type-simple"},"_links":{"self":[{"href":"https:\/\/roveyayinevi.com.tr\/index.php\/wp-json\/wp\/v2\/product\/728095","targetHints":{"allow":["GET"]}}],"collection":[{"href":"https:\/\/roveyayinevi.com.tr\/index.php\/wp-json\/wp\/v2\/product"}],"about":[{"href":"https:\/\/roveyayinevi.com.tr\/index.php\/wp-json\/wp\/v2\/types\/product"}],"wp:attachment":[{"href":"https:\/\/roveyayinevi.com.tr\/index.php\/wp-json\/wp\/v2\/media?parent=728095"}],"wp:term":[{"taxonomy":"product_brand","embeddable":true,"href":"https:\/\/roveyayinevi.com.tr\/index.php\/wp-json\/wp\/v2\/product_brand?post=728095"},{"taxonomy":"product_cat","embeddable":true,"href":"https:\/\/roveyayinevi.com.tr\/index.php\/wp-json\/wp\/v2\/product_cat?post=728095"},{"taxonomy":"product_tag","embeddable":true,"href":"https:\/\/roveyayinevi.com.tr\/index.php\/wp-json\/wp\/v2\/product_tag?post=728095"}],"curies":[{"name":"wp","href":"https:\/\/api.w.org\/{rel}","templated":true}]}}