{"id":728093,"date":"2025-08-27T20:33:46","date_gmt":"2025-08-27T17:33:46","guid":{"rendered":"https:\/\/roveyayinevi.com.tr\/index.php\/urun\/ogretmenlerin-mesleki-gelisimi-ve-mesleki-kimligi\/"},"modified":"2026-04-16T02:35:53","modified_gmt":"2026-04-15T23:35:53","slug":"ogretmenlerin-mesleki-gelisimi-ve-mesleki-kimligi","status":"publish","type":"product","link":"https:\/\/roveyayinevi.com.tr\/index.php\/urun\/ogretmenlerin-mesleki-gelisimi-ve-mesleki-kimligi\/","title":{"rendered":"\u00d6\u011fretmenlerin Mesleki Geli\u015fimi Ve Mesleki Kimli\u011fi"},"content":{"rendered":"<p>\u00d6\u011fretmenlik mesle\u011fi, geli\u015fime ve yenili\u011fe a\u00e7\u0131k olmay\u0131, g\u00fcnceli ve toplumsal olaylar\u0131n e\u011fitime yans\u0131malar\u0131n\u0131 takip etmeyi gerekli k\u0131lan bir meslektir. Bu nedenle \u00f6\u011fretmenlerin mesleki kimlik alg\u0131lar\u0131 onlar\u0131n mesleki geli\u015fime ili\u015fkin tutumlar\u0131n\u0131 etkileyebilir. Bu etkile\u015fim iki y\u00f6nl\u00fc de olabilir. B\u00fct\u00fcn bu d\u00fc\u015f\u00fcncelere ili\u015fkin tart\u0131\u015fmalar sonucunda ortaya \u00e7\u0131kan bu eser titiz ve detayl\u0131 bir \u00e7al\u0131\u015fman\u0131n \u00fcr\u00fcn\u00fcd\u00fcr. <\/p>\n","protected":false},"excerpt":{"rendered":"<p>\u00d6\u011fretmenlik mesle\u011fi, geli\u015fime ve yenili\u011fe a\u00e7\u0131k olmay\u0131, g\u00fcnceli ve toplumsal olaylar\u0131n e\u011fitime yans\u0131malar\u0131n\u0131 takip etmeyi gerekli k\u0131lan bir meslektir. Bu nedenle \u00f6\u011fretmenlerin mesleki kimlik alg\u0131lar\u0131 onlar\u0131n<span class=\"excerpt-hellip\"> [\u2026]<\/span><\/p>\n","protected":false},"featured_media":0,"template":"","meta":{"_monsterinsights_skip_tracking":false,"_monsterinsights_sitenote_active":false,"_monsterinsights_sitenote_note":"","_monsterinsights_sitenote_category":0},"product_brand":[],"product_cat":[12573,12566],"product_tag":[],"class_list":{"0":"post-728093","1":"product","2":"type-product","3":"status-publish","5":"product_cat-akademik-kitaplar","6":"product_cat-egitim","7":"pa_cilt-ciltsiz","8":"pa_tur-kitap","9":"pa_yayinevi-egiten-kitap","10":"pa_yazar-ebru-oguz-merve-soydas","12":"first","13":"instock","14":"sale","15":"shipping-taxable","16":"purchasable","17":"product-type-simple"},"_links":{"self":[{"href":"https:\/\/roveyayinevi.com.tr\/index.php\/wp-json\/wp\/v2\/product\/728093","targetHints":{"allow":["GET"]}}],"collection":[{"href":"https:\/\/roveyayinevi.com.tr\/index.php\/wp-json\/wp\/v2\/product"}],"about":[{"href":"https:\/\/roveyayinevi.com.tr\/index.php\/wp-json\/wp\/v2\/types\/product"}],"wp:attachment":[{"href":"https:\/\/roveyayinevi.com.tr\/index.php\/wp-json\/wp\/v2\/media?parent=728093"}],"wp:term":[{"taxonomy":"product_brand","embeddable":true,"href":"https:\/\/roveyayinevi.com.tr\/index.php\/wp-json\/wp\/v2\/product_brand?post=728093"},{"taxonomy":"product_cat","embeddable":true,"href":"https:\/\/roveyayinevi.com.tr\/index.php\/wp-json\/wp\/v2\/product_cat?post=728093"},{"taxonomy":"product_tag","embeddable":true,"href":"https:\/\/roveyayinevi.com.tr\/index.php\/wp-json\/wp\/v2\/product_tag?post=728093"}],"curies":[{"name":"wp","href":"https:\/\/api.w.org\/{rel}","templated":true}]}}