{"id":728092,"date":"2025-08-27T20:33:45","date_gmt":"2025-08-27T17:33:45","guid":{"rendered":"https:\/\/roveyayinevi.com.tr\/index.php\/urun\/oyun-zamani\/"},"modified":"2026-04-16T02:35:53","modified_gmt":"2026-04-15T23:35:53","slug":"oyun-zamani","status":"publish","type":"product","link":"https:\/\/roveyayinevi.com.tr\/index.php\/urun\/oyun-zamani\/","title":{"rendered":"Oyun Zaman\u0131"},"content":{"rendered":"<p>Oyun oynamay\u0131 b\u0131rakt\u0131\u011f\u0131n\u0131z g\u00fcn, \u00f6\u011frenmeyi de b\u0131rak\u0131r\u0131z (William Glasser) S\u00f6z\u00fcnde de anla\u015f\u0131ld\u0131\u011f\u0131 gibi hayat\u0131m\u0131z\u0131n her noktas\u0131nda oyunun ne kadar etkili oldu\u011fu yads\u0131namaz. Oyunlar, \u00e7ocuklar ve yeti\u015fkinlerin ya\u015fam becerilerinde fark\u0131ndal\u0131k kazand\u0131rmas\u0131, kendisiyle ve \u00e7evresindeki d\u00fcnyayla bar\u0131\u015f\u0131k ve mutlu bireylerin hem temeli hem de geli\u015fimini sa\u011flam\u0131\u015f olur. Saklamak de\u011fil, payla\u015fmak olsun \u00f6z\u00fcn ele\u015ftirmek de\u011fil, \u00e7\u00f6z\u00fcm\u00fc g\u00f6stermek olsun s\u00f6z\u00fcn, y\u0131kmakta de\u011fil, yapmakta olsun g\u00f6z\u00fcn, sald\u0131rmak de\u011fil, sar\u0131lmakt\u0131r \u00e7\u00f6z\u00fcm (Osho) dedi\u011fi gibi; bilginin payla\u015fman\u0131n g\u00fczelli\u011finin ve bereketinin kaynak beslendi\u011fi durumda payla\u015f\u0131lanlarda artacakt\u0131r.<\/p>\n","protected":false},"excerpt":{"rendered":"<p>Oyun oynamay\u0131 b\u0131rakt\u0131\u011f\u0131n\u0131z g\u00fcn, \u00f6\u011frenmeyi de b\u0131rak\u0131r\u0131z (William Glasser) S\u00f6z\u00fcnde de anla\u015f\u0131ld\u0131\u011f\u0131 gibi hayat\u0131m\u0131z\u0131n her noktas\u0131nda oyunun ne kadar etkili oldu\u011fu yads\u0131namaz. Oyunlar, \u00e7ocuklar ve yeti\u015fkinlerin<span class=\"excerpt-hellip\"> [\u2026]<\/span><\/p>\n","protected":false},"featured_media":0,"template":"","meta":{"_monsterinsights_skip_tracking":false,"_monsterinsights_sitenote_active":false,"_monsterinsights_sitenote_note":"","_monsterinsights_sitenote_category":0},"product_brand":[],"product_cat":[12573,12566],"product_tag":[],"class_list":{"0":"post-728092","1":"product","2":"type-product","3":"status-publish","5":"product_cat-akademik-kitaplar","6":"product_cat-egitim","7":"pa_cilt-ciltsiz","8":"pa_tur-kitap","9":"pa_yayinevi-egiten-kitap","10":"pa_yazar-ibrahim-toprak","12":"first","13":"instock","14":"sale","15":"shipping-taxable","16":"purchasable","17":"product-type-simple"},"_links":{"self":[{"href":"https:\/\/roveyayinevi.com.tr\/index.php\/wp-json\/wp\/v2\/product\/728092","targetHints":{"allow":["GET"]}}],"collection":[{"href":"https:\/\/roveyayinevi.com.tr\/index.php\/wp-json\/wp\/v2\/product"}],"about":[{"href":"https:\/\/roveyayinevi.com.tr\/index.php\/wp-json\/wp\/v2\/types\/product"}],"wp:attachment":[{"href":"https:\/\/roveyayinevi.com.tr\/index.php\/wp-json\/wp\/v2\/media?parent=728092"}],"wp:term":[{"taxonomy":"product_brand","embeddable":true,"href":"https:\/\/roveyayinevi.com.tr\/index.php\/wp-json\/wp\/v2\/product_brand?post=728092"},{"taxonomy":"product_cat","embeddable":true,"href":"https:\/\/roveyayinevi.com.tr\/index.php\/wp-json\/wp\/v2\/product_cat?post=728092"},{"taxonomy":"product_tag","embeddable":true,"href":"https:\/\/roveyayinevi.com.tr\/index.php\/wp-json\/wp\/v2\/product_tag?post=728092"}],"curies":[{"name":"wp","href":"https:\/\/api.w.org\/{rel}","templated":true}]}}