{"id":728089,"date":"2025-08-27T20:33:43","date_gmt":"2025-08-27T17:33:43","guid":{"rendered":"https:\/\/roveyayinevi.com.tr\/index.php\/urun\/erken-cocukluk-egitimine-giris-2\/"},"modified":"2026-04-16T02:35:52","modified_gmt":"2026-04-15T23:35:52","slug":"erken-cocukluk-egitimine-giris-2","status":"publish","type":"product","link":"https:\/\/roveyayinevi.com.tr\/index.php\/urun\/erken-cocukluk-egitimine-giris-2\/","title":{"rendered":"Erken \u00c7ocukluk E\u011fitimine Giri\u015f"},"content":{"rendered":"<p>Erken \u00e7ocukluk y\u0131llar\u0131nda bireye sunulan geli\u015fimsel destek, bir t\u00fcr gelece\u011fe yat\u0131r\u0131md\u0131r. K\u00fc\u00e7\u00fck \u00e7ocuklarla birlikte ya\u015fayan, onlarla \u00e7al\u0131\u015fan ve hatta etkile\u015fim kuran t\u00fcm insanlar\u0131n \u00e7ocuklar\u0131n geli\u015fimsel \u00f6zelliklerini bilmeleri, \u00e7ocuklar\u0131 tan\u0131malar\u0131 ve onlar\u0131n \u00f6\u011frenmelerini desteklemek i\u00e7in \u00f6nemlidir. Bu kitap ile \u00e7ocuklar\u0131n ilerideki sosyal ve e\u011fitim ya\u015famlar\u0131 i\u00e7in e\u011fitim basama\u011f\u0131n\u0131n ilk ad\u0131m\u0131 olan erken \u00e7ocukluk e\u011fitimine genel bir bak\u0131\u015f olu\u015ftur-mak ama\u00e7lanm\u0131\u015ft\u0131r. Erken \u00e7ocukluk e\u011fitiminin tarihsel  ve fikirsel geli\u015fimi, d\u00fcnyadaki erken \u00e7ocukluk e\u011fitimi uygulamalar\u0131, \u00e7ocuklar\u0131n geli\u015fimsel \u00f6zellikleri, okul \u00f6ncesi e\u011fitim program\u0131 ve alternatif yakla\u015f\u0131mlar, erken \u00e7ocuk-luk e\u011fitiminin sac ayaklar\u0131 olan aile, okul ve \u00f6\u011fretmen, erken \u00e7ocukluk e\u011fiti-minde kullan\u0131lan \u00f6\u011fretim y\u00f6ntem ve teknikleri ile oyun, erken \u00e7ocukluk e\u011fiti-minde \u00f6zel gereksinimli \u00e7ocuklar Erken \u00c7ocukluk E\u011fitimine Giri\u015f kitab\u0131nda ele al\u0131nan konular aras\u0131ndad\u0131r.<\/p>\n","protected":false},"excerpt":{"rendered":"<p>Erken \u00e7ocukluk y\u0131llar\u0131nda bireye sunulan geli\u015fimsel destek, bir t\u00fcr gelece\u011fe yat\u0131r\u0131md\u0131r. K\u00fc\u00e7\u00fck \u00e7ocuklarla birlikte ya\u015fayan, onlarla \u00e7al\u0131\u015fan ve hatta etkile\u015fim kuran t\u00fcm insanlar\u0131n \u00e7ocuklar\u0131n geli\u015fimsel \u00f6zelliklerini<span class=\"excerpt-hellip\"> [\u2026]<\/span><\/p>\n","protected":false},"featured_media":0,"template":"","meta":{"_monsterinsights_skip_tracking":false,"_monsterinsights_sitenote_active":false,"_monsterinsights_sitenote_note":"","_monsterinsights_sitenote_category":0},"product_brand":[],"product_cat":[12573,12566],"product_tag":[],"class_list":{"0":"post-728089","1":"product","2":"type-product","3":"status-publish","5":"product_cat-akademik-kitaplar","6":"product_cat-egitim","7":"pa_cilt-ciltsiz","8":"pa_tur-kitap","9":"pa_yayinevi-egiten-kitap","10":"pa_yazar-egiten-kitap-kolektif","12":"first","13":"instock","14":"sale","15":"shipping-taxable","16":"purchasable","17":"product-type-simple"},"_links":{"self":[{"href":"https:\/\/roveyayinevi.com.tr\/index.php\/wp-json\/wp\/v2\/product\/728089","targetHints":{"allow":["GET"]}}],"collection":[{"href":"https:\/\/roveyayinevi.com.tr\/index.php\/wp-json\/wp\/v2\/product"}],"about":[{"href":"https:\/\/roveyayinevi.com.tr\/index.php\/wp-json\/wp\/v2\/types\/product"}],"wp:attachment":[{"href":"https:\/\/roveyayinevi.com.tr\/index.php\/wp-json\/wp\/v2\/media?parent=728089"}],"wp:term":[{"taxonomy":"product_brand","embeddable":true,"href":"https:\/\/roveyayinevi.com.tr\/index.php\/wp-json\/wp\/v2\/product_brand?post=728089"},{"taxonomy":"product_cat","embeddable":true,"href":"https:\/\/roveyayinevi.com.tr\/index.php\/wp-json\/wp\/v2\/product_cat?post=728089"},{"taxonomy":"product_tag","embeddable":true,"href":"https:\/\/roveyayinevi.com.tr\/index.php\/wp-json\/wp\/v2\/product_tag?post=728089"}],"curies":[{"name":"wp","href":"https:\/\/api.w.org\/{rel}","templated":true}]}}