{"id":728088,"date":"2025-08-27T20:33:42","date_gmt":"2025-08-27T17:33:42","guid":{"rendered":"https:\/\/roveyayinevi.com.tr\/index.php\/urun\/flut-guncesi-flut-icin-teknik-calismalar\/"},"modified":"2026-04-16T02:35:52","modified_gmt":"2026-04-15T23:35:52","slug":"flut-guncesi-flut-icin-teknik-calismalar","status":"publish","type":"product","link":"https:\/\/roveyayinevi.com.tr\/index.php\/urun\/flut-guncesi-flut-icin-teknik-calismalar\/","title":{"rendered":"Fl\u00fct G\u00fcncesi -Fl\u00fct \u0130\u00e7in Teknik \u00c7al\u0131\u015fmalar"},"content":{"rendered":"<p>Fl\u00fct G\u00fcncesi; fl\u00fct e\u011fitimi alan \u00f6\u011frencilerin her g\u00fcn d\u00fczenli olarak \u00e7al\u0131\u015fmalar\u0131nda yer vermelerinin gerekli ve \u00f6nemli oldu\u011fu d\u00fc\u015f\u00fcn\u00fclen \u00f6zg\u00fcn yap\u0131da haz\u0131rlanm\u0131\u015f teknik \u00e7al\u0131\u015fmalar i\u00e7ermektedir. \u00dclkemizde fl\u00fct e\u011fitimi alan \u00f6\u011frencilerin ayn\u0131 imk\u00e2n ve olanaklara sahip olmad\u0131\u011f\u0131 d\u00fc\u015f\u00fcn\u00fcld\u00fc\u011f\u00fcnde, \u00f6\u011frencilerin literat\u00fcrdeki t\u00fcm kitaplara ula\u015fmas\u0131n\u0131n m\u00fcmk\u00fcn olmad\u0131\u011f\u0131 bilinmektedir. Buradan hareketle literat\u00fcrde yer alan metotlardaki teknik \u00e7al\u0131\u015fmalara \u00f6zg\u00fcn bir bak\u0131\u015f a\u00e7\u0131s\u0131yla yeni \u00e7al\u0131\u015fmalar eklemek, teknik \u00e7al\u0131\u015fmalar\u0131n \u00f6nemli bir k\u0131sm\u0131n\u0131 tek bir kitapta bir araya getirmek, \u00e7al\u0131\u015fmalar hakk\u0131nda anadilimizde bilgiler vermek ve bu egzersizleri i\u00e7eren T\u00fcrk\u00e7e bir kayna\u011f\u0131n literat\u00fcre katk\u0131da bulunmas\u0131n\u0131 sa\u011flamak amac\u0131yla \u201cFl\u00fct G\u00fcncesi\u201d haz\u0131rlanm\u0131\u015ft\u0131r. Fl\u00fct G\u00fcncesi; \u00f6zg\u00fcn bir egzersiz kitab\u0131 olmas\u0131n\u0131n yan\u0131 s\u0131ra egzersizlerin sonunda yer alan \u201cegzersiz g\u00fcncesi\u201d b\u00f6l\u00fcm\u00fc ile \u00f6\u011frencilerin \u00e7al\u0131\u015fmalar\u0131 s\u0131ras\u0131nda notlar almas\u0131na ve kendi geli\u015fimlerini takip etmesine olanak sa\u011flamaktad\u0131r. Bu \u00f6zelli\u011fi ile \u201cFl\u00fct G\u00fcncesi\u201d; \u00f6\u011frencilerin kendi \u00f6z denetimlerini yapabilmelerine ve \u00e7al\u0131\u015fma al\u0131\u015fkanl\u0131klar\u0131n\u0131 olu\u015fturabilmelerine yard\u0131mc\u0131 olmak i\u00e7in haz\u0131rlanan bir k\u0131lavuz kitap olma \u00f6zelli\u011fi de ta\u015f\u0131maktad\u0131r.<\/p>\n","protected":false},"excerpt":{"rendered":"<p>Fl\u00fct G\u00fcncesi; fl\u00fct e\u011fitimi alan \u00f6\u011frencilerin her g\u00fcn d\u00fczenli olarak \u00e7al\u0131\u015fmalar\u0131nda yer vermelerinin gerekli ve \u00f6nemli oldu\u011fu d\u00fc\u015f\u00fcn\u00fclen \u00f6zg\u00fcn yap\u0131da haz\u0131rlanm\u0131\u015f teknik \u00e7al\u0131\u015fmalar i\u00e7ermektedir. \u00dclkemizde fl\u00fct<span class=\"excerpt-hellip\"> [\u2026]<\/span><\/p>\n","protected":false},"featured_media":0,"template":"","meta":{"_monsterinsights_skip_tracking":false,"_monsterinsights_sitenote_active":false,"_monsterinsights_sitenote_note":"","_monsterinsights_sitenote_category":0},"product_brand":[],"product_cat":[14556,20810],"product_tag":[],"class_list":{"0":"post-728088","1":"product","2":"type-product","3":"status-publish","5":"product_cat-muzik","6":"product_cat-ogrenim-kitaplari","7":"pa_cilt-ciltsiz","8":"pa_tur-kitap","9":"pa_yayinevi-egiten-kitap","10":"pa_yazar-gulce-coskun-senturk","12":"first","13":"instock","14":"sale","15":"shipping-taxable","16":"purchasable","17":"product-type-simple"},"_links":{"self":[{"href":"https:\/\/roveyayinevi.com.tr\/index.php\/wp-json\/wp\/v2\/product\/728088","targetHints":{"allow":["GET"]}}],"collection":[{"href":"https:\/\/roveyayinevi.com.tr\/index.php\/wp-json\/wp\/v2\/product"}],"about":[{"href":"https:\/\/roveyayinevi.com.tr\/index.php\/wp-json\/wp\/v2\/types\/product"}],"wp:attachment":[{"href":"https:\/\/roveyayinevi.com.tr\/index.php\/wp-json\/wp\/v2\/media?parent=728088"}],"wp:term":[{"taxonomy":"product_brand","embeddable":true,"href":"https:\/\/roveyayinevi.com.tr\/index.php\/wp-json\/wp\/v2\/product_brand?post=728088"},{"taxonomy":"product_cat","embeddable":true,"href":"https:\/\/roveyayinevi.com.tr\/index.php\/wp-json\/wp\/v2\/product_cat?post=728088"},{"taxonomy":"product_tag","embeddable":true,"href":"https:\/\/roveyayinevi.com.tr\/index.php\/wp-json\/wp\/v2\/product_tag?post=728088"}],"curies":[{"name":"wp","href":"https:\/\/api.w.org\/{rel}","templated":true}]}}