{"id":728087,"date":"2025-08-27T20:33:42","date_gmt":"2025-08-27T17:33:42","guid":{"rendered":"https:\/\/roveyayinevi.com.tr\/index.php\/urun\/egitimde-arastirma-yontemleri\/"},"modified":"2026-04-16T02:35:52","modified_gmt":"2026-04-15T23:35:52","slug":"egitimde-arastirma-yontemleri","status":"publish","type":"product","link":"https:\/\/roveyayinevi.com.tr\/index.php\/urun\/egitimde-arastirma-yontemleri\/","title":{"rendered":"E\u011fitimde Ara\u015ft\u0131rma Y\u00f6ntemleri"},"content":{"rendered":"<p>Bu kitapta, ara\u015ft\u0131rmaya ili\u015fkin temel kavramlar, ara\u015ft\u0131rma probleminin tan\u0131mlanmas\u0131, ara\u015ft\u0131rma y\u00f6nteminin belirlenmesi, nitel ve nicel ara\u015ft\u0131rma y\u00f6ntemleri, ara\u015ft\u0131rman\u0131n \u00f6rnekleminin belirlenmesi, veri toplama ara\u00e7lar\u0131, ara\u015ft\u0131rmalarda ge\u00e7erlik ve g\u00fcvenirlik konusu, nicel ve nitel veri analizleri, nitel veri analiz program\u0131 MaxQda, kaynak tarama, al\u0131nt\u0131 yapma ve kaynak g\u00f6sterme, ara\u015ft\u0131rma raporunun haz\u0131rlanmas\u0131, bilimsel ara\u015ft\u0131rma ve yay\u0131n eti\u011fi, eylem ara\u015ft\u0131rmas\u0131 ve ara\u015ft\u0131rmac\u0131 olarak \u00f6\u011fretmen b\u00f6l\u00fcmleri bulunmaktad\u0131r. Elinizdeki bu kitap ba\u015fta siz \u00f6\u011fretmen adaylar\u0131 -ya da t\u00fcm lisans \u00f6\u011frencileri- ve lisans\u00fcst\u00fc d\u00fczeyde e\u011fitim g\u00f6ren \u00f6\u011frenciler i\u00e7in temel bir kaynak olma \u00f6zelli\u011fine de sahiptir. Ayn\u0131 zamanda, ara\u015ft\u0131rma yapman\u0131n ne kadar \u00f6nemli oldu\u011funu ve ara\u015ft\u0131rma s\u00fcrecini olduk\u00e7a detayl\u0131 bir \u015fekilde anlatan ve yol g\u00f6steren bir rehber olma \u00f6zelli\u011fi de ta\u015f\u0131maktad\u0131r. Veri analiz y\u00f6ntemlerinin de olduk\u00e7a detayl\u0131 anlat\u0131lmas\u0131 ve kitapta kullan\u0131lan dil size rehber olmaya hizmet etmektedir.<\/p>\n","protected":false},"excerpt":{"rendered":"<p>Bu kitapta, ara\u015ft\u0131rmaya ili\u015fkin temel kavramlar, ara\u015ft\u0131rma probleminin tan\u0131mlanmas\u0131, ara\u015ft\u0131rma y\u00f6nteminin belirlenmesi, nitel ve nicel ara\u015ft\u0131rma y\u00f6ntemleri, ara\u015ft\u0131rman\u0131n \u00f6rnekleminin belirlenmesi, veri toplama ara\u00e7lar\u0131, ara\u015ft\u0131rmalarda ge\u00e7erlik ve<span class=\"excerpt-hellip\"> [\u2026]<\/span><\/p>\n","protected":false},"featured_media":0,"template":"","meta":{"_monsterinsights_skip_tracking":false,"_monsterinsights_sitenote_active":false,"_monsterinsights_sitenote_note":"","_monsterinsights_sitenote_category":0},"product_brand":[],"product_cat":[12573,12566],"product_tag":[],"class_list":{"0":"post-728087","1":"product","2":"type-product","3":"status-publish","5":"product_cat-akademik-kitaplar","6":"product_cat-egitim","7":"pa_cilt-ciltsiz","8":"pa_tur-kitap","9":"pa_yayinevi-egiten-kitap","10":"pa_yazar-egiten-kitap-kolektif","12":"first","13":"instock","14":"sale","15":"shipping-taxable","16":"purchasable","17":"product-type-simple"},"_links":{"self":[{"href":"https:\/\/roveyayinevi.com.tr\/index.php\/wp-json\/wp\/v2\/product\/728087","targetHints":{"allow":["GET"]}}],"collection":[{"href":"https:\/\/roveyayinevi.com.tr\/index.php\/wp-json\/wp\/v2\/product"}],"about":[{"href":"https:\/\/roveyayinevi.com.tr\/index.php\/wp-json\/wp\/v2\/types\/product"}],"wp:attachment":[{"href":"https:\/\/roveyayinevi.com.tr\/index.php\/wp-json\/wp\/v2\/media?parent=728087"}],"wp:term":[{"taxonomy":"product_brand","embeddable":true,"href":"https:\/\/roveyayinevi.com.tr\/index.php\/wp-json\/wp\/v2\/product_brand?post=728087"},{"taxonomy":"product_cat","embeddable":true,"href":"https:\/\/roveyayinevi.com.tr\/index.php\/wp-json\/wp\/v2\/product_cat?post=728087"},{"taxonomy":"product_tag","embeddable":true,"href":"https:\/\/roveyayinevi.com.tr\/index.php\/wp-json\/wp\/v2\/product_tag?post=728087"}],"curies":[{"name":"wp","href":"https:\/\/api.w.org\/{rel}","templated":true}]}}