{"id":728086,"date":"2025-08-27T20:33:41","date_gmt":"2025-08-27T17:33:41","guid":{"rendered":"https:\/\/roveyayinevi.com.tr\/index.php\/urun\/mimli-sozluk\/"},"modified":"2026-04-16T02:35:52","modified_gmt":"2026-04-15T23:35:52","slug":"mimli-sozluk","status":"publish","type":"product","link":"https:\/\/roveyayinevi.com.tr\/index.php\/urun\/mimli-sozluk\/","title":{"rendered":"Mimli  S\u00f6zl\u00fck"},"content":{"rendered":"<p>Osmanl\u0131\u2019n\u0131n son d\u00f6nem devlet adamlar\u0131ndan Ahmet Vefik Pa\u015fa\u2019ya Bursa\u2019da vali iken, \u201c\u0130yi bir devlet adam\u0131 nas\u0131l olmal\u0131d\u0131r?\u201d diye sorarlar. Devlet adaml\u0131\u011f\u0131 ve diplomatl\u0131\u011f\u0131n\u0131n yan\u0131 s\u0131ra iyi bir \u00e7evirmen, tarih\u00e7i ve yazar olup n\u00fcktedanl\u0131\u011f\u0131yla da bilinen Pa\u015fa, \u201cmim\u201d harfinden; muteber, mutedil, mutena, muvaffak, muvakkit, muzaffer, m\u00fcceddid, m\u00fcdebbir, m\u00fcfekkir, m\u00fckrim, m\u00fcltefit, m\u00fcmeyyiz, m\u00fcnevver, m\u00fcmtaz vb. baz\u0131 kelimeleri s\u0131ralayarak cevap verir. Nihat G\u00fcl elinizdeki eserde, d\u00fcnden bug\u00fcne kadar hep bir \u015fekilde konu\u015fulan ama bir kitap b\u00fct\u00fcnl\u00fc\u011f\u00fcne kavu\u015fturulamayan bir i\u015fi \u00fcstleniyor. Lider, y\u00f6netici, devlet adam\u0131, siyaset\u00e7i, \u00e2mir\u2026 konumundaki insanlarda olmas\u0131 veya olmamas\u0131 gereken nitelikleri \u201cmim\u201d harfinden derledi\u011fi kelimelerle a\u00e7\u0131kl\u0131yor. Mizah ile n\u00fckte, hik\u00e2ye ile ibret, d\u00fc\u015f\u00fcnce ile ya\u015fam incelikleri i\u00e7 i\u00e7e ge\u00e7iyor. <\/p>\n","protected":false},"excerpt":{"rendered":"<p>Osmanl\u0131\u2019n\u0131n son d\u00f6nem devlet adamlar\u0131ndan Ahmet Vefik Pa\u015fa\u2019ya Bursa\u2019da vali iken, \u201c\u0130yi bir devlet adam\u0131 nas\u0131l olmal\u0131d\u0131r?\u201d diye sorarlar. Devlet adaml\u0131\u011f\u0131 ve diplomatl\u0131\u011f\u0131n\u0131n yan\u0131 s\u0131ra iyi<span class=\"excerpt-hellip\"> [\u2026]<\/span><\/p>\n","protected":false},"featured_media":0,"template":"","meta":{"_monsterinsights_skip_tracking":false,"_monsterinsights_sitenote_active":false,"_monsterinsights_sitenote_note":"","_monsterinsights_sitenote_category":0},"product_brand":[],"product_cat":[13043,19008],"product_tag":[],"class_list":{"0":"post-728086","1":"product","2":"type-product","3":"status-publish","5":"product_cat-ekonomi","6":"product_cat-yonetim","7":"pa_cilt-ciltsiz","8":"pa_tur-kitap","9":"pa_yayinevi-kapi-yayinlari","10":"pa_yazar-nihat-gul","12":"first","13":"instock","14":"sale","15":"shipping-taxable","16":"purchasable","17":"product-type-simple"},"_links":{"self":[{"href":"https:\/\/roveyayinevi.com.tr\/index.php\/wp-json\/wp\/v2\/product\/728086","targetHints":{"allow":["GET"]}}],"collection":[{"href":"https:\/\/roveyayinevi.com.tr\/index.php\/wp-json\/wp\/v2\/product"}],"about":[{"href":"https:\/\/roveyayinevi.com.tr\/index.php\/wp-json\/wp\/v2\/types\/product"}],"wp:attachment":[{"href":"https:\/\/roveyayinevi.com.tr\/index.php\/wp-json\/wp\/v2\/media?parent=728086"}],"wp:term":[{"taxonomy":"product_brand","embeddable":true,"href":"https:\/\/roveyayinevi.com.tr\/index.php\/wp-json\/wp\/v2\/product_brand?post=728086"},{"taxonomy":"product_cat","embeddable":true,"href":"https:\/\/roveyayinevi.com.tr\/index.php\/wp-json\/wp\/v2\/product_cat?post=728086"},{"taxonomy":"product_tag","embeddable":true,"href":"https:\/\/roveyayinevi.com.tr\/index.php\/wp-json\/wp\/v2\/product_tag?post=728086"}],"curies":[{"name":"wp","href":"https:\/\/api.w.org\/{rel}","templated":true}]}}