{"id":728083,"date":"2025-08-27T20:33:39","date_gmt":"2025-08-27T17:33:39","guid":{"rendered":"https:\/\/roveyayinevi.com.tr\/index.php\/urun\/uluslararasi-guvenlikte-arktika-bolgesi\/"},"modified":"2026-04-16T02:35:52","modified_gmt":"2026-04-15T23:35:52","slug":"uluslararasi-guvenlikte-arktika-bolgesi","status":"publish","type":"product","link":"https:\/\/roveyayinevi.com.tr\/index.php\/urun\/uluslararasi-guvenlikte-arktika-bolgesi\/","title":{"rendered":"Uluslararas\u0131 G\u00fcvenlikte Arktika B\u00f6lgesi"},"content":{"rendered":"<p>\u00dclkelerin co\u011frafyalar\u0131 sabit kalsa da mevcut alan\u0131n jeopolitik \u00f6neminin de\u011fi\u015febildi\u011fini s\u00f6ylemek, genellikle \u0130bn-i Haldun\u2019a atfedilen &#8220;co\u011frafya kaderdir\u201d s\u00f6z\u00fcnden hareketle, do\u011fru bir telaffuz olacakt\u0131r. \u00d6nemsiz gibi g\u00f6r\u00fcnen b\u00f6lgelerin iklim de\u011fi\u015fikli\u011fi, k\u00fcresel \u0131s\u0131tma ve buzullar\u0131n erimesi gibi farkl\u0131 nedenlerle stratejik bir konuma gelebildi\u011fi g\u00f6r\u00fclm\u00fc\u015ft\u00fcr. G\u00fcn\u00fcm\u00fczde ise jeopolitik \u00f6nemi en \u00e7ok artan b\u00f6lge Arktika B\u00f6lgesi\u2019dir (Rusya, ABD, Kanada, Norve\u00e7 ve Danimarka). Gerek sahip oldu\u011fu daha k\u0131sa deniz ticareti yollar\u0131 gerekse varl\u0131\u011f\u0131 ispat edilen maden ve hidrokarbon enerji kaynaklar\u0131yla b\u00f6lgesel ve k\u00fcresel g\u00fc\u00e7lerin rekabet alan\u0131na d\u00f6n\u00fc\u015fen Arktika B\u00f6lgesi, \u00fclkemizde hemen hemen ilgi g\u00f6rmeyen alanlar\u0131n ba\u015f\u0131nda gelmektedir. Bu \u00e7er\u00e7evede bu kitap, Arktika B\u00f6lgesi\u2019nin sahip oldu\u011fu potansiyel kaynak zenginli\u011fi ile bir yandan ilgili devletler i\u00e7in rekabet unsuru olu\u015fturdu\u011funu, di\u011fer yandan b\u00f6lgesel ve k\u00fcresel a\u00e7\u0131dan uluslararas\u0131 sistemde g\u00fcvensizlik ortam\u0131 yaratt\u0131\u011f\u0131n\u0131 \u00f6ne s\u00fcrmektedir. Okuyan\u0131n bir daha okuyaca\u011f\u0131,  alana ilgi duyanlar\u0131n ba\u015fucu kitab\u0131 yapacaklar\u0131 bu \u00e7al\u0131\u015fma, T\u00fcrk yaz\u0131n hayat\u0131na hay\u0131rl\u0131 olsun. Dr. \u00d6\u011fr. \u00dcyesi Serdar Y\u0131lmaz Mu\u011fla S\u0131tk\u0131 Ko\u00e7man \u00dcniversitesi Siyaset Bilimi ve Uluslararas\u0131 \u0130li\u015fkiler B\u00f6l\u00fcm\u00fc<\/p>\n","protected":false},"excerpt":{"rendered":"<p>\u00dclkelerin co\u011frafyalar\u0131 sabit kalsa da mevcut alan\u0131n jeopolitik \u00f6neminin de\u011fi\u015febildi\u011fini s\u00f6ylemek, genellikle \u0130bn-i Haldun\u2019a atfedilen &#8220;co\u011frafya kaderdir\u201d s\u00f6z\u00fcnden hareketle, do\u011fru bir telaffuz olacakt\u0131r. \u00d6nemsiz gibi g\u00f6r\u00fcnen<span class=\"excerpt-hellip\"> [\u2026]<\/span><\/p>\n","protected":false},"featured_media":0,"template":"","meta":{"_monsterinsights_skip_tracking":false,"_monsterinsights_sitenote_active":false,"_monsterinsights_sitenote_note":"","_monsterinsights_sitenote_category":0},"product_brand":[],"product_cat":[12337,17225],"product_tag":[],"class_list":{"0":"post-728083","1":"product","2":"type-product","3":"status-publish","5":"product_cat-politika-siyaset","6":"product_cat-uluslararasi-iliskiler","7":"pa_cilt-ciltsiz","8":"pa_tur-kitap","9":"pa_yayinevi-astana-yayinlari","10":"pa_yazar-aslihan-genc","12":"first","13":"instock","14":"sale","15":"shipping-taxable","16":"purchasable","17":"product-type-simple"},"_links":{"self":[{"href":"https:\/\/roveyayinevi.com.tr\/index.php\/wp-json\/wp\/v2\/product\/728083","targetHints":{"allow":["GET"]}}],"collection":[{"href":"https:\/\/roveyayinevi.com.tr\/index.php\/wp-json\/wp\/v2\/product"}],"about":[{"href":"https:\/\/roveyayinevi.com.tr\/index.php\/wp-json\/wp\/v2\/types\/product"}],"wp:attachment":[{"href":"https:\/\/roveyayinevi.com.tr\/index.php\/wp-json\/wp\/v2\/media?parent=728083"}],"wp:term":[{"taxonomy":"product_brand","embeddable":true,"href":"https:\/\/roveyayinevi.com.tr\/index.php\/wp-json\/wp\/v2\/product_brand?post=728083"},{"taxonomy":"product_cat","embeddable":true,"href":"https:\/\/roveyayinevi.com.tr\/index.php\/wp-json\/wp\/v2\/product_cat?post=728083"},{"taxonomy":"product_tag","embeddable":true,"href":"https:\/\/roveyayinevi.com.tr\/index.php\/wp-json\/wp\/v2\/product_tag?post=728083"}],"curies":[{"name":"wp","href":"https:\/\/api.w.org\/{rel}","templated":true}]}}