{"id":728082,"date":"2025-08-27T20:33:38","date_gmt":"2025-08-27T17:33:38","guid":{"rendered":"https:\/\/roveyayinevi.com.tr\/index.php\/urun\/erzurumlu-ismail-hakki-ve-kitab-i-gevheriyyesi\/"},"modified":"2026-04-16T02:35:52","modified_gmt":"2026-04-15T23:35:52","slug":"erzurumlu-ismail-hakki-ve-kitab-i-gevheriyyesi","status":"publish","type":"product","link":"https:\/\/roveyayinevi.com.tr\/index.php\/urun\/erzurumlu-ismail-hakki-ve-kitab-i-gevheriyyesi\/","title":{"rendered":"Erzurumlu \u0130smail Hakk\u0131 ve Kitab-\u0131 Gevheriyye\u2019si"},"content":{"rendered":"<p>Hz. Peygamber\u2019i (s.a.v.)konu edinen eserler hemen herd\u00f6nemde merakla okunmu\u015f ve bu eserlere ciddi bir tevecc\u00fchg\u00f6sterilmi\u015ftir. O\u2019nun \u00f6rnek hayat\u0131n\u0131 anlatan eserlerin ba\u015f\u0131nda\u015f\u00fcphesiz Yaz\u0131c\u0131o\u011flu Mehmed\u2019in yazd\u0131\u011f\u0131 Muhammediye gelmektedir.Halk\u0131n bir araya gelerek okudu\u011fu, hatta ezberledi\u011fiMuhammediye T\u00fcrk toplumunda Kur\u2019\u00e2n-\u0131 Ker\u00eem\u2019den sonraevlerde en fazla bulunan ve okunan kitap olmu\u015ftur. Bu durumneticesinde; m\u00fcellifler, hem topluma y\u00f6n vermek hem de Hz.Peygamber\u2019e yara\u015f\u0131r bir \u00fcmmet olmak ad\u0131na maharetlerini ortayakoyarak Muhammediye\u2019ye benzer eserler \u00fcretmi\u015flerdir. Erzurumlu\u0130smail Hakk\u0131 da, Hz. Peygamber\u2019in hayat\u0131ndan kesitler sunaraktoplumun i\u00e7inde bulundu\u011fu s\u0131k\u0131nt\u0131l\u0131 h\u00e2llere re\u00e7ete sunmak i\u00e7in,Muhammediye\u2019den etkilenerek Kit\u00e2b-\u0131 Gevheriyye adl\u0131 eseriniortaya koymu\u015ftur.Bu eser, Yaz\u0131c\u0131o\u011flu Mehmed\u2019in Muhammediye\u2019sindenesinlenilerek zor \u015fartlar alt\u0131nda, gece g\u00fcnd\u00fcz demeden yaln\u0131zcatopluma fayda sa\u011flamak gayesiyle yaz\u0131lan, i\u00e7eri\u011finde toplumunhemen her kesiminin kendisinden bir \u015feyler bulaca\u011f\u0131 bir rehberniteli\u011findedir.Dr. Yusuf ATASEVEN<\/p>\n","protected":false},"excerpt":{"rendered":"<p>Hz. Peygamber\u2019i (s.a.v.)konu edinen eserler hemen herd\u00f6nemde merakla okunmu\u015f ve bu eserlere ciddi bir tevecc\u00fchg\u00f6sterilmi\u015ftir. O\u2019nun \u00f6rnek hayat\u0131n\u0131 anlatan eserlerin ba\u015f\u0131nda\u015f\u00fcphesiz Yaz\u0131c\u0131o\u011flu Mehmed\u2019in yazd\u0131\u011f\u0131 Muhammediye gelmektedir.Halk\u0131n<span class=\"excerpt-hellip\"> [\u2026]<\/span><\/p>\n","protected":false},"featured_media":0,"template":"","meta":{"_monsterinsights_skip_tracking":false,"_monsterinsights_sitenote_active":false,"_monsterinsights_sitenote_note":"","_monsterinsights_sitenote_category":0},"product_brand":[],"product_cat":[18094,12718,12719],"product_tag":[],"class_list":{"0":"post-728082","1":"product","2":"type-product","3":"status-publish","5":"product_cat-biyografi-otobiyografi-islam","6":"product_cat-din","7":"product_cat-islam","8":"pa_cilt-ciltsiz","9":"pa_tur-kitap","10":"pa_yayinevi-astana-yayinlari","11":"pa_yazar-yusuf-ataseven","13":"first","14":"instock","15":"sale","16":"shipping-taxable","17":"purchasable","18":"product-type-simple"},"_links":{"self":[{"href":"https:\/\/roveyayinevi.com.tr\/index.php\/wp-json\/wp\/v2\/product\/728082","targetHints":{"allow":["GET"]}}],"collection":[{"href":"https:\/\/roveyayinevi.com.tr\/index.php\/wp-json\/wp\/v2\/product"}],"about":[{"href":"https:\/\/roveyayinevi.com.tr\/index.php\/wp-json\/wp\/v2\/types\/product"}],"wp:attachment":[{"href":"https:\/\/roveyayinevi.com.tr\/index.php\/wp-json\/wp\/v2\/media?parent=728082"}],"wp:term":[{"taxonomy":"product_brand","embeddable":true,"href":"https:\/\/roveyayinevi.com.tr\/index.php\/wp-json\/wp\/v2\/product_brand?post=728082"},{"taxonomy":"product_cat","embeddable":true,"href":"https:\/\/roveyayinevi.com.tr\/index.php\/wp-json\/wp\/v2\/product_cat?post=728082"},{"taxonomy":"product_tag","embeddable":true,"href":"https:\/\/roveyayinevi.com.tr\/index.php\/wp-json\/wp\/v2\/product_tag?post=728082"}],"curies":[{"name":"wp","href":"https:\/\/api.w.org\/{rel}","templated":true}]}}