{"id":728081,"date":"2025-08-27T20:33:37","date_gmt":"2025-08-27T17:33:37","guid":{"rendered":"https:\/\/roveyayinevi.com.tr\/index.php\/urun\/yabanci-devletlerin-savciligi\/"},"modified":"2026-04-16T02:35:52","modified_gmt":"2026-04-15T23:35:52","slug":"yabanci-devletlerin-savciligi","status":"publish","type":"product","link":"https:\/\/roveyayinevi.com.tr\/index.php\/urun\/yabanci-devletlerin-savciligi\/","title":{"rendered":"Yabanc\u0131 Devletlerin Savc\u0131l\u0131\u011f\u0131"},"content":{"rendered":"<p>Yabanc\u0131 devletlerin t\u00fcm savc\u0131lar\u0131, savc\u0131lar\u0131n yasall\u0131\u011f\u0131, tarafs\u0131zl\u0131\u011f\u0131, tarafs\u0131zl\u0131\u011f\u0131 ve ba\u011f\u0131ms\u0131zl\u0131\u011f\u0131 ilkelerinin uygulanmas\u0131 temelinde vatanda\u015flar\u0131n haklar\u0131n\u0131 ve \u00e7\u0131karlar\u0131n\u0131 korumay\u0131 ama\u00e7lamaktad\u0131r. Vatanda\u015flar\u0131n hak ve \u00f6zg\u00fcrl\u00fcklerini koruma g\u00f6revini \u00e7\u00f6zerek, savc\u0131l\u0131k, yasalara ayk\u0131r\u0131 olmayan ihlallerine kar\u015f\u0131 \u00f6zel \u00f6nlemleri ba\u011f\u0131ms\u0131z olarak belirler. Yabanc\u0131 devletlerin savc\u0131l\u0131\u011f\u0131n\u0131n yap\u0131s\u0131n bilmek sadece bug\u00fcn tecr\u00fcbeden ge\u00e7ecek hukuk\u00e7ular ufkunu geni\u015fletmek i\u00e7in gerekli de\u011fil. Haz\u0131rlanacak kanun projeleri, onun i\u00e7inde savc\u0131l\u0131k meseleleri \u00fczerine uluslararas\u0131 belgeler ve yabanc\u0131 devletlerin yasal eylemleri ilgili h\u00fck\u00fcmler ile kar\u015f\u0131la\u015ft\u0131r\u0131ld\u0131\u011f\u0131nda di\u011fer \u00fclkelerin deneyimi \u00f6nemlidir. <\/p>\n","protected":false},"excerpt":{"rendered":"<p>Yabanc\u0131 devletlerin t\u00fcm savc\u0131lar\u0131, savc\u0131lar\u0131n yasall\u0131\u011f\u0131, tarafs\u0131zl\u0131\u011f\u0131, tarafs\u0131zl\u0131\u011f\u0131 ve ba\u011f\u0131ms\u0131zl\u0131\u011f\u0131 ilkelerinin uygulanmas\u0131 temelinde vatanda\u015flar\u0131n haklar\u0131n\u0131 ve \u00e7\u0131karlar\u0131n\u0131 korumay\u0131 ama\u00e7lamaktad\u0131r. Vatanda\u015flar\u0131n hak ve \u00f6zg\u00fcrl\u00fcklerini koruma g\u00f6revini \u00e7\u00f6zerek,<span class=\"excerpt-hellip\"> [\u2026]<\/span><\/p>\n","protected":false},"featured_media":0,"template":"","meta":{"_monsterinsights_skip_tracking":false,"_monsterinsights_sitenote_active":false,"_monsterinsights_sitenote_note":"","_monsterinsights_sitenote_category":0},"product_brand":[],"product_cat":[15350,17602],"product_tag":[],"class_list":{"0":"post-728081","1":"product","2":"type-product","3":"status-publish","5":"product_cat-hukuk","6":"product_cat-hukuk-uzerine","7":"pa_cilt-ciltsiz","8":"pa_tur-kitap","9":"pa_yayinevi-gulnar-yayinlari","10":"pa_yazar-kairat-adilhanovic-bekov","12":"first","13":"instock","14":"sale","15":"shipping-taxable","16":"purchasable","17":"product-type-simple"},"_links":{"self":[{"href":"https:\/\/roveyayinevi.com.tr\/index.php\/wp-json\/wp\/v2\/product\/728081","targetHints":{"allow":["GET"]}}],"collection":[{"href":"https:\/\/roveyayinevi.com.tr\/index.php\/wp-json\/wp\/v2\/product"}],"about":[{"href":"https:\/\/roveyayinevi.com.tr\/index.php\/wp-json\/wp\/v2\/types\/product"}],"wp:attachment":[{"href":"https:\/\/roveyayinevi.com.tr\/index.php\/wp-json\/wp\/v2\/media?parent=728081"}],"wp:term":[{"taxonomy":"product_brand","embeddable":true,"href":"https:\/\/roveyayinevi.com.tr\/index.php\/wp-json\/wp\/v2\/product_brand?post=728081"},{"taxonomy":"product_cat","embeddable":true,"href":"https:\/\/roveyayinevi.com.tr\/index.php\/wp-json\/wp\/v2\/product_cat?post=728081"},{"taxonomy":"product_tag","embeddable":true,"href":"https:\/\/roveyayinevi.com.tr\/index.php\/wp-json\/wp\/v2\/product_tag?post=728081"}],"curies":[{"name":"wp","href":"https:\/\/api.w.org\/{rel}","templated":true}]}}