{"id":728080,"date":"2025-08-27T20:33:37","date_gmt":"2025-08-27T17:33:37","guid":{"rendered":"https:\/\/roveyayinevi.com.tr\/index.php\/urun\/nereye-gocuyoruz\/"},"modified":"2026-04-15T02:46:53","modified_gmt":"2026-04-14T23:46:53","slug":"nereye-gocuyoruz","status":"publish","type":"product","link":"https:\/\/roveyayinevi.com.tr\/index.php\/urun\/nereye-gocuyoruz\/","title":{"rendered":"Nereye G\u00f6\u00e7\u00fcyoruz ?"},"content":{"rendered":"<p>Bu kitap\u00e7\u0131\u011f\u0131 y\u0131llar \u00f6nce ele ald\u0131\u011f\u0131mda, \u201cNereye Gidiyoruz?\u201d  adl\u0131 bir kitaptan etkilendi\u011fimi itiraf etmek istiyorum.  Ger\u00e7i o kitap tamamen din felsefesi \u00fczerinden konuyu a\u00e7\u0131klamaktayd\u0131 ve yine o g\u00fczel kitap\u00e7\u0131k da okuyan\u0131 s\u0131kmayacak \u015fekilde, az ve \u00f6z sayfalardan olu\u015fmaktayd\u0131. Buradan yola \u00e7\u0131karak, hemen notlar\u0131m\u0131 ald\u0131m ve \u015fimdiki kitap\u00e7\u0131\u011f\u0131m\u0131n ilk ad\u0131n\u0131 belirlemi\u015f oldum; \u201cNereye U\u00e7uyoruz?\u201d Ama sonra,  buradaki \u201cu\u00e7uyoruz\u201d ifadesinin \u00e7ok teknik ve s\u0131n\u0131rl\u0131 bir kelime olarak kald\u0131\u011f\u0131n\u0131 d\u00fc\u015f\u00fcnerek, biraz da sosyal y\u00f6nleri devreye sokabilmek i\u00e7in, \u201cNereye G\u00f6\u00e7\u00fcyoruz?\u201d olarak de\u011fi\u015ftirmi\u015f oldum. \u00c7\u00fcnk\u00fc \u201cg\u00f6\u00e7mek\u201d kelimesi bir\u00e7ok felsefik anlamlar\u0131 da i\u00e7ermektedir ve yine bizleri uzay\u0131n sonsuz derinliklerine kadar g\u00f6t\u00fcrebilmektedir\u2026 S\u0131k\u0131lmadan da okuyaca\u011f\u0131n\u0131z\u0131 \u00fcmit ediyorum\u2026 <\/p>\n","protected":false},"excerpt":{"rendered":"<p>Bu kitap\u00e7\u0131\u011f\u0131 y\u0131llar \u00f6nce ele ald\u0131\u011f\u0131mda, \u201cNereye Gidiyoruz?\u201d adl\u0131 bir kitaptan etkilendi\u011fimi itiraf etmek istiyorum. Ger\u00e7i o kitap tamamen din felsefesi \u00fczerinden konuyu a\u00e7\u0131klamaktayd\u0131 ve yine<span class=\"excerpt-hellip\"> [\u2026]<\/span><\/p>\n","protected":false},"featured_media":0,"template":"","meta":{"_monsterinsights_skip_tracking":false,"_monsterinsights_sitenote_active":false,"_monsterinsights_sitenote_note":"","_monsterinsights_sitenote_category":0},"product_brand":[],"product_cat":[12364,12376],"product_tag":[],"class_list":{"0":"post-728080","1":"product","2":"type-product","3":"status-publish","5":"product_cat-genel-konular","6":"product_cat-kisisel-gelisim","7":"pa_cilt-ciltsiz","8":"pa_tur-kitap","9":"pa_yayinevi-gulnar-yayinlari","10":"pa_yazar-sedat-sadioglu","12":"first","13":"instock","14":"sale","15":"shipping-taxable","16":"purchasable","17":"product-type-simple"},"_links":{"self":[{"href":"https:\/\/roveyayinevi.com.tr\/index.php\/wp-json\/wp\/v2\/product\/728080","targetHints":{"allow":["GET"]}}],"collection":[{"href":"https:\/\/roveyayinevi.com.tr\/index.php\/wp-json\/wp\/v2\/product"}],"about":[{"href":"https:\/\/roveyayinevi.com.tr\/index.php\/wp-json\/wp\/v2\/types\/product"}],"wp:attachment":[{"href":"https:\/\/roveyayinevi.com.tr\/index.php\/wp-json\/wp\/v2\/media?parent=728080"}],"wp:term":[{"taxonomy":"product_brand","embeddable":true,"href":"https:\/\/roveyayinevi.com.tr\/index.php\/wp-json\/wp\/v2\/product_brand?post=728080"},{"taxonomy":"product_cat","embeddable":true,"href":"https:\/\/roveyayinevi.com.tr\/index.php\/wp-json\/wp\/v2\/product_cat?post=728080"},{"taxonomy":"product_tag","embeddable":true,"href":"https:\/\/roveyayinevi.com.tr\/index.php\/wp-json\/wp\/v2\/product_tag?post=728080"}],"curies":[{"name":"wp","href":"https:\/\/api.w.org\/{rel}","templated":true}]}}