{"id":728075,"date":"2025-08-27T20:33:33","date_gmt":"2025-08-27T17:33:33","guid":{"rendered":"https:\/\/roveyayinevi.com.tr\/index.php\/urun\/yasamin-ikinci-yarisinda-anlam-arayisi\/"},"modified":"2026-04-16T02:35:52","modified_gmt":"2026-04-15T23:35:52","slug":"yasamin-ikinci-yarisinda-anlam-arayisi","status":"publish","type":"product","link":"https:\/\/roveyayinevi.com.tr\/index.php\/urun\/yasamin-ikinci-yarisinda-anlam-arayisi\/","title":{"rendered":"Ya\u015fam\u0131n \u0130kinci Yar\u0131s\u0131nda Anlam Aray\u0131\u015f\u0131"},"content":{"rendered":"<p>G\u00fcn\u00fcm\u00fcz d\u00fcnyas\u0131nda ger\u00e7ekten yeti\u015fkin olmak ne anlama gelir? \u0130yi bir i\u015f buldu\u011fumuzda, do\u011fru insanla evlenip \u00e7ocuklar\u0131m\u0131z oldu\u011funda ve nihayet bir ev sat\u0131n ald\u0131\u011f\u0131m\u0131zda, \u201cher \u015feyi halletmi\u015f\u201d oldu\u011fumuzu, hayat\u0131m\u0131z\u0131 oturttu\u011fumuzu varsayar\u0131z. Ne var ki, yeti\u015fkinlik hayat\u0131 \u00f6n\u00fcm\u00fcze beklenmedik g\u00fcndemler \u00e7\u0131kart\u0131r ve geleneksel roller aras\u0131nda arzu etti\u011fimiz dengeyi nadiren kurabiliriz. Genellikle k\u0131rkl\u0131 ya\u015flara geldi\u011fimizde, o g\u00fcne kadar yapt\u0131\u011f\u0131m\u0131z se\u00e7imleri sorgulamaya ba\u015flar, s\u0131n\u0131rlar\u0131m\u0131z\u0131n fark\u0131na var\u0131r ve \u00e7o\u011fu zaman kendimizi s\u0131k\u0131\u015fm\u0131\u015f hissederiz. \u201cOrta ya\u015f krizi\u201d diye bilinen tuza\u011f\u0131n kuca\u011f\u0131nday\u0131zd\u0131r. Ya\u015fad\u0131\u011f\u0131m\u0131z \u00e7alkant\u0131l\u0131 duygu de\u011fi\u015fimlerini, i\u00e7imizdeki hangi dinamikler haz\u0131rlam\u0131\u015ft\u0131r? Ger\u00e7ek benli\u011fimizi ortaya \u00e7\u0131karman\u0131n ve kabullenmenin yollar\u0131 nelerdir? Semboller, evrenle benli\u011fimizin gizli g\u00fcndemi aras\u0131nda nas\u0131l k\u00f6pr\u00fc i\u015flevi g\u00f6r\u00fcrler? G\u00fcn\u00fcm\u00fczde ba\u011f\u0131ml\u0131l\u0131klar\u0131n ve sapk\u0131nl\u0131klar\u0131n yayg\u0131nla\u015fmas\u0131n\u0131n sebepleri nelerdir? Ego neye hizmet eder ve ruhumuzun anlam aray\u0131\u015f\u0131nda nas\u0131l bir rol \u00fcstlenir? Pop\u00fcler k\u00fclt\u00fcr ruhumuzu ele ge\u00e7irmek i\u00e7in hangi ara\u00e7lar\u0131 kullan\u0131r ve bunlara kar\u015f\u0131 nas\u0131l fark\u0131ndal\u0131k kazan\u0131r\u0131z? Kendi sorumlulu\u011funu almak ne demektir?Jungcu psikanalist James Hollis, Ya\u015fam\u0131n \u0130kinci Yar\u0131s\u0131nda Anlam Aray\u0131\u015f\u0131\u2019nda, ancak orta ya\u015fla birlikte ger\u00e7ekten kim oldu\u011fumuzu bulabilece\u011fimizi ve anlaml\u0131 bir hayat yaratabilece\u011fimizi g\u00f6steriyor. Kariyerini art\u0131k tatmin edici bulmayanlara, evlilikleri veya uzun s\u00fcreli ili\u015fkileri y\u00f6n de\u011fi\u015ftirenlere, aile hayatlar\u0131nda ya\u015fl\u0131l\u0131k ve \u00f6l\u00fcme ba\u011fl\u0131 b\u00fcy\u00fck d\u00f6n\u00fc\u015f\u00fcmler ya\u015fayanlara \u015fefkatle seslenirken, bu zorluklarla ba\u015f etmelerini sa\u011flayacak \u00f6nemli bir bak\u0131\u015f a\u00e7\u0131s\u0131 ve g\u00fcven verici bir mesaj veriyor.<\/p>\n","protected":false},"excerpt":{"rendered":"<p>G\u00fcn\u00fcm\u00fcz d\u00fcnyas\u0131nda ger\u00e7ekten yeti\u015fkin olmak ne anlama gelir? \u0130yi bir i\u015f buldu\u011fumuzda, do\u011fru insanla evlenip \u00e7ocuklar\u0131m\u0131z oldu\u011funda ve nihayet bir ev sat\u0131n ald\u0131\u011f\u0131m\u0131zda, \u201cher \u015feyi halletmi\u015f\u201d<span class=\"excerpt-hellip\"> [\u2026]<\/span><\/p>\n","protected":false},"featured_media":0,"template":"","meta":{"_monsterinsights_skip_tracking":false,"_monsterinsights_sitenote_active":false,"_monsterinsights_sitenote_note":"","_monsterinsights_sitenote_category":0},"product_brand":[],"product_cat":[12364,12376],"product_tag":[],"class_list":{"0":"post-728075","1":"product","2":"type-product","3":"status-publish","5":"product_cat-genel-konular","6":"product_cat-kisisel-gelisim","7":"pa_cilt-ciltsiz","8":"pa_tur-kitap","9":"pa_yayinevi-iletisim-yayinlari","10":"pa_yazar-james-hollis","12":"first","13":"instock","14":"sale","15":"shipping-taxable","16":"purchasable","17":"product-type-simple"},"_links":{"self":[{"href":"https:\/\/roveyayinevi.com.tr\/index.php\/wp-json\/wp\/v2\/product\/728075","targetHints":{"allow":["GET"]}}],"collection":[{"href":"https:\/\/roveyayinevi.com.tr\/index.php\/wp-json\/wp\/v2\/product"}],"about":[{"href":"https:\/\/roveyayinevi.com.tr\/index.php\/wp-json\/wp\/v2\/types\/product"}],"wp:attachment":[{"href":"https:\/\/roveyayinevi.com.tr\/index.php\/wp-json\/wp\/v2\/media?parent=728075"}],"wp:term":[{"taxonomy":"product_brand","embeddable":true,"href":"https:\/\/roveyayinevi.com.tr\/index.php\/wp-json\/wp\/v2\/product_brand?post=728075"},{"taxonomy":"product_cat","embeddable":true,"href":"https:\/\/roveyayinevi.com.tr\/index.php\/wp-json\/wp\/v2\/product_cat?post=728075"},{"taxonomy":"product_tag","embeddable":true,"href":"https:\/\/roveyayinevi.com.tr\/index.php\/wp-json\/wp\/v2\/product_tag?post=728075"}],"curies":[{"name":"wp","href":"https:\/\/api.w.org\/{rel}","templated":true}]}}