{"id":728072,"date":"2025-08-27T20:33:30","date_gmt":"2025-08-27T17:33:30","guid":{"rendered":"https:\/\/roveyayinevi.com.tr\/index.php\/urun\/uluslararasi-iliskiler-etigi\/"},"modified":"2026-04-16T02:35:52","modified_gmt":"2026-04-15T23:35:52","slug":"uluslararasi-iliskiler-etigi","status":"publish","type":"product","link":"https:\/\/roveyayinevi.com.tr\/index.php\/urun\/uluslararasi-iliskiler-etigi\/","title":{"rendered":"Uluslararas\u0131 \u0130li\u015fkiler Eti\u011fi"},"content":{"rendered":"<p>Etik iyi ve k\u00f6t\u00fc, do\u011fru ve yanl\u0131\u015f, adalet ve adaletsizlik gibi kavramlar\u0131n tan\u0131m\u0131n\u0131 yapmaya, davran\u0131\u015flar\u0131m\u0131za y\u00f6n veren kurallar\u0131 ve normlar\u0131 belirlemeye \u00e7al\u0131\u015fan bir ara\u015ft\u0131rma alan\u0131d\u0131r. Uluslararas\u0131 ili\u015fkiler eti\u011fi ise esas olarak devletler aras\u0131ndaki davran\u0131\u015f normlar\u0131n\u0131 belirlemekle birlikte, uluslararas\u0131 boyutu olan her konunun etik boyutuyla ilgilidir. Buna insan haklar\u0131, kimlik, adalet, i\u015f eti\u011fi ve \u00e7evre gibi bir\u00e7ok konu dahildir. Sava\u015fa hepimiz kar\u015f\u0131y\u0131z, sava\u015f\u0131n iyisi k\u00f6t\u00fcs\u00fc olmaz. Fakat sava\u015f eti\u011fi, sava\u015f \u015fayet engellenemiyorsa, en az\u0131ndan sivillerin \u00f6ld\u00fcr\u00fclmemesi, hastanelerin bombalanmamas\u0131, sava\u015ftan sonra adil bir d\u00fczen tesis edilmesi gibi y\u00f6nlendirici temel ilkeler geli\u015ftirir. Bu nedenle etik kurallar bize ahlaki bir pusula sa\u011flarlar. Her durum i\u00e7in ge\u00e7erli evrensel kurallar geli\u015ftiremeyebiliriz ancak en az\u0131ndan belli durumlarda ne yapaca\u011f\u0131m\u0131za ili\u015fkin ahlaki bir yol haritas\u0131 geli\u015ftirilebilir.Etik ve ahlaki sorunlar uluslararas\u0131 ili\u015fkilerin hep ayr\u0131lmaz bir par\u00e7as\u0131 olmas\u0131na ra\u011fmen, bir ara\u015ft\u0131rma konusu olarak disiplinin kendi dinamikleri i\u00e7inde ikinci planda kalm\u0131\u015ft\u0131r. Etik konular \u00f6zellikle Uluslararas\u0131 \u0130li\u015fkiler\u2019in pozitivizm sonras\u0131 d\u00f6neminde pozitivizme y\u00f6neltilen ele\u015ftireler kapsam\u0131nda g\u00fcndeme gelmi\u015ftir. Son y\u0131llarda ise Uluslararas\u0131 \u0130li\u015fkiler teorisine y\u00f6nelik Bat\u0131-Merkezcilik ele\u015ftirisi, kom\u00fcniter de\u011ferlerin ve fikirlerin \u00f6nemi gibi yeni konular g\u00fcndeme getirmi\u015f etik davran\u0131\u015f\u0131n kapsam\u0131n\u0131 geni\u015fletmi\u015ftir. Bug\u00fcn g\u00fcndemde olan sorun acaba birbirinden \u00e7ok farkl\u0131 de\u011ferleri ortadan kald\u0131rmadan insanl\u0131\u011f\u0131n anla\u015fabilece\u011fi genel baz\u0131 kurallar geli\u015ftirilip geli\u015ftirilemeyece\u011fi sorunudur.<\/p>\n","protected":false},"excerpt":{"rendered":"<p>Etik iyi ve k\u00f6t\u00fc, do\u011fru ve yanl\u0131\u015f, adalet ve adaletsizlik gibi kavramlar\u0131n tan\u0131m\u0131n\u0131 yapmaya, davran\u0131\u015flar\u0131m\u0131za y\u00f6n veren kurallar\u0131 ve normlar\u0131 belirlemeye \u00e7al\u0131\u015fan bir ara\u015ft\u0131rma alan\u0131d\u0131r. Uluslararas\u0131<span class=\"excerpt-hellip\"> [\u2026]<\/span><\/p>\n","protected":false},"featured_media":0,"template":"","meta":{"_monsterinsights_skip_tracking":false,"_monsterinsights_sitenote_active":false,"_monsterinsights_sitenote_note":"","_monsterinsights_sitenote_category":0},"product_brand":[],"product_cat":[12337,14706],"product_tag":[],"class_list":{"0":"post-728072","1":"product","2":"type-product","3":"status-publish","5":"product_cat-politika-siyaset","6":"product_cat-siyaset-bilimi","7":"pa_cilt-ciltsiz","8":"pa_tur-kitap","9":"pa_yayinevi-nika-yayinevi","10":"pa_yazar-nika-yayinevi-kolektif","12":"first","13":"instock","14":"sale","15":"shipping-taxable","16":"purchasable","17":"product-type-simple"},"_links":{"self":[{"href":"https:\/\/roveyayinevi.com.tr\/index.php\/wp-json\/wp\/v2\/product\/728072","targetHints":{"allow":["GET"]}}],"collection":[{"href":"https:\/\/roveyayinevi.com.tr\/index.php\/wp-json\/wp\/v2\/product"}],"about":[{"href":"https:\/\/roveyayinevi.com.tr\/index.php\/wp-json\/wp\/v2\/types\/product"}],"wp:attachment":[{"href":"https:\/\/roveyayinevi.com.tr\/index.php\/wp-json\/wp\/v2\/media?parent=728072"}],"wp:term":[{"taxonomy":"product_brand","embeddable":true,"href":"https:\/\/roveyayinevi.com.tr\/index.php\/wp-json\/wp\/v2\/product_brand?post=728072"},{"taxonomy":"product_cat","embeddable":true,"href":"https:\/\/roveyayinevi.com.tr\/index.php\/wp-json\/wp\/v2\/product_cat?post=728072"},{"taxonomy":"product_tag","embeddable":true,"href":"https:\/\/roveyayinevi.com.tr\/index.php\/wp-json\/wp\/v2\/product_tag?post=728072"}],"curies":[{"name":"wp","href":"https:\/\/api.w.org\/{rel}","templated":true}]}}