{"id":728067,"date":"2025-08-27T20:33:27","date_gmt":"2025-08-27T17:33:27","guid":{"rendered":"https:\/\/roveyayinevi.com.tr\/index.php\/urun\/yasanmaz-bir-dunya\/"},"modified":"2026-04-16T02:35:52","modified_gmt":"2026-04-15T23:35:52","slug":"yasanmaz-bir-dunya","status":"publish","type":"product","link":"https:\/\/roveyayinevi.com.tr\/index.php\/urun\/yasanmaz-bir-dunya\/","title":{"rendered":"Ya\u015fanmaz Bir D\u00fcnya"},"content":{"rendered":"<p>Durum \u00e7ok k\u00f6tu\u0308, sand\u0131\u011f\u0131n\u0131zdan da beter. \u0130klim de\u011fi\u015fikli\u011finin yava\u015f ilerledi\u011fi hik\u00e2yesi bir peri masal\u0131, asl\u0131nda hi\u00e7 olmad\u0131\u011f\u0131n\u0131 anlatan masal kadar habis belki de. Ve e\u011fer siz sadece deniz seviyesinin yu\u0308kselmesinden endi\u015feleniyorsan\u0131z, buzda\u011f\u0131n\u0131n yaln\u0131zca ucunu g\u00f6ru\u0308yorsunuz demektir. Artan s\u0131cakl\u0131klar, k\u0131tl\u0131k, sel bask\u0131nlar\u0131, salg\u0131n hastal\u0131klar, ormans\u0131zla\u015fma, buzullar\u0131n erimesi, ekonomik gerileme ve bunlar\u0131n beraberinde getirece\u011fi y\u0131k\u0131m&#8230; \u0130\u015fte ba\u015f\u0131m\u0131za geleceklerin k\u0131sa bir \u00f6zeti. Ve hepsi de sand\u0131\u011f\u0131m\u0131zdan daha h\u0131zl\u0131 ger\u00e7ekle\u015fecek. E\u011fer milyarca insan\u0131n ya\u015fam \u015feklinde devrim niteli\u011finde bir de\u011fi\u015fiklik yapmazsak, i\u00e7inde bulundu\u011fumuz yu\u0308zy\u0131l\u0131n sonunda gezegenin \u00e7ok bu\u0308yu\u0308k bir kesimi ya\u015fanmaz hale gelecek, kalan\u0131nda ise ya\u015fam ko\u015fullar\u0131 olduk\u00e7a zorlay\u0131c\u0131 olacak. David Wallace-Wells, Guardian gazetesinin \u201c\u00e7a\u011f\u0131 tan\u0131mlayan kitap\u201d olarak niteledi\u011fi Ya\u015fanmaz Bir Du\u0308nya\u2019da son bilimsel \u00e7al\u0131\u015fmalardan faydalanarak bizleri yak\u0131n gelece\u011fimizle tan\u0131\u015ft\u0131r\u0131yor. O gelece\u011fin, i\u00e7inde ya\u015fayanlara nas\u0131l g\u00f6ru\u0308nece\u011fi \u2013\u0131s\u0131nman\u0131n ku\u0308resel politikay\u0131 nas\u0131l d\u00f6nu\u0308\u015ftu\u0308rece\u011fi, b\u00f6yle bir du\u0308nyada teknolojinin ve do\u011fan\u0131n ne anlama gelece\u011fi, kapitalizmin su\u0308rdu\u0308ru\u0308lebilirli\u011fi ve insan\u0131n ilerleyi\u015finin tuttu\u011fu yol\u2013 u\u0308zerine kafa yoruyor. Ya\u015fanmaz Bir Du\u0308nya ayn\u0131 zamanda bir harekete ge\u00e7me \u00e7a\u011fr\u0131s\u0131. Du\u0308nya tarihi boyunca sal\u0131nm\u0131\u015f toplam karbon miktar\u0131n\u0131n yar\u0131s\u0131ndan fazlas\u0131n\u0131 son otuz y\u0131lda atmosfere b\u0131rakt\u0131\u011f\u0131m\u0131z\u0131 du\u0308\u015fu\u0308nu\u0308rsek, sadece bir ku\u015fak i\u00e7inde gezegeni bu hale getirmi\u015fiz demektir. Ve tu\u0308m bu felaketleri \u00f6nleme sorumlulu\u011fu yine tek bir ku\u015fa\u011f\u0131n omuzlar\u0131nda. O ku\u015fak, bizim ku\u015fa\u011f\u0131m\u0131z. &#8220;\u00c7a\u011f\u0131 tan\u0131mlayan kitap.\u201d Matt Haig, Guardian<\/p>\n","protected":false},"excerpt":{"rendered":"<p>Durum \u00e7ok k\u00f6tu\u0308, sand\u0131\u011f\u0131n\u0131zdan da beter. \u0130klim de\u011fi\u015fikli\u011finin yava\u015f ilerledi\u011fi hik\u00e2yesi bir peri masal\u0131, asl\u0131nda hi\u00e7 olmad\u0131\u011f\u0131n\u0131 anlatan masal kadar habis belki de. Ve e\u011fer siz<span class=\"excerpt-hellip\"> [\u2026]<\/span><\/p>\n","protected":false},"featured_media":0,"template":"","meta":{"_monsterinsights_skip_tracking":false,"_monsterinsights_sitenote_active":false,"_monsterinsights_sitenote_note":"","_monsterinsights_sitenote_category":0},"product_brand":[],"product_cat":[13005,13006],"product_tag":[],"class_list":{"0":"post-728067","1":"product","2":"type-product","3":"status-publish","5":"product_cat-bilim-muhendislik","6":"product_cat-populer-bilim","7":"pa_cilt-ciltsiz","8":"pa_tur-kitap","9":"pa_yayinevi-domingo-yayinevi","10":"pa_yazar-david-wallace-wells","12":"first","13":"instock","14":"sale","15":"shipping-taxable","16":"purchasable","17":"product-type-simple"},"_links":{"self":[{"href":"https:\/\/roveyayinevi.com.tr\/index.php\/wp-json\/wp\/v2\/product\/728067","targetHints":{"allow":["GET"]}}],"collection":[{"href":"https:\/\/roveyayinevi.com.tr\/index.php\/wp-json\/wp\/v2\/product"}],"about":[{"href":"https:\/\/roveyayinevi.com.tr\/index.php\/wp-json\/wp\/v2\/types\/product"}],"wp:attachment":[{"href":"https:\/\/roveyayinevi.com.tr\/index.php\/wp-json\/wp\/v2\/media?parent=728067"}],"wp:term":[{"taxonomy":"product_brand","embeddable":true,"href":"https:\/\/roveyayinevi.com.tr\/index.php\/wp-json\/wp\/v2\/product_brand?post=728067"},{"taxonomy":"product_cat","embeddable":true,"href":"https:\/\/roveyayinevi.com.tr\/index.php\/wp-json\/wp\/v2\/product_cat?post=728067"},{"taxonomy":"product_tag","embeddable":true,"href":"https:\/\/roveyayinevi.com.tr\/index.php\/wp-json\/wp\/v2\/product_tag?post=728067"}],"curies":[{"name":"wp","href":"https:\/\/api.w.org\/{rel}","templated":true}]}}