{"id":728065,"date":"2025-08-27T20:33:25","date_gmt":"2025-08-27T17:33:25","guid":{"rendered":"https:\/\/roveyayinevi.com.tr\/index.php\/urun\/bu-ayi-cocuk-bakamiyor\/"},"modified":"2026-04-16T02:35:52","modified_gmt":"2026-04-15T23:35:52","slug":"bu-ayi-cocuk-bakamiyor","status":"publish","type":"product","link":"https:\/\/roveyayinevi.com.tr\/index.php\/urun\/bu-ayi-cocuk-bakamiyor\/","title":{"rendered":"Bu Ay\u0131 \u00c7ocuk Bakam\u0131yor"},"content":{"rendered":"<p>Bay ve Bayan Tav\u015fandeli\u011fi \u00e7ocuklar\u0131na bir geceli\u011fine bakacak birini ne kadar arasalar da bulam\u0131yorlard\u0131. Ne yazik ki kimse onlar\u0131n yedi g\u00fczel tav\u015fanc\u0131\u011f\u0131na bakmak istemiyordu. Yaln\u0131zca tek bir g\u00f6n\u00fcll\u00fc vard\u0131, o da\u2026 Ay\u0131 \u00c7oko\u2019ydu.Peki, acaba Ay\u0131 \u00c7oko \u00e7ocuk bakabiliyor muydu?<\/p>\n","protected":false},"excerpt":{"rendered":"<p>Bay ve Bayan Tav\u015fandeli\u011fi \u00e7ocuklar\u0131na bir geceli\u011fine bakacak birini ne kadar arasalar da bulam\u0131yorlard\u0131. Ne yazik ki kimse onlar\u0131n yedi g\u00fczel tav\u015fanc\u0131\u011f\u0131na bakmak istemiyordu. Yaln\u0131zca tek<span class=\"excerpt-hellip\"> [\u2026]<\/span><\/p>\n","protected":false},"featured_media":0,"template":"","meta":{"_monsterinsights_skip_tracking":false,"_monsterinsights_sitenote_active":false,"_monsterinsights_sitenote_note":"","_monsterinsights_sitenote_category":0},"product_brand":[],"product_cat":[12274,12518],"product_tag":[],"class_list":{"0":"post-728065","1":"product","2":"type-product","3":"status-publish","5":"product_cat-cocuk-ve-genclik-kitaplari","6":"product_cat-okul-oncesi-kitaplar","7":"pa_cilt-ciltsiz","8":"pa_tur-kitap","9":"pa_yayinevi-altin-kitaplar-cocuk-kitaplari","10":"pa_yazar-rith-quayle-alison-friend","12":"first","13":"instock","14":"sale","15":"shipping-taxable","16":"purchasable","17":"product-type-simple"},"_links":{"self":[{"href":"https:\/\/roveyayinevi.com.tr\/index.php\/wp-json\/wp\/v2\/product\/728065","targetHints":{"allow":["GET"]}}],"collection":[{"href":"https:\/\/roveyayinevi.com.tr\/index.php\/wp-json\/wp\/v2\/product"}],"about":[{"href":"https:\/\/roveyayinevi.com.tr\/index.php\/wp-json\/wp\/v2\/types\/product"}],"wp:attachment":[{"href":"https:\/\/roveyayinevi.com.tr\/index.php\/wp-json\/wp\/v2\/media?parent=728065"}],"wp:term":[{"taxonomy":"product_brand","embeddable":true,"href":"https:\/\/roveyayinevi.com.tr\/index.php\/wp-json\/wp\/v2\/product_brand?post=728065"},{"taxonomy":"product_cat","embeddable":true,"href":"https:\/\/roveyayinevi.com.tr\/index.php\/wp-json\/wp\/v2\/product_cat?post=728065"},{"taxonomy":"product_tag","embeddable":true,"href":"https:\/\/roveyayinevi.com.tr\/index.php\/wp-json\/wp\/v2\/product_tag?post=728065"}],"curies":[{"name":"wp","href":"https:\/\/api.w.org\/{rel}","templated":true}]}}