{"id":728062,"date":"2025-08-27T20:33:22","date_gmt":"2025-08-27T17:33:22","guid":{"rendered":"https:\/\/roveyayinevi.com.tr\/index.php\/urun\/acgozlu-kopek\/"},"modified":"2026-04-16T02:35:52","modified_gmt":"2026-04-15T23:35:52","slug":"acgozlu-kopek","status":"publish","type":"product","link":"https:\/\/roveyayinevi.com.tr\/index.php\/urun\/acgozlu-kopek\/","title":{"rendered":"A\u00e7g\u00f6zl\u00fc K\u00f6pek"},"content":{"rendered":"<p>A\u00e7g\u00f6zl\u00fc K\u00f6pek     Ezop\u2019un d\u00fcnyaca \u00fcnl\u00fc \u00f6yk\u00fcs\u00fcn\u00fcn bu e\u011flenceli uyarlamas\u0131n\u0131 \u00e7ok seveceksin.<\/p>\n","protected":false},"excerpt":{"rendered":"<p>A\u00e7g\u00f6zl\u00fc K\u00f6pek Ezop\u2019un d\u00fcnyaca \u00fcnl\u00fc \u00f6yk\u00fcs\u00fcn\u00fcn bu e\u011flenceli uyarlamas\u0131n\u0131 \u00e7ok seveceksin.<\/p>\n","protected":false},"featured_media":0,"template":"","meta":{"_monsterinsights_skip_tracking":false,"_monsterinsights_sitenote_active":false,"_monsterinsights_sitenote_note":"","_monsterinsights_sitenote_category":0},"product_brand":[],"product_cat":[12274,12523],"product_tag":[],"class_list":{"0":"post-728062","1":"product","2":"type-product","3":"status-publish","5":"product_cat-cocuk-ve-genclik-kitaplari","6":"product_cat-masallar","7":"pa_cilt-ciltsiz","8":"pa_tur-kitap","9":"pa_yayinevi-1001-cicek-kitaplar","10":"pa_yazar-ezop","12":"first","13":"instock","14":"sale","15":"shipping-taxable","16":"purchasable","17":"product-type-simple"},"_links":{"self":[{"href":"https:\/\/roveyayinevi.com.tr\/index.php\/wp-json\/wp\/v2\/product\/728062","targetHints":{"allow":["GET"]}}],"collection":[{"href":"https:\/\/roveyayinevi.com.tr\/index.php\/wp-json\/wp\/v2\/product"}],"about":[{"href":"https:\/\/roveyayinevi.com.tr\/index.php\/wp-json\/wp\/v2\/types\/product"}],"wp:attachment":[{"href":"https:\/\/roveyayinevi.com.tr\/index.php\/wp-json\/wp\/v2\/media?parent=728062"}],"wp:term":[{"taxonomy":"product_brand","embeddable":true,"href":"https:\/\/roveyayinevi.com.tr\/index.php\/wp-json\/wp\/v2\/product_brand?post=728062"},{"taxonomy":"product_cat","embeddable":true,"href":"https:\/\/roveyayinevi.com.tr\/index.php\/wp-json\/wp\/v2\/product_cat?post=728062"},{"taxonomy":"product_tag","embeddable":true,"href":"https:\/\/roveyayinevi.com.tr\/index.php\/wp-json\/wp\/v2\/product_tag?post=728062"}],"curies":[{"name":"wp","href":"https:\/\/api.w.org\/{rel}","templated":true}]}}