{"id":728061,"date":"2025-08-27T20:33:21","date_gmt":"2025-08-27T17:33:21","guid":{"rendered":"https:\/\/roveyayinevi.com.tr\/index.php\/urun\/shakespeareden-guzel-oykuler\/"},"modified":"2026-04-16T02:35:52","modified_gmt":"2026-04-15T23:35:52","slug":"shakespeareden-guzel-oykuler","status":"publish","type":"product","link":"https:\/\/roveyayinevi.com.tr\/index.php\/urun\/shakespeareden-guzel-oykuler\/","title":{"rendered":"Shakespeare&#8217;den G\u00fczel \u00d6yk\u00fcler"},"content":{"rendered":"<p>16. y\u00fczy\u0131lda ya\u015fam\u0131\u015f \u00fcnl\u00fc \u0130ngiliz \u015fair ve oyun yazar\u0131 William Shakespeare, her ne kadar eserlerini \u00e7ocuklar i\u00e7in yazmam\u0131\u015f olsa da Edith Nesbit bu kitapta, Shakespeare\u2019in tiyatro oyunlar\u0131ndaki e\u011flenceli \u00f6yk\u00fcleri \u00e7ocuklar\u0131n da anlayabilece\u011fi ve keyif alabilece\u011fi \u015fekilde yeniden kaleme al\u0131yor.   \u0130ngiliz \u00e7ocuk edebiyat\u0131n\u0131n \u00f6nemli yazarlar\u0131ndan biri olan, Demiryolu \u00c7ocuklar\u0131 ve Be\u015f Afacan\u2019\u0131n K\u0131r Maceralar\u0131 adl\u0131 eserleri d\u00fcnya klasikleri aras\u0131nda yer alan Nesbit, Shakespeare\u2019den G\u00fczel \u00d6yk\u00fcler\u2019de bu d\u00e2hiyane yazar\u0131n eserlerinde yaratt\u0131\u011f\u0131 b\u00fcy\u00fcleyici d\u00fcnyan\u0131n kap\u0131lar\u0131n\u0131 \u00e7ocuklar i\u00e7in aral\u0131yor.   Bir Yaz Gecesi R\u00fcyas\u0131, On \u0130kinci Gece, Romeo ve Juliet, Hamlet, Venedik Taciri, H\u0131r\u00e7\u0131n K\u0131z, K\u0131sasa K\u0131sas, F\u0131rt\u0131na ve Yanl\u0131\u015fl\u0131klar Komedyas\u0131\u2019n\u0131n da i\u00e7inde bulundu\u011fu, Shakespeare\u2019in yirmi tiyatro oyunu ve bu oyunlardaki ilgi \u00e7ekici karakterler Edith Nesbit\u2019in etkileyici anlat\u0131m\u0131yla \u00e7ocuklarla bulu\u015fuyor.<\/p>\n","protected":false},"excerpt":{"rendered":"<p>16. y\u00fczy\u0131lda ya\u015fam\u0131\u015f \u00fcnl\u00fc \u0130ngiliz \u015fair ve oyun yazar\u0131 William Shakespeare, her ne kadar eserlerini \u00e7ocuklar i\u00e7in yazmam\u0131\u015f olsa da Edith Nesbit bu kitapta, Shakespeare\u2019in tiyatro<span class=\"excerpt-hellip\"> [\u2026]<\/span><\/p>\n","protected":false},"featured_media":0,"template":"","meta":{"_monsterinsights_skip_tracking":false,"_monsterinsights_sitenote_active":false,"_monsterinsights_sitenote_note":"","_monsterinsights_sitenote_category":0},"product_brand":[],"product_cat":[12275,12274],"product_tag":[],"class_list":{"0":"post-728061","1":"product","2":"type-product","3":"status-publish","5":"product_cat-6-12-yas-kitaplari","6":"product_cat-cocuk-ve-genclik-kitaplari","7":"pa_cilt-ciltsiz","8":"pa_tur-kitap","9":"pa_yayinevi-arkadas-yayinlari","10":"pa_yazar-edith-nesbit","12":"first","13":"instock","14":"sale","15":"shipping-taxable","16":"purchasable","17":"product-type-simple"},"_links":{"self":[{"href":"https:\/\/roveyayinevi.com.tr\/index.php\/wp-json\/wp\/v2\/product\/728061","targetHints":{"allow":["GET"]}}],"collection":[{"href":"https:\/\/roveyayinevi.com.tr\/index.php\/wp-json\/wp\/v2\/product"}],"about":[{"href":"https:\/\/roveyayinevi.com.tr\/index.php\/wp-json\/wp\/v2\/types\/product"}],"wp:attachment":[{"href":"https:\/\/roveyayinevi.com.tr\/index.php\/wp-json\/wp\/v2\/media?parent=728061"}],"wp:term":[{"taxonomy":"product_brand","embeddable":true,"href":"https:\/\/roveyayinevi.com.tr\/index.php\/wp-json\/wp\/v2\/product_brand?post=728061"},{"taxonomy":"product_cat","embeddable":true,"href":"https:\/\/roveyayinevi.com.tr\/index.php\/wp-json\/wp\/v2\/product_cat?post=728061"},{"taxonomy":"product_tag","embeddable":true,"href":"https:\/\/roveyayinevi.com.tr\/index.php\/wp-json\/wp\/v2\/product_tag?post=728061"}],"curies":[{"name":"wp","href":"https:\/\/api.w.org\/{rel}","templated":true}]}}