{"id":728059,"date":"2025-08-27T20:33:20","date_gmt":"2025-08-27T17:33:20","guid":{"rendered":"https:\/\/roveyayinevi.com.tr\/index.php\/urun\/neon-leon\/"},"modified":"2026-04-16T02:35:52","modified_gmt":"2026-04-15T23:35:52","slug":"neon-leon","status":"publish","type":"product","link":"https:\/\/roveyayinevi.com.tr\/index.php\/urun\/neon-leon\/","title":{"rendered":"Neon Leon"},"content":{"rendered":"<p>Bukalemunlar\u0131n \u00e7evrelerine uyum sa\u011flamak i\u00e7in renk de\u011fi\u015ftirebildiklerini biliyor musun?Ama neon renkli bir bukalemun olan Leon renk de\u011fi\u015ftiremiyor. Evet, o farkl\u0131 bir bukalemun. Nereye gitse p\u0131r\u0131l p\u0131r\u0131l parl\u0131yor!Peki, sence Leon kendine uygun bir ortam bulabilecek mi? Acaba kendisi i\u00e7in en uygun evi nerede bulacak?Haydi, sen de Neon Leon&#8217;un bu ke\u015fif maceras\u0131na kat\u0131l!<\/p>\n","protected":false},"excerpt":{"rendered":"<p>Bukalemunlar\u0131n \u00e7evrelerine uyum sa\u011flamak i\u00e7in renk de\u011fi\u015ftirebildiklerini biliyor musun?Ama neon renkli bir bukalemun olan Leon renk de\u011fi\u015ftiremiyor. Evet, o farkl\u0131 bir bukalemun. Nereye gitse p\u0131r\u0131l p\u0131r\u0131l<span class=\"excerpt-hellip\"> [\u2026]<\/span><\/p>\n","protected":false},"featured_media":0,"template":"","meta":{"_monsterinsights_skip_tracking":false,"_monsterinsights_sitenote_active":false,"_monsterinsights_sitenote_note":"","_monsterinsights_sitenote_category":0},"product_brand":[],"product_cat":[12274,12518],"product_tag":[],"class_list":{"0":"post-728059","1":"product","2":"type-product","3":"status-publish","5":"product_cat-cocuk-ve-genclik-kitaplari","6":"product_cat-okul-oncesi-kitaplar","7":"pa_cilt-ciltsiz","8":"pa_tur-kitap","9":"pa_yayinevi-altin-kitaplar-cocuk-kitaplari","10":"pa_yazar-jane-clark-britta-teckentrup","12":"first","13":"instock","14":"sale","15":"shipping-taxable","16":"purchasable","17":"product-type-simple"},"_links":{"self":[{"href":"https:\/\/roveyayinevi.com.tr\/index.php\/wp-json\/wp\/v2\/product\/728059","targetHints":{"allow":["GET"]}}],"collection":[{"href":"https:\/\/roveyayinevi.com.tr\/index.php\/wp-json\/wp\/v2\/product"}],"about":[{"href":"https:\/\/roveyayinevi.com.tr\/index.php\/wp-json\/wp\/v2\/types\/product"}],"wp:attachment":[{"href":"https:\/\/roveyayinevi.com.tr\/index.php\/wp-json\/wp\/v2\/media?parent=728059"}],"wp:term":[{"taxonomy":"product_brand","embeddable":true,"href":"https:\/\/roveyayinevi.com.tr\/index.php\/wp-json\/wp\/v2\/product_brand?post=728059"},{"taxonomy":"product_cat","embeddable":true,"href":"https:\/\/roveyayinevi.com.tr\/index.php\/wp-json\/wp\/v2\/product_cat?post=728059"},{"taxonomy":"product_tag","embeddable":true,"href":"https:\/\/roveyayinevi.com.tr\/index.php\/wp-json\/wp\/v2\/product_tag?post=728059"}],"curies":[{"name":"wp","href":"https:\/\/api.w.org\/{rel}","templated":true}]}}