{"id":728058,"date":"2025-08-27T20:33:19","date_gmt":"2025-08-27T17:33:19","guid":{"rendered":"https:\/\/roveyayinevi.com.tr\/index.php\/urun\/kefinin-maceralari-kefi-ve-yeni-arkadaslar\/"},"modified":"2026-04-16T02:35:52","modified_gmt":"2026-04-15T23:35:52","slug":"kefinin-maceralari-kefi-ve-yeni-arkadaslar","status":"publish","type":"product","link":"https:\/\/roveyayinevi.com.tr\/index.php\/urun\/kefinin-maceralari-kefi-ve-yeni-arkadaslar\/","title":{"rendered":"Kefi&#8217;nin Maceralar\u0131 &#8211; Kefi ve Yeni Arkada\u015flar"},"content":{"rendered":"<p>Kefi, Van G\u00f6l\u00fc\u2019n\u00fcn sodal\u0131 sular\u0131nda ya\u015fayan bir inci kefali. Kendisi \u00e7ok merakl\u0131, a\u015f\u0131r\u0131 macerac\u0131, inan\u0131lmaz sevimli ve bir o kadar sevgi dolu. Kefi \u015fimdi de yeni arkada\u015fl\u0131klar\u0131n, tan\u0131mad\u0131\u011f\u0131 \u00e7evrelerin ve ke\u015ffedilmeyi bekleyen bilgilerin pe\u015finde.Kefi\u2019nin yeni arkada\u015f\u0131 bir yaz \u00f6rde\u011fi olan Benekli. Onun hayat\u0131yla ilgili her ayr\u0131nt\u0131 Kefi\u2019yi \u015fa\u015f\u0131rt\u0131yor. Yeni arkada\u015f\u0131yla birbirinden ilgin\u00e7 ve e\u011flenceli saatler ya\u015f\u0131yor. Ancak biri var ki hi\u00e7 mutlu de\u011fil. K\u0131zg\u0131n ve belki biraz da k\u0131rg\u0131n&#8230;Acaba Kefi bu beklenmedik duruma nas\u0131l \u00e7\u00f6z\u00fcm bulacak? Kimseyi k\u0131r\u0131p \u00fczmeden yeni maceralara kucak a\u00e7abilecek mi? Haydi \u00e7ocuklar! Kefi\u2019nin bu yeni yolculu\u011funa kat\u0131lmaya var m\u0131s\u0131n\u0131z?<\/p>\n","protected":false},"excerpt":{"rendered":"<p>Kefi, Van G\u00f6l\u00fc\u2019n\u00fcn sodal\u0131 sular\u0131nda ya\u015fayan bir inci kefali. Kendisi \u00e7ok merakl\u0131, a\u015f\u0131r\u0131 macerac\u0131, inan\u0131lmaz sevimli ve bir o kadar sevgi dolu. Kefi \u015fimdi de yeni<span class=\"excerpt-hellip\"> [\u2026]<\/span><\/p>\n","protected":false},"featured_media":0,"template":"","meta":{"_monsterinsights_skip_tracking":false,"_monsterinsights_sitenote_active":false,"_monsterinsights_sitenote_note":"","_monsterinsights_sitenote_category":0},"product_brand":[],"product_cat":[12275,12274],"product_tag":[],"class_list":{"0":"post-728058","1":"product","2":"type-product","3":"status-publish","5":"product_cat-6-12-yas-kitaplari","6":"product_cat-cocuk-ve-genclik-kitaplari","7":"pa_cilt-ciltsiz","8":"pa_tur-kitap","9":"pa_yayinevi-altin-kitaplar-ozel-urun","10":"pa_yazar-seda-ogretir","12":"first","13":"instock","14":"sale","15":"shipping-taxable","16":"purchasable","17":"product-type-simple"},"_links":{"self":[{"href":"https:\/\/roveyayinevi.com.tr\/index.php\/wp-json\/wp\/v2\/product\/728058","targetHints":{"allow":["GET"]}}],"collection":[{"href":"https:\/\/roveyayinevi.com.tr\/index.php\/wp-json\/wp\/v2\/product"}],"about":[{"href":"https:\/\/roveyayinevi.com.tr\/index.php\/wp-json\/wp\/v2\/types\/product"}],"wp:attachment":[{"href":"https:\/\/roveyayinevi.com.tr\/index.php\/wp-json\/wp\/v2\/media?parent=728058"}],"wp:term":[{"taxonomy":"product_brand","embeddable":true,"href":"https:\/\/roveyayinevi.com.tr\/index.php\/wp-json\/wp\/v2\/product_brand?post=728058"},{"taxonomy":"product_cat","embeddable":true,"href":"https:\/\/roveyayinevi.com.tr\/index.php\/wp-json\/wp\/v2\/product_cat?post=728058"},{"taxonomy":"product_tag","embeddable":true,"href":"https:\/\/roveyayinevi.com.tr\/index.php\/wp-json\/wp\/v2\/product_tag?post=728058"}],"curies":[{"name":"wp","href":"https:\/\/api.w.org\/{rel}","templated":true}]}}