{"id":728057,"date":"2025-08-27T20:33:18","date_gmt":"2025-08-27T17:33:18","guid":{"rendered":"https:\/\/roveyayinevi.com.tr\/index.php\/urun\/sacimla-derdim-var\/"},"modified":"2026-04-16T02:35:52","modified_gmt":"2026-04-15T23:35:52","slug":"sacimla-derdim-var","status":"publish","type":"product","link":"https:\/\/roveyayinevi.com.tr\/index.php\/urun\/sacimla-derdim-var\/","title":{"rendered":"Sa\u00e7\u0131mla Derdim Var"},"content":{"rendered":"<p>Maya&#8217;n\u0131n sa\u00e7lar\u0131, \u00e2deta bir k\u0131rlang\u0131\u00e7 yuvas\u0131! Maya&#8217;n\u0131n k\u0131v\u0131rc\u0131k ve ele avuca s\u0131\u011fmayan sa\u00e7lar\u0131yla ba\u015f\u0131 derttedir. Kendini bildi bileli di\u011fer k\u0131zlar\u0131n iki yandan g\u00fczelce toplanm\u0131\u015f sa\u00e7lar\u0131na \u00f6zenen k\u00fc\u00e7\u00fck k\u0131z, ne yap\u0131p edip can\u0131n\u0131 s\u0131kan bu soruna bir \u00e7\u00f6z\u00fcm bulmal\u0131; neredeyse t\u00fcm g\u00fcnlerini minik karde\u015fi Berk&#8217;le ge\u00e7iren anne babas\u0131n\u0131n ilgisini \u00e7ekmeyi ba\u015farmal\u0131d\u0131r. G\u00fcnlerden bir g\u00fcn cesaretini toplar ve \u015fekle girmeyen sa\u00e7lar\u0131n\u0131 kesmeye karar verir. Mutfak makas\u0131yla rastgele k\u0131rpt\u0131\u011f\u0131 sa\u00e7lar\u0131n\u0131 j\u00f6leyle d\u00fczle\u015ftiren Maya, yeni sa\u00e7 modeliyle t\u0131pk\u0131 mankenlere benzemi\u015ftir! Fakat, j\u00f6lenin etkisi ge\u00e7ince sa\u00e7lar\u0131 yine eski h\u00e2line d\u00f6nen Maya acaba nerede hata yapm\u0131\u015ft\u0131r? Sa\u00e7lar\u0131n\u0131 farkl\u0131 bir renge mi boyamal\u0131, yoksa haval\u0131 bir r\u00f6fle mi yapt\u0131rmal\u0131d\u0131r? \u00c7ok ge\u00e7meden, Maya ve yeni arkada\u015f\u0131 Ozan s\u00fcper bir \u00e7\u00f6z\u00fcm plan\u0131 geli\u015ftirirler. \u00dcstelik bu plan, ger\u00e7ek bir dostlu\u011fun da ba\u015flang\u0131c\u0131 olacakt\u0131r&#8230; \u0130rlanda h\u00fck\u00fcmeti taraf\u0131ndan \u00e7ocuk edebiyat\u0131 alan\u0131nda liyakat madalyas\u0131na de\u011fer g\u00f6r\u00fclen Eoin Colfer&#8217;\u0131n kaleme ald\u0131\u011f\u0131 Sa\u00e7\u0131mla Derdim Var, \u00f6nyarg\u0131lar\u0131 y\u0131kmaya, kendini tan\u0131maya, cesarete ve b\u00fcy\u00fcme sanc\u0131lar\u0131na dair umut a\u015f\u0131lay\u0131c\u0131, ne\u015feli bir roman. Ba\u015fkalar\u0131n\u0131n fiziksel \u00f6zelliklerine imrenerek kendi \u00f6zel y\u00f6nlerini \u0131skalayan k\u00fc\u00e7\u00fck bir k\u0131z\u0131n hayat\u0131na ayna tutan bu kitap; baz\u0131 sorunlar\u0131n \u00fcstesinden gelebilmek i\u00e7in cesur davranman\u0131n ve kararl\u0131 durman\u0131n \u00f6nemine at\u0131fta bulunuyor, farkl\u0131l\u0131klar\u0131m\u0131z\u0131n bizlere katt\u0131\u011f\u0131 art\u0131 de\u011ferlerle \u00f6\u011f\u00fcnmemiz gerekti\u011fini an\u0131msat\u0131yor. Kitaplar\u0131 25 milyondan fazla satan ve 40 dile \u00e7evrilen \u0130rlandal\u0131 yazar Eoin Colfer&#8217;\u0131n yaz\u0131p \u00fcnl\u00fc \u00e7izer Richard Watson&#8217;\u0131n resimledi\u011fi Sa\u00e7\u0131mla Derdim Var, Tudem&#8217;in, okumaya isteksiz ve okuma g\u00fc\u00e7l\u00fc\u011f\u00fc \u00e7eken \u00e7ocuklar i\u00e7in \u00f6zel olarak haz\u0131rlad\u0131\u011f\u0131 SEN de OKU koleksiyonundaki yerini al\u0131yor!Sa\u00e7lar\u0131m, kafam\u0131n \u00fczerinde b\u00fcy\u00fcyen kocaman bir \u00e7al\u0131 sanki! <\/p>\n","protected":false},"excerpt":{"rendered":"<p>Maya&#8217;n\u0131n sa\u00e7lar\u0131, \u00e2deta bir k\u0131rlang\u0131\u00e7 yuvas\u0131! Maya&#8217;n\u0131n k\u0131v\u0131rc\u0131k ve ele avuca s\u0131\u011fmayan sa\u00e7lar\u0131yla ba\u015f\u0131 derttedir. Kendini bildi bileli di\u011fer k\u0131zlar\u0131n iki yandan g\u00fczelce toplanm\u0131\u015f sa\u00e7lar\u0131na \u00f6zenen<span class=\"excerpt-hellip\"> [\u2026]<\/span><\/p>\n","protected":false},"featured_media":0,"template":"","meta":{"_monsterinsights_skip_tracking":false,"_monsterinsights_sitenote_active":false,"_monsterinsights_sitenote_note":"","_monsterinsights_sitenote_category":0},"product_brand":[],"product_cat":[12275,12274],"product_tag":[],"class_list":{"0":"post-728057","1":"product","2":"type-product","3":"status-publish","5":"product_cat-6-12-yas-kitaplari","6":"product_cat-cocuk-ve-genclik-kitaplari","7":"pa_cilt-ciltsiz","8":"pa_tur-kitap","9":"pa_yayinevi-tudem-yayinlari","10":"pa_yazar-eoin-colfer","12":"first","13":"instock","14":"sale","15":"shipping-taxable","16":"purchasable","17":"product-type-simple"},"_links":{"self":[{"href":"https:\/\/roveyayinevi.com.tr\/index.php\/wp-json\/wp\/v2\/product\/728057","targetHints":{"allow":["GET"]}}],"collection":[{"href":"https:\/\/roveyayinevi.com.tr\/index.php\/wp-json\/wp\/v2\/product"}],"about":[{"href":"https:\/\/roveyayinevi.com.tr\/index.php\/wp-json\/wp\/v2\/types\/product"}],"wp:attachment":[{"href":"https:\/\/roveyayinevi.com.tr\/index.php\/wp-json\/wp\/v2\/media?parent=728057"}],"wp:term":[{"taxonomy":"product_brand","embeddable":true,"href":"https:\/\/roveyayinevi.com.tr\/index.php\/wp-json\/wp\/v2\/product_brand?post=728057"},{"taxonomy":"product_cat","embeddable":true,"href":"https:\/\/roveyayinevi.com.tr\/index.php\/wp-json\/wp\/v2\/product_cat?post=728057"},{"taxonomy":"product_tag","embeddable":true,"href":"https:\/\/roveyayinevi.com.tr\/index.php\/wp-json\/wp\/v2\/product_tag?post=728057"}],"curies":[{"name":"wp","href":"https:\/\/api.w.org\/{rel}","templated":true}]}}