{"id":728056,"date":"2025-08-27T20:33:17","date_gmt":"2025-08-27T17:33:17","guid":{"rendered":"https:\/\/roveyayinevi.com.tr\/index.php\/urun\/bana-yardim-eder-misin\/"},"modified":"2026-04-16T02:35:52","modified_gmt":"2026-04-15T23:35:52","slug":"bana-yardim-eder-misin","status":"publish","type":"product","link":"https:\/\/roveyayinevi.com.tr\/index.php\/urun\/bana-yardim-eder-misin\/","title":{"rendered":"Bana Yard\u0131m Eder Misin?"},"content":{"rendered":"<p>Nihayet bahar geldi. K\u00fc\u00e7\u00fck ar\u0131 \u00e7i\u00e7ek \u00e7i\u00e7ek dola\u015f\u0131p bal yapacak. Ona yard\u0131m etmek ister misin?Haydi, dokun, \u00fcfle, konu\u015f, sar\u0131l. K\u00fc\u00e7\u00fck ar\u0131n\u0131n bahar \u015fenli\u011fine sen de kat\u0131l!<\/p>\n","protected":false},"excerpt":{"rendered":"<p>Nihayet bahar geldi. K\u00fc\u00e7\u00fck ar\u0131 \u00e7i\u00e7ek \u00e7i\u00e7ek dola\u015f\u0131p bal yapacak. Ona yard\u0131m etmek ister misin?Haydi, dokun, \u00fcfle, konu\u015f, sar\u0131l. K\u00fc\u00e7\u00fck ar\u0131n\u0131n bahar \u015fenli\u011fine sen de kat\u0131l!<\/p>\n","protected":false},"featured_media":0,"template":"","meta":{"_monsterinsights_skip_tracking":false,"_monsterinsights_sitenote_active":false,"_monsterinsights_sitenote_note":"","_monsterinsights_sitenote_category":0},"product_brand":[],"product_cat":[12274,12523],"product_tag":[],"class_list":{"0":"post-728056","1":"product","2":"type-product","3":"status-publish","5":"product_cat-cocuk-ve-genclik-kitaplari","6":"product_cat-masallar","7":"pa_cilt-ciltsiz","8":"pa_tur-kitap","9":"pa_yayinevi-beyaz-balina-yayinlari","10":"pa_yazar-sophie-schoenwald","12":"first","13":"instock","14":"sale","15":"shipping-taxable","16":"purchasable","17":"product-type-simple"},"_links":{"self":[{"href":"https:\/\/roveyayinevi.com.tr\/index.php\/wp-json\/wp\/v2\/product\/728056","targetHints":{"allow":["GET"]}}],"collection":[{"href":"https:\/\/roveyayinevi.com.tr\/index.php\/wp-json\/wp\/v2\/product"}],"about":[{"href":"https:\/\/roveyayinevi.com.tr\/index.php\/wp-json\/wp\/v2\/types\/product"}],"wp:attachment":[{"href":"https:\/\/roveyayinevi.com.tr\/index.php\/wp-json\/wp\/v2\/media?parent=728056"}],"wp:term":[{"taxonomy":"product_brand","embeddable":true,"href":"https:\/\/roveyayinevi.com.tr\/index.php\/wp-json\/wp\/v2\/product_brand?post=728056"},{"taxonomy":"product_cat","embeddable":true,"href":"https:\/\/roveyayinevi.com.tr\/index.php\/wp-json\/wp\/v2\/product_cat?post=728056"},{"taxonomy":"product_tag","embeddable":true,"href":"https:\/\/roveyayinevi.com.tr\/index.php\/wp-json\/wp\/v2\/product_tag?post=728056"}],"curies":[{"name":"wp","href":"https:\/\/api.w.org\/{rel}","templated":true}]}}