{"id":728055,"date":"2025-08-27T20:33:16","date_gmt":"2025-08-27T17:33:16","guid":{"rendered":"https:\/\/roveyayinevi.com.tr\/index.php\/urun\/tamamliyorum-birlestiriyorum-cizgiler-ciziyorum\/"},"modified":"2026-04-16T02:35:52","modified_gmt":"2026-04-15T23:35:52","slug":"tamamliyorum-birlestiriyorum-cizgiler-ciziyorum","status":"publish","type":"product","link":"https:\/\/roveyayinevi.com.tr\/index.php\/urun\/tamamliyorum-birlestiriyorum-cizgiler-ciziyorum\/","title":{"rendered":"Tamaml\u0131yorum Birle\u015ftiriyorum &#8211; \u00c7izgiler \u00c7iziyorum"},"content":{"rendered":"<p>Okul \u00f6ncesi e\u011fitimin ilk ad\u0131m\u0131, kalem kullanma becerisi kazanmakt\u0131r. Bu becerinin kazan\u0131lmas\u0131, uygun \u00e7al\u0131\u015fmalar\u0131n tekrarlanarak yap\u0131lmas\u0131 sayesinde m\u00fcmk\u00fcn olur. \u0130lkokula ba\u015flamadan \u00f6nce \u00e7ocuklar\u0131n kalem kullanma becerisi kazanmalar\u0131 \u00e7ok \u00f6nemlidir.&#8221;Tamaml\u0131yorum, Birle\u015ftiriyorum, \u00c7izgiler \u00c7iziyorum&#8221; kitab\u0131, \u00e7ocuklar\u0131m\u0131z\u0131n \u00e7izgileri do\u011fru \u015fekilde \u00e7izerek kalem kullanma becerisi kazanmalar\u0131na yard\u0131mc\u0131 olur. Kitapta e\u011flenceli g\u00f6rseller, tekrar eden \u00e7izgi \u00e7al\u0131\u015fmalar\u0131 yer almaktad\u0131r. Sat\u0131r aral\u0131klar\u0131 ve \u00e7izgi kal\u0131nl\u0131klar\u0131, ya\u015f grubuna uygun olarak haz\u0131rlanm\u0131\u015ft\u0131r.Bu kitapla \u00e7ocuklar\u0131m\u0131z hem e\u011flenecek hem de kalem kullanma becerilerini geli\u015ftirecekler.<\/p>\n","protected":false},"excerpt":{"rendered":"<p>Okul \u00f6ncesi e\u011fitimin ilk ad\u0131m\u0131, kalem kullanma becerisi kazanmakt\u0131r. Bu becerinin kazan\u0131lmas\u0131, uygun \u00e7al\u0131\u015fmalar\u0131n tekrarlanarak yap\u0131lmas\u0131 sayesinde m\u00fcmk\u00fcn olur. \u0130lkokula ba\u015flamadan \u00f6nce \u00e7ocuklar\u0131n kalem kullanma becerisi<span class=\"excerpt-hellip\"> [\u2026]<\/span><\/p>\n","protected":false},"featured_media":0,"template":"","meta":{"_monsterinsights_skip_tracking":false,"_monsterinsights_sitenote_active":false,"_monsterinsights_sitenote_note":"","_monsterinsights_sitenote_category":0},"product_brand":[],"product_cat":[12274,12518],"product_tag":[],"class_list":{"0":"post-728055","1":"product","2":"type-product","3":"status-publish","5":"product_cat-cocuk-ve-genclik-kitaplari","6":"product_cat-okul-oncesi-kitaplar","7":"pa_cilt-ciltsiz","8":"pa_tur-kitap","9":"pa_yayinevi-beyaz-balina-yayinlari","10":"pa_yazar-tuba-ozturk","12":"first","13":"instock","14":"sale","15":"shipping-taxable","16":"purchasable","17":"product-type-simple"},"_links":{"self":[{"href":"https:\/\/roveyayinevi.com.tr\/index.php\/wp-json\/wp\/v2\/product\/728055","targetHints":{"allow":["GET"]}}],"collection":[{"href":"https:\/\/roveyayinevi.com.tr\/index.php\/wp-json\/wp\/v2\/product"}],"about":[{"href":"https:\/\/roveyayinevi.com.tr\/index.php\/wp-json\/wp\/v2\/types\/product"}],"wp:attachment":[{"href":"https:\/\/roveyayinevi.com.tr\/index.php\/wp-json\/wp\/v2\/media?parent=728055"}],"wp:term":[{"taxonomy":"product_brand","embeddable":true,"href":"https:\/\/roveyayinevi.com.tr\/index.php\/wp-json\/wp\/v2\/product_brand?post=728055"},{"taxonomy":"product_cat","embeddable":true,"href":"https:\/\/roveyayinevi.com.tr\/index.php\/wp-json\/wp\/v2\/product_cat?post=728055"},{"taxonomy":"product_tag","embeddable":true,"href":"https:\/\/roveyayinevi.com.tr\/index.php\/wp-json\/wp\/v2\/product_tag?post=728055"}],"curies":[{"name":"wp","href":"https:\/\/api.w.org\/{rel}","templated":true}]}}