{"id":728054,"date":"2025-08-27T20:33:15","date_gmt":"2025-08-27T17:33:15","guid":{"rendered":"https:\/\/roveyayinevi.com.tr\/index.php\/urun\/gorsel-algimi-ve-dikkatimi-gelistiriyorum\/"},"modified":"2025-08-31T16:58:38","modified_gmt":"2025-08-31T13:58:38","slug":"gorsel-algimi-ve-dikkatimi-gelistiriyorum","status":"publish","type":"product","link":"https:\/\/roveyayinevi.com.tr\/index.php\/urun\/gorsel-algimi-ve-dikkatimi-gelistiriyorum\/","title":{"rendered":"G\u00f6rsel Alg\u0131m\u0131 ve Dikkatimi Geli\u015ftiriyorum"},"content":{"rendered":"<p>Okul \u00f6ncesi e\u011fitim, \u00e7ocuklar\u0131m\u0131z\u0131 ilkokula haz\u0131rlayan en \u00f6nemli basamakt\u0131r. Bu d\u00f6nemde \u00e7ocuklar\u0131m\u0131z\u0131n, becerileri ve zek\u00e2 geli\u015fimlerini destekleyecek etkinlikler yapmalar\u0131 b\u00fcy\u00fck \u00f6nem ta\u015f\u0131r.&#8221;G\u00f6rsel Alg\u0131m\u0131 ve Dikkatimi Geli\u015ftiriyorum&#8221; kitab\u0131nda \u00e7ocuklar\u0131m\u0131z\u0131n \u00f6\u011frenme becerileri kazanmalar\u0131 hedeflenmi\u015ftir. Kitaptaki aktiviteler, ebeveynler ya da \u00f6\u011fretmenler e\u015fli\u011finde yap\u0131lmal\u0131d\u0131r. Y\u00f6nergeler \u00e7ocuklara okunmal\u0131 ve onlar\u0131n uygulanmas\u0131 istenmelidir.E\u011flenerek yapacaklar\u0131 bu etkinlikler sayesinde \u00e7ocuklar\u0131n dikkati artacak, i\u015fitsel alg\u0131s\u0131 geli\u015fecek ve y\u00f6nergeleri kavrayarak uygulamas\u0131 m\u00fcmk\u00fcn olacakt\u0131r..<\/p>\n","protected":false},"excerpt":{"rendered":"<p>Okul \u00f6ncesi e\u011fitim, \u00e7ocuklar\u0131m\u0131z\u0131 ilkokula haz\u0131rlayan en \u00f6nemli basamakt\u0131r. Bu d\u00f6nemde \u00e7ocuklar\u0131m\u0131z\u0131n, becerileri ve zek\u00e2 geli\u015fimlerini destekleyecek etkinlikler yapmalar\u0131 b\u00fcy\u00fck \u00f6nem ta\u015f\u0131r.&#8221;G\u00f6rsel Alg\u0131m\u0131 ve Dikkatimi Geli\u015ftiriyorum&#8221;<span class=\"excerpt-hellip\"> [\u2026]<\/span><\/p>\n","protected":false},"featured_media":0,"template":"","meta":{"_monsterinsights_skip_tracking":false,"_monsterinsights_sitenote_active":false,"_monsterinsights_sitenote_note":"","_monsterinsights_sitenote_category":0},"product_brand":[],"product_cat":[12274,12518],"product_tag":[],"class_list":{"0":"post-728054","1":"product","2":"type-product","3":"status-publish","5":"product_cat-cocuk-ve-genclik-kitaplari","6":"product_cat-okul-oncesi-kitaplar","7":"pa_cilt-ciltsiz","8":"pa_tur-kitap","9":"pa_yayinevi-beyaz-balina-yayinlari","10":"pa_yazar-tuba-ozturk","12":"first","13":"instock","14":"sale","15":"shipping-taxable","16":"purchasable","17":"product-type-simple"},"_links":{"self":[{"href":"https:\/\/roveyayinevi.com.tr\/index.php\/wp-json\/wp\/v2\/product\/728054","targetHints":{"allow":["GET"]}}],"collection":[{"href":"https:\/\/roveyayinevi.com.tr\/index.php\/wp-json\/wp\/v2\/product"}],"about":[{"href":"https:\/\/roveyayinevi.com.tr\/index.php\/wp-json\/wp\/v2\/types\/product"}],"wp:attachment":[{"href":"https:\/\/roveyayinevi.com.tr\/index.php\/wp-json\/wp\/v2\/media?parent=728054"}],"wp:term":[{"taxonomy":"product_brand","embeddable":true,"href":"https:\/\/roveyayinevi.com.tr\/index.php\/wp-json\/wp\/v2\/product_brand?post=728054"},{"taxonomy":"product_cat","embeddable":true,"href":"https:\/\/roveyayinevi.com.tr\/index.php\/wp-json\/wp\/v2\/product_cat?post=728054"},{"taxonomy":"product_tag","embeddable":true,"href":"https:\/\/roveyayinevi.com.tr\/index.php\/wp-json\/wp\/v2\/product_tag?post=728054"}],"curies":[{"name":"wp","href":"https:\/\/api.w.org\/{rel}","templated":true}]}}