{"id":728051,"date":"2025-08-27T20:33:12","date_gmt":"2025-08-27T17:33:12","guid":{"rendered":"https:\/\/roveyayinevi.com.tr\/index.php\/urun\/resfebe-kutuphanesi\/"},"modified":"2026-04-16T02:35:52","modified_gmt":"2026-04-15T23:35:52","slug":"resfebe-kutuphanesi","status":"publish","type":"product","link":"https:\/\/roveyayinevi.com.tr\/index.php\/urun\/resfebe-kutuphanesi\/","title":{"rendered":"Resfebe K\u00fct\u00fcphanesi"},"content":{"rendered":"<p>&#8220;Resfebenin b\u00fcy\u00fcl\u00fc d\u00fcnyas\u0131na yolculu\u011fa \u00e7\u0131kmaya haz\u0131r olun! Rebus, kelime veya kelime gruplar\u0131n\u0131n, harf, say\u0131 ve resimlerle temsil edilmesiyle olu\u015fturulan bulmacalara denir. \u00dclkemizde K\u00f6ksal Karaku\u015f, resim ve alfabe kelimelerini b\u00fcy\u00fck \u00fcnl\u00fc uyumuna uydurarak bu bulmaca oyununa \u201cresfebe\u201d ad\u0131n\u0131 vermi\u015ftir. Resfebe \u00f6\u011frenmek ve \u00f6\u011fretmek isteyenler i\u00e7in haz\u0131rlanan kitab\u0131m\u0131z, resfebeyi derslerle kayna\u015ft\u0131rd\u0131\u011f\u0131m\u0131z birbirinden farkl\u0131 ve \u00f6zg\u00fcn bir\u00e7ok etkinlik i\u00e7ermektedir. Yolculu\u011funuz boyunca farkl\u0131 bak\u0131\u015f a\u00e7\u0131lar\u0131 kazanarak daha h\u0131zl\u0131 \u00e7\u00f6z\u00fcme ula\u015ft\u0131\u011f\u0131n\u0131za ve kelime da\u011farc\u0131\u011f\u0131n\u0131z\u0131n geli\u015fti\u011fine \u015fahit olacaks\u0131n\u0131z.&#8221; <\/p>\n","protected":false},"excerpt":{"rendered":"<p>&#8220;Resfebenin b\u00fcy\u00fcl\u00fc d\u00fcnyas\u0131na yolculu\u011fa \u00e7\u0131kmaya haz\u0131r olun! Rebus, kelime veya kelime gruplar\u0131n\u0131n, harf, say\u0131 ve resimlerle temsil edilmesiyle olu\u015fturulan bulmacalara denir. \u00dclkemizde K\u00f6ksal Karaku\u015f, resim ve<span class=\"excerpt-hellip\"> [\u2026]<\/span><\/p>\n","protected":false},"featured_media":0,"template":"","meta":{"_monsterinsights_skip_tracking":false,"_monsterinsights_sitenote_active":false,"_monsterinsights_sitenote_note":"","_monsterinsights_sitenote_category":0},"product_brand":[],"product_cat":[12492,12274],"product_tag":[],"class_list":{"0":"post-728051","1":"product","2":"type-product","3":"status-publish","5":"product_cat-bilmece-bulmaca","6":"product_cat-cocuk-ve-genclik-kitaplari","7":"pa_cilt-ciltsiz","8":"pa_tur-kitap","9":"pa_yayinevi-nar-agaci-cocuk-yayinlari","10":"pa_yazar-gulcin-ates-erdogan","12":"first","13":"instock","14":"sale","15":"shipping-taxable","16":"purchasable","17":"product-type-simple"},"_links":{"self":[{"href":"https:\/\/roveyayinevi.com.tr\/index.php\/wp-json\/wp\/v2\/product\/728051","targetHints":{"allow":["GET"]}}],"collection":[{"href":"https:\/\/roveyayinevi.com.tr\/index.php\/wp-json\/wp\/v2\/product"}],"about":[{"href":"https:\/\/roveyayinevi.com.tr\/index.php\/wp-json\/wp\/v2\/types\/product"}],"wp:attachment":[{"href":"https:\/\/roveyayinevi.com.tr\/index.php\/wp-json\/wp\/v2\/media?parent=728051"}],"wp:term":[{"taxonomy":"product_brand","embeddable":true,"href":"https:\/\/roveyayinevi.com.tr\/index.php\/wp-json\/wp\/v2\/product_brand?post=728051"},{"taxonomy":"product_cat","embeddable":true,"href":"https:\/\/roveyayinevi.com.tr\/index.php\/wp-json\/wp\/v2\/product_cat?post=728051"},{"taxonomy":"product_tag","embeddable":true,"href":"https:\/\/roveyayinevi.com.tr\/index.php\/wp-json\/wp\/v2\/product_tag?post=728051"}],"curies":[{"name":"wp","href":"https:\/\/api.w.org\/{rel}","templated":true}]}}