{"id":728049,"date":"2025-08-27T20:33:10","date_gmt":"2025-08-27T17:33:10","guid":{"rendered":"https:\/\/roveyayinevi.com.tr\/index.php\/urun\/muzeyyen\/"},"modified":"2026-04-16T02:35:51","modified_gmt":"2026-04-15T23:35:51","slug":"muzeyyen","status":"publish","type":"product","link":"https:\/\/roveyayinevi.com.tr\/index.php\/urun\/muzeyyen\/","title":{"rendered":"M\u00fczeyyen"},"content":{"rendered":"<p>Ger\u00e7ek olaylardan esinlenilmi\u015f bir ya\u015fam hik\u00e2yesi\u2026 Ve \u015fark\u0131y\u0131 bitirir bitirmez h\u00fcng\u00fcr h\u00fcng\u00fcr a\u011fl\u0131yordum. Bu davran\u0131\u015f\u0131ma kimse ak\u0131l s\u0131r erdiremiyor, bu kadar h\u00fcz\u00fcnl\u00fc olmam\u0131n \u00f6n\u00fcne ge\u00e7emiyorlard\u0131. Asl\u0131nda bana g\u00f6re b\u00f6yle olmam gayet normaldi. \u00c7\u00fcnk\u00fc \u015fark\u0131lardaki h\u00fcz\u00fcn, ister istemez i\u00e7ime i\u015fliyordu. Evdekiler ise beni u\u011fursuz olarak g\u00f6r\u00fcyordu. Annem \u201cAllah sonumuzu hay\u0131r etsin! Bu k\u0131z kendi kaderine, kendi ya\u015fayacaklar\u0131na m\u0131 a\u011fl\u0131yor?\u201d diye kendi kendine soruyor ancak elinden bir \u015fey gelmiyordu. <\/p>\n","protected":false},"excerpt":{"rendered":"<p>Ger\u00e7ek olaylardan esinlenilmi\u015f bir ya\u015fam hik\u00e2yesi\u2026 Ve \u015fark\u0131y\u0131 bitirir bitirmez h\u00fcng\u00fcr h\u00fcng\u00fcr a\u011fl\u0131yordum. Bu davran\u0131\u015f\u0131ma kimse ak\u0131l s\u0131r erdiremiyor, bu kadar h\u00fcz\u00fcnl\u00fc olmam\u0131n \u00f6n\u00fcne ge\u00e7emiyorlard\u0131. Asl\u0131nda<span class=\"excerpt-hellip\"> [\u2026]<\/span><\/p>\n","protected":false},"featured_media":0,"template":"","meta":{"_monsterinsights_skip_tracking":false,"_monsterinsights_sitenote_active":false,"_monsterinsights_sitenote_note":"","_monsterinsights_sitenote_category":0},"product_brand":[],"product_cat":[12291,12711],"product_tag":[],"class_list":{"0":"post-728049","1":"product","2":"type-product","3":"status-publish","5":"product_cat-edebiyat","6":"product_cat-roman-oyku","7":"pa_cilt-ciltsiz","8":"pa_tur-kitap","9":"pa_yayinevi-luna-yayinlari","10":"pa_yazar-nuray-altay-ozkan","12":"first","13":"instock","14":"sale","15":"shipping-taxable","16":"purchasable","17":"product-type-simple"},"_links":{"self":[{"href":"https:\/\/roveyayinevi.com.tr\/index.php\/wp-json\/wp\/v2\/product\/728049","targetHints":{"allow":["GET"]}}],"collection":[{"href":"https:\/\/roveyayinevi.com.tr\/index.php\/wp-json\/wp\/v2\/product"}],"about":[{"href":"https:\/\/roveyayinevi.com.tr\/index.php\/wp-json\/wp\/v2\/types\/product"}],"wp:attachment":[{"href":"https:\/\/roveyayinevi.com.tr\/index.php\/wp-json\/wp\/v2\/media?parent=728049"}],"wp:term":[{"taxonomy":"product_brand","embeddable":true,"href":"https:\/\/roveyayinevi.com.tr\/index.php\/wp-json\/wp\/v2\/product_brand?post=728049"},{"taxonomy":"product_cat","embeddable":true,"href":"https:\/\/roveyayinevi.com.tr\/index.php\/wp-json\/wp\/v2\/product_cat?post=728049"},{"taxonomy":"product_tag","embeddable":true,"href":"https:\/\/roveyayinevi.com.tr\/index.php\/wp-json\/wp\/v2\/product_tag?post=728049"}],"curies":[{"name":"wp","href":"https:\/\/api.w.org\/{rel}","templated":true}]}}