{"id":728048,"date":"2025-08-27T20:33:09","date_gmt":"2025-08-27T17:33:09","guid":{"rendered":"https:\/\/roveyayinevi.com.tr\/index.php\/urun\/hayatin-ellerinden-tut\/"},"modified":"2026-04-16T02:35:51","modified_gmt":"2026-04-15T23:35:51","slug":"hayatin-ellerinden-tut","status":"publish","type":"product","link":"https:\/\/roveyayinevi.com.tr\/index.php\/urun\/hayatin-ellerinden-tut\/","title":{"rendered":"Hayat\u0131n Ellerinden Tut"},"content":{"rendered":"<p>Ah \u015fu sineklerde olmasa\u2026 Senin gibi a\u00e7 onlar da. Elini kald\u0131r\u0131p kovalayacak g\u00fcc\u00fcn kalmam\u0131\u015f. B\u0131rak kals\u0131nlar g\u00f6z p\u0131narlar\u0131nda. Daha fazla yorulma. Sadece bir kemi\u011fin kalm\u0131\u015f bir de derin. Ben anneyim; siyah, k\u0131v\u0131rc\u0131k sa\u00e7l\u0131 k\u00fc\u00e7\u00fck \u00e7ocuk. Senin i\u00e7in ne yapmam laz\u0131msa, di\u011fer anneler gibi yapmaya haz\u0131r\u0131m. Sen ba\u015f\u0131n\u0131 ba\u011fr\u0131ma yasla ve iste. Biliyorum, en \u00f6nce annen i\u00e7in olacak isteklerin.\u201d Hilal Alt\u0131nova hayatta her g\u00fcn rastlan\u0131lan ama bir t\u00fcrl\u00fc dile gelmemi\u015f d\u00fc\u015f\u00fcncelerin sesi oluyor. Her kitap bir ba\u015flang\u0131\u00e7sa hayata yeni bir ba\u015flang\u0131\u00e7 yapmak i\u00e7in bu sat\u0131rlarda d\u00fc\u015f\u00fcncelerinizin dola\u015fmas\u0131na izin verin. Yazar\u0131n da dedi\u011fi gibi\u2026 \u201cKalbinin yaras\u0131na merhem olarak kitap s\u00fcrmek istersen elindeki kitapla ba\u015fla!\u201d <\/p>\n","protected":false},"excerpt":{"rendered":"<p>Ah \u015fu sineklerde olmasa\u2026 Senin gibi a\u00e7 onlar da. Elini kald\u0131r\u0131p kovalayacak g\u00fcc\u00fcn kalmam\u0131\u015f. B\u0131rak kals\u0131nlar g\u00f6z p\u0131narlar\u0131nda. Daha fazla yorulma. Sadece bir kemi\u011fin kalm\u0131\u015f bir<span class=\"excerpt-hellip\"> [\u2026]<\/span><\/p>\n","protected":false},"featured_media":0,"template":"","meta":{"_monsterinsights_skip_tracking":false,"_monsterinsights_sitenote_active":false,"_monsterinsights_sitenote_note":"","_monsterinsights_sitenote_category":0},"product_brand":[],"product_cat":[12777,12291],"product_tag":[],"class_list":{"0":"post-728048","1":"product","2":"type-product","3":"status-publish","5":"product_cat-deneme","6":"product_cat-edebiyat","7":"pa_cilt-ciltsiz","8":"pa_tur-kitap","9":"pa_yayinevi-luna-yayinlari","10":"pa_yazar-bahriye-hilal-altinova","12":"first","13":"instock","14":"sale","15":"shipping-taxable","16":"purchasable","17":"product-type-simple"},"_links":{"self":[{"href":"https:\/\/roveyayinevi.com.tr\/index.php\/wp-json\/wp\/v2\/product\/728048","targetHints":{"allow":["GET"]}}],"collection":[{"href":"https:\/\/roveyayinevi.com.tr\/index.php\/wp-json\/wp\/v2\/product"}],"about":[{"href":"https:\/\/roveyayinevi.com.tr\/index.php\/wp-json\/wp\/v2\/types\/product"}],"wp:attachment":[{"href":"https:\/\/roveyayinevi.com.tr\/index.php\/wp-json\/wp\/v2\/media?parent=728048"}],"wp:term":[{"taxonomy":"product_brand","embeddable":true,"href":"https:\/\/roveyayinevi.com.tr\/index.php\/wp-json\/wp\/v2\/product_brand?post=728048"},{"taxonomy":"product_cat","embeddable":true,"href":"https:\/\/roveyayinevi.com.tr\/index.php\/wp-json\/wp\/v2\/product_cat?post=728048"},{"taxonomy":"product_tag","embeddable":true,"href":"https:\/\/roveyayinevi.com.tr\/index.php\/wp-json\/wp\/v2\/product_tag?post=728048"}],"curies":[{"name":"wp","href":"https:\/\/api.w.org\/{rel}","templated":true}]}}