{"id":728047,"date":"2025-08-27T20:33:08","date_gmt":"2025-08-27T17:33:08","guid":{"rendered":"https:\/\/roveyayinevi.com.tr\/index.php\/urun\/fezmonot\/"},"modified":"2026-04-16T02:35:51","modified_gmt":"2026-04-15T23:35:51","slug":"fezmonot","status":"publish","type":"product","link":"https:\/\/roveyayinevi.com.tr\/index.php\/urun\/fezmonot\/","title":{"rendered":"Fezmonot"},"content":{"rendered":"<p>Haberlerde Y\u015eTC\u2019nin lideri Yama\u00e7\u2018\u0131n bo\u015fta kalan devlet idaresini ald\u0131\u011f\u0131 yaz\u0131yordu. Yama\u00e7 hemen ulusa sesleni\u015f konu\u015fmas\u0131 yaparak, \u201cT\u00fcm T\u00fcrkiye halk\u0131na sesleniyorum: Bu karga\u015fada ve k\u0131yamette ya\u015fayan t\u00fcm canl\u0131lar\u0131 kurtaraca\u011f\u0131z. \u0130daresini ald\u0131\u011f\u0131m\u0131z devletimizi daha g\u00fc\u00e7l\u00fc hale getirece\u011fiz. Bizler, bu olaylar\u0131n olaca\u011f\u0131n\u0131 \u00f6ng\u00f6rd\u00fc\u011f\u00fcm\u00fcz i\u00e7in geli\u015ftirdi\u011fimiz t\u00fcm teknolojimiz ve silahlar\u0131m\u0131zla, topraklar\u0131m\u0131z\u0131 bu salg\u0131ndan temizleyip t\u00fcm d\u00fcnyay\u0131 kurtaraca\u011f\u0131z,\u201d dedi. E\u015fler sevin\u00e7lerinden birbirlerine sar\u0131ld\u0131lar. Y\u0131\u011far kasabas\u0131n\u0131n belediye hoparl\u00f6r\u00fcnden, \u201cY\u015eTC her yerde h\u00e2kimiyeti ele alm\u0131\u015ft\u0131r. Ya\u015fam kamp\u0131na g\u00f6t\u00fcr\u00fclmek \u00fczere, kurtulan t\u00fcm vatanda\u015flar\u0131m\u0131z belediye binas\u0131na gelsin!\u201d diye anons ge\u00e7ildi. <\/p>\n","protected":false},"excerpt":{"rendered":"<p>Haberlerde Y\u015eTC\u2019nin lideri Yama\u00e7\u2018\u0131n bo\u015fta kalan devlet idaresini ald\u0131\u011f\u0131 yaz\u0131yordu. Yama\u00e7 hemen ulusa sesleni\u015f konu\u015fmas\u0131 yaparak, \u201cT\u00fcm T\u00fcrkiye halk\u0131na sesleniyorum: Bu karga\u015fada ve k\u0131yamette ya\u015fayan t\u00fcm<span class=\"excerpt-hellip\"> [\u2026]<\/span><\/p>\n","protected":false},"featured_media":0,"template":"","meta":{"_monsterinsights_skip_tracking":false,"_monsterinsights_sitenote_active":false,"_monsterinsights_sitenote_note":"","_monsterinsights_sitenote_category":0},"product_brand":[],"product_cat":[12291,12711],"product_tag":[],"class_list":{"0":"post-728047","1":"product","2":"type-product","3":"status-publish","5":"product_cat-edebiyat","6":"product_cat-roman-oyku","7":"pa_cilt-ciltsiz","8":"pa_tur-kitap","9":"pa_yayinevi-luna-yayinlari","10":"pa_yazar-yamac-erdogan","12":"first","13":"instock","14":"sale","15":"shipping-taxable","16":"purchasable","17":"product-type-simple"},"_links":{"self":[{"href":"https:\/\/roveyayinevi.com.tr\/index.php\/wp-json\/wp\/v2\/product\/728047","targetHints":{"allow":["GET"]}}],"collection":[{"href":"https:\/\/roveyayinevi.com.tr\/index.php\/wp-json\/wp\/v2\/product"}],"about":[{"href":"https:\/\/roveyayinevi.com.tr\/index.php\/wp-json\/wp\/v2\/types\/product"}],"wp:attachment":[{"href":"https:\/\/roveyayinevi.com.tr\/index.php\/wp-json\/wp\/v2\/media?parent=728047"}],"wp:term":[{"taxonomy":"product_brand","embeddable":true,"href":"https:\/\/roveyayinevi.com.tr\/index.php\/wp-json\/wp\/v2\/product_brand?post=728047"},{"taxonomy":"product_cat","embeddable":true,"href":"https:\/\/roveyayinevi.com.tr\/index.php\/wp-json\/wp\/v2\/product_cat?post=728047"},{"taxonomy":"product_tag","embeddable":true,"href":"https:\/\/roveyayinevi.com.tr\/index.php\/wp-json\/wp\/v2\/product_tag?post=728047"}],"curies":[{"name":"wp","href":"https:\/\/api.w.org\/{rel}","templated":true}]}}