{"id":728046,"date":"2025-08-27T20:33:08","date_gmt":"2025-08-27T17:33:08","guid":{"rendered":"https:\/\/roveyayinevi.com.tr\/index.php\/urun\/okul-oncesinde-ilkokula-buyume-macerasinda-altin-esik\/"},"modified":"2026-04-16T02:35:51","modified_gmt":"2026-04-15T23:35:51","slug":"okul-oncesinde-ilkokula-buyume-macerasinda-altin-esik","status":"publish","type":"product","link":"https:\/\/roveyayinevi.com.tr\/index.php\/urun\/okul-oncesinde-ilkokula-buyume-macerasinda-altin-esik\/","title":{"rendered":"Okul \u00d6ncesinde \u0130lkokula: B\u00fcy\u00fcme Maceras\u0131nda Alt\u0131n E\u015fik"},"content":{"rendered":"<p>\u0130lkokula ba\u015flamak b\u00fcy\u00fcme yolculu\u011funda \u00e7ocu\u011fun ya\u015fam\u0131ndaki alt\u0131n e\u015fiklerden biridir. \u00c7ocuklar\u0131n ilk ciddi e\u011fitim-\u00f6\u011fretim ya\u015famlar\u0131na olumlu ba\u015flamalar\u0131; \u00f6\u011frenmelerine okula daha fazla ilgi duymalar\u0131na okula devam oranlar\u0131na olumlu y\u00f6nde etki ederken ilkokulda sonraki e\u011fitim kademelerinde daha ba\u015far\u0131l\u0131 olmalar\u0131na ve hayata daha donan\u0131ml\u0131 haz\u0131rlanmalar\u0131na da destek sa\u011flar. Bu nedenle kritiktir ve \u00f6nemle \u00fczerinde durulmal\u0131d\u0131r. &#8220;\u0130lkokula Haz\u0131rl\u0131k&#8221; b\u00fct\u00fcnsel olarak ele al\u0131nmas\u0131 gereken uzun soluklu bir s\u00fcre\u00e7 olup \u00e7ocuklar\u0131n t\u00fcm geli\u015fim alanlar\u0131nda &#8220;1. S\u0131n\u0131f&#8221;\u0131n bekledi\u011fi yeterlilikleri yerine getirebilmesi olarak da tan\u0131mlanabilir. \u00c7ocuklara ilkokul i\u00e7in gerekli olan temel becerilerin kazand\u0131r\u0131lmas\u0131 onlar\u0131n olumlu okul alg\u0131s\u0131 geli\u015ftirerek ilkokula adaptasyonunu kolayla\u015ft\u0131r\u0131r.&#8221;Okul \u00d6ncesinden \u0130lkokula: B\u00fcy\u00fcme Maceras\u0131nda Alt\u0131n E\u015fik&#8221; kitab\u0131 etkinlik havuzu \u015feklinde haz\u0131rlanm\u0131\u015ft\u0131r. \u00d6\u011fretmenlere ve \u00d6\u011fretmen adaylar\u0131na s\u0131n\u0131f i\u00e7i uygulama \u00f6rneklerini oyun temelli bir\u00e7ok farkl\u0131 etkinlikle e\u011flenceli bir \u015fekilde sunan ba\u015fucu kitab\u0131 niteli\u011findedir. &#8220;Okul \u00d6ncesinden \u0130lkokula: B\u00fcy\u00fcme Maceras\u0131nda Alt\u0131n E\u015fik&#8221; kitab\u0131n\u0131n Sevgili E\u011fitimci Arkada\u015flar\u0131ma ilkokula haz\u0131rl\u0131k konusunda rehberlik ederek \u00e7ocuklar\u0131m\u0131z\u0131n ilkokula e\u015fit f\u0131rsatta ba\u015flamalar\u0131na destek sa\u011flamas\u0131 dile\u011fiyle&#8230;Her \u015eey \u00c7ocuklar \u0130\u00e7in.<\/p>\n","protected":false},"excerpt":{"rendered":"<p>\u0130lkokula ba\u015flamak b\u00fcy\u00fcme yolculu\u011funda \u00e7ocu\u011fun ya\u015fam\u0131ndaki alt\u0131n e\u015fiklerden biridir. \u00c7ocuklar\u0131n ilk ciddi e\u011fitim-\u00f6\u011fretim ya\u015famlar\u0131na olumlu ba\u015flamalar\u0131; \u00f6\u011frenmelerine okula daha fazla ilgi duymalar\u0131na okula devam oranlar\u0131na olumlu<span class=\"excerpt-hellip\"> [\u2026]<\/span><\/p>\n","protected":false},"featured_media":0,"template":"","meta":{"_monsterinsights_skip_tracking":false,"_monsterinsights_sitenote_active":false,"_monsterinsights_sitenote_note":"","_monsterinsights_sitenote_category":0},"product_brand":[],"product_cat":[12573,12566],"product_tag":[],"class_list":{"0":"post-728046","1":"product","2":"type-product","3":"status-publish","5":"product_cat-akademik-kitaplar","6":"product_cat-egitim","7":"pa_cilt-ciltsiz","8":"pa_tur-kitap","9":"pa_yayinevi-nesil-yayinlari","10":"pa_yazar-ozgul-polat","12":"first","13":"instock","14":"sale","15":"shipping-taxable","16":"purchasable","17":"product-type-simple"},"_links":{"self":[{"href":"https:\/\/roveyayinevi.com.tr\/index.php\/wp-json\/wp\/v2\/product\/728046","targetHints":{"allow":["GET"]}}],"collection":[{"href":"https:\/\/roveyayinevi.com.tr\/index.php\/wp-json\/wp\/v2\/product"}],"about":[{"href":"https:\/\/roveyayinevi.com.tr\/index.php\/wp-json\/wp\/v2\/types\/product"}],"wp:attachment":[{"href":"https:\/\/roveyayinevi.com.tr\/index.php\/wp-json\/wp\/v2\/media?parent=728046"}],"wp:term":[{"taxonomy":"product_brand","embeddable":true,"href":"https:\/\/roveyayinevi.com.tr\/index.php\/wp-json\/wp\/v2\/product_brand?post=728046"},{"taxonomy":"product_cat","embeddable":true,"href":"https:\/\/roveyayinevi.com.tr\/index.php\/wp-json\/wp\/v2\/product_cat?post=728046"},{"taxonomy":"product_tag","embeddable":true,"href":"https:\/\/roveyayinevi.com.tr\/index.php\/wp-json\/wp\/v2\/product_tag?post=728046"}],"curies":[{"name":"wp","href":"https:\/\/api.w.org\/{rel}","templated":true}]}}