{"id":728044,"date":"2025-08-27T20:33:06","date_gmt":"2025-08-27T17:33:06","guid":{"rendered":"https:\/\/roveyayinevi.com.tr\/index.php\/urun\/hive-seyahatnamesi-ve-tarihi-musavver\/"},"modified":"2026-04-16T02:35:51","modified_gmt":"2026-04-15T23:35:51","slug":"hive-seyahatnamesi-ve-tarihi-musavver","status":"publish","type":"product","link":"https:\/\/roveyayinevi.com.tr\/index.php\/urun\/hive-seyahatnamesi-ve-tarihi-musavver\/","title":{"rendered":"Hive Seyahatnamesi  ve Tarihi Musavver"},"content":{"rendered":"<p>Eserin yazar\u0131 A. Mac Gahan New York Herald gazetesinin muhabiri olarak Rus ordusu ile birlikte Hive seferine kat\u0131lm\u0131\u015f ve g\u00f6rd\u00fcklerini tarafs\u0131z bir g\u00f6zle nakletti\u011fi gibi, Ruslar\u0131n katliam\u0131n\u0131 da canl\u0131 bir \u015fekilde tasvir etmi\u015ftir. Eserde bu vesile ile Rus istil\u00e2s\u0131 s\u0131ras\u0131nda T\u00fcrkistan\u2019\u0131n durumu, halk\u0131n ya\u015fay\u0131\u015f\u0131, \u00f6rf ve \u00e2detleri hakk\u0131nda da ilgi \u00e7ekici pek \u00e7ok kayda rast gelinmekte; hatta bu s\u0131rada hutbelerde Osmanl\u0131 sultan\u0131 Abd\u00fclaziz\u2019in ad\u0131n\u0131n zikredildi\u011fi de kaydedilmektedir. <\/p>\n","protected":false},"excerpt":{"rendered":"<p>Eserin yazar\u0131 A. Mac Gahan New York Herald gazetesinin muhabiri olarak Rus ordusu ile birlikte Hive seferine kat\u0131lm\u0131\u015f ve g\u00f6rd\u00fcklerini tarafs\u0131z bir g\u00f6zle nakletti\u011fi gibi, Ruslar\u0131n<span class=\"excerpt-hellip\"> [\u2026]<\/span><\/p>\n","protected":false},"featured_media":0,"template":"","meta":{"_monsterinsights_skip_tracking":false,"_monsterinsights_sitenote_active":false,"_monsterinsights_sitenote_note":"","_monsterinsights_sitenote_category":0},"product_brand":[],"product_cat":[12304,13650],"product_tag":[],"class_list":{"0":"post-728044","1":"product","2":"type-product","3":"status-publish","5":"product_cat-tarih","6":"product_cat-turk-tarihi-arastirmalari","7":"pa_cilt-ciltsiz","8":"pa_tur-kitap","9":"pa_yayinevi-altinordu-yayinlari","10":"pa_yazar-i-a-mac-gahan","12":"first","13":"instock","14":"sale","15":"shipping-taxable","16":"purchasable","17":"product-type-simple"},"_links":{"self":[{"href":"https:\/\/roveyayinevi.com.tr\/index.php\/wp-json\/wp\/v2\/product\/728044","targetHints":{"allow":["GET"]}}],"collection":[{"href":"https:\/\/roveyayinevi.com.tr\/index.php\/wp-json\/wp\/v2\/product"}],"about":[{"href":"https:\/\/roveyayinevi.com.tr\/index.php\/wp-json\/wp\/v2\/types\/product"}],"wp:attachment":[{"href":"https:\/\/roveyayinevi.com.tr\/index.php\/wp-json\/wp\/v2\/media?parent=728044"}],"wp:term":[{"taxonomy":"product_brand","embeddable":true,"href":"https:\/\/roveyayinevi.com.tr\/index.php\/wp-json\/wp\/v2\/product_brand?post=728044"},{"taxonomy":"product_cat","embeddable":true,"href":"https:\/\/roveyayinevi.com.tr\/index.php\/wp-json\/wp\/v2\/product_cat?post=728044"},{"taxonomy":"product_tag","embeddable":true,"href":"https:\/\/roveyayinevi.com.tr\/index.php\/wp-json\/wp\/v2\/product_tag?post=728044"}],"curies":[{"name":"wp","href":"https:\/\/api.w.org\/{rel}","templated":true}]}}