{"id":728043,"date":"2025-08-27T20:33:05","date_gmt":"2025-08-27T17:33:05","guid":{"rendered":"https:\/\/roveyayinevi.com.tr\/index.php\/urun\/olaganustu-hal-bolge-valiligi\/"},"modified":"2026-04-16T02:35:51","modified_gmt":"2026-04-15T23:35:51","slug":"olaganustu-hal-bolge-valiligi","status":"publish","type":"product","link":"https:\/\/roveyayinevi.com.tr\/index.php\/urun\/olaganustu-hal-bolge-valiligi\/","title":{"rendered":"Ola\u011fan\u00fcst\u00fc Hal B\u00f6lge Valili\u011fi"},"content":{"rendered":"<p>Giri\u015f B\u00f6lge Ve B\u00f6lge Y\u00f6netimi Kavramlar\u0131 Birinci B\u00f6l\u00fcm Cumhuriyet \u00d6ncesi M\u00fclki \u0130dare B\u00f6l\u00fcmleri Ve B\u00f6lge Y\u00f6netim Uygulamas\u0131 \u00d6rnekleri \u0130kinci B\u00f6l\u00fcm Cumhuriyet\u2019in \u0130lan\u0131 Sonras\u0131 M\u00fclki \u0130darelerde De\u011fi\u015fim Ve B\u00f6lge Y\u00f6netim Uygulamalar\u0131 \u00dc\u00e7\u00fcnc\u00fc B\u00f6l\u00fcm Ola\u011fan\u00fcst\u00fc Hal B\u00f6lge Valili\u011fi Uygulamas\u0131 D\u00f6rd\u00fcnc\u00fc B\u00f6l\u00fcm B\u00f6lge Y\u00f6netimlerine Y\u00f6nelik Di\u011fer Uygulamalar, \u00c7al\u0131\u015fmalar Ve Yay\u0131nlar <\/p>\n","protected":false},"excerpt":{"rendered":"<p>Giri\u015f B\u00f6lge Ve B\u00f6lge Y\u00f6netimi Kavramlar\u0131 Birinci B\u00f6l\u00fcm Cumhuriyet \u00d6ncesi M\u00fclki \u0130dare B\u00f6l\u00fcmleri Ve B\u00f6lge Y\u00f6netim Uygulamas\u0131 \u00d6rnekleri \u0130kinci B\u00f6l\u00fcm Cumhuriyet\u2019in \u0130lan\u0131 Sonras\u0131 M\u00fclki \u0130darelerde De\u011fi\u015fim<span class=\"excerpt-hellip\"> [\u2026]<\/span><\/p>\n","protected":false},"featured_media":0,"template":"","meta":{"_monsterinsights_skip_tracking":false,"_monsterinsights_sitenote_active":false,"_monsterinsights_sitenote_note":"","_monsterinsights_sitenote_category":0},"product_brand":[],"product_cat":[13043,19008],"product_tag":[],"class_list":{"0":"post-728043","1":"product","2":"type-product","3":"status-publish","5":"product_cat-ekonomi","6":"product_cat-yonetim","7":"pa_cilt-ciltsiz","8":"pa_tur-kitap","9":"pa_yayinevi-gazi-kitabevi","10":"pa_yazar-hakan-bacanli","12":"first","13":"instock","14":"sale","15":"shipping-taxable","16":"purchasable","17":"product-type-simple"},"_links":{"self":[{"href":"https:\/\/roveyayinevi.com.tr\/index.php\/wp-json\/wp\/v2\/product\/728043","targetHints":{"allow":["GET"]}}],"collection":[{"href":"https:\/\/roveyayinevi.com.tr\/index.php\/wp-json\/wp\/v2\/product"}],"about":[{"href":"https:\/\/roveyayinevi.com.tr\/index.php\/wp-json\/wp\/v2\/types\/product"}],"wp:attachment":[{"href":"https:\/\/roveyayinevi.com.tr\/index.php\/wp-json\/wp\/v2\/media?parent=728043"}],"wp:term":[{"taxonomy":"product_brand","embeddable":true,"href":"https:\/\/roveyayinevi.com.tr\/index.php\/wp-json\/wp\/v2\/product_brand?post=728043"},{"taxonomy":"product_cat","embeddable":true,"href":"https:\/\/roveyayinevi.com.tr\/index.php\/wp-json\/wp\/v2\/product_cat?post=728043"},{"taxonomy":"product_tag","embeddable":true,"href":"https:\/\/roveyayinevi.com.tr\/index.php\/wp-json\/wp\/v2\/product_tag?post=728043"}],"curies":[{"name":"wp","href":"https:\/\/api.w.org\/{rel}","templated":true}]}}