{"id":728041,"date":"2025-08-27T20:33:04","date_gmt":"2025-08-27T17:33:04","guid":{"rendered":"https:\/\/roveyayinevi.com.tr\/index.php\/urun\/akilli-tasarim-evrimsel-tasarim\/"},"modified":"2026-04-16T02:35:51","modified_gmt":"2026-04-15T23:35:51","slug":"akilli-tasarim-evrimsel-tasarim","status":"publish","type":"product","link":"https:\/\/roveyayinevi.com.tr\/index.php\/urun\/akilli-tasarim-evrimsel-tasarim\/","title":{"rendered":"Ak\u0131ll\u0131 Tasar\u0131m \u2013 Evrimsel Tasar\u0131m"},"content":{"rendered":"<p>Bu kitapta d\u00fcnyada ve \u00fclkemizde en \u00e7ok tart\u0131\u015f\u0131lan konular a\u00e7\u0131klanmaya \u00e7al\u0131\u015f\u0131lacakt\u0131r: Anomali ile hatal\u0131 yap\u0131 aras\u0131ndaki fark nedir? Canl\u0131lar evrimle\u015fme sonucu mu olu\u015ftu ve \u00e7e\u015fitlendi, yoksa yarat\u0131ld\u0131 m\u0131? \u0130nsan soyunda bilinen yakla\u015f\u0131k 9.000 \u00e7e\u015fit hastal\u0131k neden var? Her insan\u0131n muzdarip oldu\u011fu baz\u0131 yap\u0131sal ve i\u015flevsel bozukluklar neden var, neden d\u00fczeltilmedi? Her insanda g\u00f6r\u00fclen yap\u0131sal ve fizyolojik ar\u0131zalar\u0131n k\u00f6keni nereden, kimlerden kaynaklanm\u0131\u015ft\u0131r? Yedi\u011fimiz sebze ve meyvelerin do\u011fadaki ilkel h\u00e2lleri neden k\u00fc\u00e7\u00fck, lezzetsiz ve albenisizdir? Bug\u00fcn yedi\u011fimiz bir\u00e7ok meyve ve sebzenin ata formu nedir? E\u011fer daha m\u00fckemmel bir insan yapmak istersek neyi nas\u0131l yapabiliriz? \u0130nsana \u00fc\u00e7\u00fcnc\u00fc bir g\u00f6z eklemek istersek nereye yerle\u015ftiririz ve neden? Evrimsel olu\u015fumu \u00f6\u011frenme, bilimi ve bilimsel merak\u0131 neden geli\u015ftirir? Atalar\u0131m\u0131zda yarar sa\u011flayan baz\u0131 \u00f6zellikler, sosyal ya\u015fama ge\u00e7ince neden s\u0131k\u0131nt\u0131 yaratmaya ba\u015flad\u0131? Dijital ya\u015fam bize neye mal olmu\u015ftur; olacakt\u0131r? Yarat\u0131l\u0131\u015f ve dogma inanc\u0131 neden bilimsel d\u00fc\u015f\u00fcnceleri k\u00f6stekler?  <\/p>\n","protected":false},"excerpt":{"rendered":"<p>Bu kitapta d\u00fcnyada ve \u00fclkemizde en \u00e7ok tart\u0131\u015f\u0131lan konular a\u00e7\u0131klanmaya \u00e7al\u0131\u015f\u0131lacakt\u0131r: Anomali ile hatal\u0131 yap\u0131 aras\u0131ndaki fark nedir? Canl\u0131lar evrimle\u015fme sonucu mu olu\u015ftu ve \u00e7e\u015fitlendi, yoksa<span class=\"excerpt-hellip\"> [\u2026]<\/span><\/p>\n","protected":false},"featured_media":0,"template":"","meta":{"_monsterinsights_skip_tracking":false,"_monsterinsights_sitenote_active":false,"_monsterinsights_sitenote_note":"","_monsterinsights_sitenote_category":0},"product_brand":[],"product_cat":[13005,13010],"product_tag":[],"class_list":{"0":"post-728041","1":"product","2":"type-product","3":"status-publish","5":"product_cat-bilim-muhendislik","6":"product_cat-doga-bilimleri","7":"pa_cilt-ciltsiz","8":"pa_tur-kitap","9":"pa_yayinevi-akil-celen-kitaplar","10":"pa_yazar-ali-demirsoy","12":"first","13":"instock","14":"sale","15":"shipping-taxable","16":"purchasable","17":"product-type-simple"},"_links":{"self":[{"href":"https:\/\/roveyayinevi.com.tr\/index.php\/wp-json\/wp\/v2\/product\/728041","targetHints":{"allow":["GET"]}}],"collection":[{"href":"https:\/\/roveyayinevi.com.tr\/index.php\/wp-json\/wp\/v2\/product"}],"about":[{"href":"https:\/\/roveyayinevi.com.tr\/index.php\/wp-json\/wp\/v2\/types\/product"}],"wp:attachment":[{"href":"https:\/\/roveyayinevi.com.tr\/index.php\/wp-json\/wp\/v2\/media?parent=728041"}],"wp:term":[{"taxonomy":"product_brand","embeddable":true,"href":"https:\/\/roveyayinevi.com.tr\/index.php\/wp-json\/wp\/v2\/product_brand?post=728041"},{"taxonomy":"product_cat","embeddable":true,"href":"https:\/\/roveyayinevi.com.tr\/index.php\/wp-json\/wp\/v2\/product_cat?post=728041"},{"taxonomy":"product_tag","embeddable":true,"href":"https:\/\/roveyayinevi.com.tr\/index.php\/wp-json\/wp\/v2\/product_tag?post=728041"}],"curies":[{"name":"wp","href":"https:\/\/api.w.org\/{rel}","templated":true}]}}