{"id":728039,"date":"2025-08-27T20:33:02","date_gmt":"2025-08-27T17:33:02","guid":{"rendered":"https:\/\/roveyayinevi.com.tr\/index.php\/urun\/gencler-icin-ozguven\/"},"modified":"2026-04-05T02:43:17","modified_gmt":"2026-04-04T23:43:17","slug":"gencler-icin-ozguven","status":"publish","type":"product","link":"https:\/\/roveyayinevi.com.tr\/index.php\/urun\/gencler-icin-ozguven\/","title":{"rendered":"Gen\u00e7ler \u0130\u00e7in \u00d6zg\u00fcven"},"content":{"rendered":"<p>\u00d6zg\u00fcven sahibi olmak ve hedeflerinize ula\u015fmak i\u00e7in beceriler\u2026 \u00d6zg\u00fcven sahibi olmak \u00e7evrenizdeki di\u011fer insanlara, farkl\u0131 farkl\u0131 durumlara ve duygular\u0131n\u0131za g\u00fcvenle yakla\u015fman\u0131z\u0131 sa\u011flar. \u00d6zg\u00fcven sayesinde arkada\u015f edinmeniz kolayla\u015facak, okul ba\u015far\u0131n\u0131z artacak ve istedi\u011finiz \u015feyleri daha kolay elde edeceksiniz. G\u00fc\u00e7l\u00fc yanlar\u0131n\u0131zla gurur duyup zay\u0131f yanlar\u0131n\u0131z\u0131 kabul etti\u011finizde, kendinizi daha iyi tan\u0131mlaman\u0131z m\u00fcmk\u00fcn olacak ve hedeflerinize \u00e7ok daha kolay bir bi\u00e7imde ula\u015facaks\u0131n\u0131z. Gen\u00e7ler \u0130\u00e7in \u00d6zg\u00fcven, gen\u00e7lik y\u0131llar\u0131nda kar\u015f\u0131la\u015faca\u011f\u0131n\u0131z sorunlarla ba\u015fa \u00e7\u0131karken, pozitif bir bak\u0131\u015f a\u00e7\u0131s\u0131n\u0131 nas\u0131l kazanabilece\u011finizi g\u00f6sterecek. En zor ko\u015fullar\u0131 bile de\u011fi\u015fmek ve kendinizi geli\u015ftirmek i\u00e7in nas\u0131l lehinize \u00e7evirebilece\u011finizi \u00f6\u011freneceksiniz. Bu kitap, hayat\u0131n yolunuza \u00e7\u0131kard\u0131\u011f\u0131 b\u00fct\u00fcn engellere meydan okuman\u0131z\u0131 sa\u011flayacak! <\/p>\n","protected":false},"excerpt":{"rendered":"<p>\u00d6zg\u00fcven sahibi olmak ve hedeflerinize ula\u015fmak i\u00e7in beceriler\u2026 \u00d6zg\u00fcven sahibi olmak \u00e7evrenizdeki di\u011fer insanlara, farkl\u0131 farkl\u0131 durumlara ve duygular\u0131n\u0131za g\u00fcvenle yakla\u015fman\u0131z\u0131 sa\u011flar. \u00d6zg\u00fcven sayesinde arkada\u015f edinmeniz<span class=\"excerpt-hellip\"> [\u2026]<\/span><\/p>\n","protected":false},"featured_media":0,"template":"","meta":{"_monsterinsights_skip_tracking":false,"_monsterinsights_sitenote_active":false,"_monsterinsights_sitenote_note":"","_monsterinsights_sitenote_category":0},"product_brand":[],"product_cat":[12364,12376],"product_tag":[],"class_list":{"0":"post-728039","1":"product","2":"type-product","3":"status-publish","5":"product_cat-genel-konular","6":"product_cat-kisisel-gelisim","7":"pa_cilt-ciltsiz","8":"pa_tur-kitap","9":"pa_yayinevi-akil-celen-kitaplar","10":"pa_yazar-lisa-m-schab","12":"first","13":"instock","14":"sale","15":"shipping-taxable","16":"purchasable","17":"product-type-simple"},"_links":{"self":[{"href":"https:\/\/roveyayinevi.com.tr\/index.php\/wp-json\/wp\/v2\/product\/728039","targetHints":{"allow":["GET"]}}],"collection":[{"href":"https:\/\/roveyayinevi.com.tr\/index.php\/wp-json\/wp\/v2\/product"}],"about":[{"href":"https:\/\/roveyayinevi.com.tr\/index.php\/wp-json\/wp\/v2\/types\/product"}],"wp:attachment":[{"href":"https:\/\/roveyayinevi.com.tr\/index.php\/wp-json\/wp\/v2\/media?parent=728039"}],"wp:term":[{"taxonomy":"product_brand","embeddable":true,"href":"https:\/\/roveyayinevi.com.tr\/index.php\/wp-json\/wp\/v2\/product_brand?post=728039"},{"taxonomy":"product_cat","embeddable":true,"href":"https:\/\/roveyayinevi.com.tr\/index.php\/wp-json\/wp\/v2\/product_cat?post=728039"},{"taxonomy":"product_tag","embeddable":true,"href":"https:\/\/roveyayinevi.com.tr\/index.php\/wp-json\/wp\/v2\/product_tag?post=728039"}],"curies":[{"name":"wp","href":"https:\/\/api.w.org\/{rel}","templated":true}]}}