{"id":728037,"date":"2025-08-27T20:33:01","date_gmt":"2025-08-27T17:33:01","guid":{"rendered":"https:\/\/roveyayinevi.com.tr\/index.php\/urun\/bir-problem-bin-cozum\/"},"modified":"2026-04-16T02:35:51","modified_gmt":"2026-04-15T23:35:51","slug":"bir-problem-bin-cozum","status":"publish","type":"product","link":"https:\/\/roveyayinevi.com.tr\/index.php\/urun\/bir-problem-bin-cozum\/","title":{"rendered":"Bir Problem Bin \u00c7\u00f6z\u00fcm"},"content":{"rendered":"<p>Problemlerin, problemleri \u0131skalayan \u00e7\u00f6z\u00fcmleri! Erdem, matematik problemlerinin bile sadece say\u0131larla \u00e7\u00f6z\u00fclebilece\u011fine inanm\u0131yordu. Verilmi\u015f sonuca ula\u015fmak de\u011fil, b\u00fct\u00fcn\u00fc g\u00f6rmek ve ak\u0131l y\u00fcr\u00fcterek \u00e7\u00f6z\u00fcm \u00fcretmek istiyordu. Yeti\u015fkinlerin \u2018ger\u00e7ek \u00e7\u00f6z\u00fcm&#8217; dedi\u011fi i\u015flemleri gayet iyi bilse de, onun sorunlar kar\u015f\u0131s\u0131nda sormak istedi\u011fi yeni sorular vard\u0131. \u00c7\u00f6z\u00fcmler her zaman \u015f\u0131klara s\u0131k\u0131\u015ft\u0131r\u0131labilir miydi? Peki hayatta bize bir \u015f\u0131k gibi g\u00f6r\u00fcnen her yol ger\u00e7ekten \u00e7\u00f6z\u00fcm sunuyor muydu?.. \u00d6\u011fretmenlik mesle\u011finin deneyim ve g\u00f6zlemlerini muzip kurgularla bulu\u015fturan Nehir Yarar, Bir Problem Bin \u00c7\u00f6z\u00fcm&#8217;le Can \u00c7ocuk okurlar\u0131n\u0131 selamlarken, e\u011fitim sisteminin beklentilerini ve hayat\u0131n d\u00fc\u015f\u00fcnd\u00fcrd\u00fcklerini mizahi bir dille \u00f6yk\u00fcle\u015ftiriyor.<\/p>\n","protected":false},"excerpt":{"rendered":"<p>Problemlerin, problemleri \u0131skalayan \u00e7\u00f6z\u00fcmleri! Erdem, matematik problemlerinin bile sadece say\u0131larla \u00e7\u00f6z\u00fclebilece\u011fine inanm\u0131yordu. Verilmi\u015f sonuca ula\u015fmak de\u011fil, b\u00fct\u00fcn\u00fc g\u00f6rmek ve ak\u0131l y\u00fcr\u00fcterek \u00e7\u00f6z\u00fcm \u00fcretmek istiyordu. Yeti\u015fkinlerin \u2018ger\u00e7ek<span class=\"excerpt-hellip\"> [\u2026]<\/span><\/p>\n","protected":false},"featured_media":0,"template":"","meta":{"_monsterinsights_skip_tracking":false,"_monsterinsights_sitenote_active":false,"_monsterinsights_sitenote_note":"","_monsterinsights_sitenote_category":0},"product_brand":[],"product_cat":[12913,12274],"product_tag":[],"class_list":{"0":"post-728037","1":"product","2":"type-product","3":"status-publish","5":"product_cat-3-6-yas-kitaplari","6":"product_cat-cocuk-ve-genclik-kitaplari","7":"pa_cilt-ciltsiz","8":"pa_tur-kitap","9":"pa_yayinevi-can-cocuk-yayinlari","10":"pa_yazar-nehir-yarar","12":"first","13":"instock","14":"sale","15":"shipping-taxable","16":"purchasable","17":"product-type-simple"},"_links":{"self":[{"href":"https:\/\/roveyayinevi.com.tr\/index.php\/wp-json\/wp\/v2\/product\/728037","targetHints":{"allow":["GET"]}}],"collection":[{"href":"https:\/\/roveyayinevi.com.tr\/index.php\/wp-json\/wp\/v2\/product"}],"about":[{"href":"https:\/\/roveyayinevi.com.tr\/index.php\/wp-json\/wp\/v2\/types\/product"}],"wp:attachment":[{"href":"https:\/\/roveyayinevi.com.tr\/index.php\/wp-json\/wp\/v2\/media?parent=728037"}],"wp:term":[{"taxonomy":"product_brand","embeddable":true,"href":"https:\/\/roveyayinevi.com.tr\/index.php\/wp-json\/wp\/v2\/product_brand?post=728037"},{"taxonomy":"product_cat","embeddable":true,"href":"https:\/\/roveyayinevi.com.tr\/index.php\/wp-json\/wp\/v2\/product_cat?post=728037"},{"taxonomy":"product_tag","embeddable":true,"href":"https:\/\/roveyayinevi.com.tr\/index.php\/wp-json\/wp\/v2\/product_tag?post=728037"}],"curies":[{"name":"wp","href":"https:\/\/api.w.org\/{rel}","templated":true}]}}