{"id":728036,"date":"2025-08-27T20:33:00","date_gmt":"2025-08-27T17:33:00","guid":{"rendered":"https:\/\/roveyayinevi.com.tr\/index.php\/urun\/icki-cumhuriyeti\/"},"modified":"2026-04-16T02:35:51","modified_gmt":"2026-04-15T23:35:51","slug":"icki-cumhuriyeti","status":"publish","type":"product","link":"https:\/\/roveyayinevi.com.tr\/index.php\/urun\/icki-cumhuriyeti\/","title":{"rendered":"\u0130\u00e7ki Cumhuriyeti"},"content":{"rendered":"<p>Bu \u00e7arp\u0131c\u0131 epik romanda \u00c7in\u2019in ya\u015fayan en \u00f6nemli yazarlar\u0131ndan Mo Yan, okurlar\u0131n\u0131 hayal\u00ee bir diyara, \u0130\u00e7ki Cumhuriyeti\u2019ne g\u00f6t\u00fcr\u00fcyor. Hurafelerin, a\u00e7g\u00f6zl\u00fcl\u00fc\u011f\u00fcn ve ger\u00e7ek\u00fcst\u00fc olaylar\u0131n h\u00fck\u00fcm s\u00fcrd\u00fc\u011f\u00fc bu yozla\u015fm\u0131\u015f diyarda, yetkililer tuhaf olaylar\u0131n ya\u015fand\u0131\u011f\u0131na, halk\u0131n \u00f6l\u00e7\u00fcs\u00fcz bir yeme al\u0131\u015fkanl\u0131\u011f\u0131na kap\u0131ld\u0131\u011f\u0131na dair duyumlar al\u0131r ve olaylar\u0131 ara\u015ft\u0131rmak \u00fczere b\u00f6lgeye emektar M\u00fcfetti\u015f Ding Gou\u2019er\u2019i g\u00f6nderir. Ancak soru\u015fturma s\u0131ras\u0131nda Ding\u2019in ger\u00e7eklik duygusunu kaybetmesine neden olacak abs\u00fcrd hatta fantastik geli\u015fmeler ya\u015fanacakt\u0131r. Olay \u00f6rg\u00fcs\u00fcn\u00fcn aras\u0131nda da, \u0130\u00e7ki Yap\u0131m\u0131 \u00dcniversitesi, Harmanlama B\u00f6l\u00fcm\u00fc\u2019nde doktora \u00f6\u011frencisi ve bir yazar aday\u0131 olan Li Yidou taraf\u0131ndan yazar Mo Yan\u2019a yaz\u0131lm\u0131\u015f mektuplara yer verilir. Bu mektuplara birer k\u0131sa \u00f6yk\u00fc de eklenmi\u015ftir. Ne var ki Li\u2019nin her biri \u00f6ncekinden daha fantastik ve k\u00f6t\u00fcc\u00fcl hale gelen \u00f6yk\u00fclerinde anlat\u0131lanlar gittik\u00e7e Ding\u2019in \u0130\u00e7ki Cumhuriyeti\u2019nde \u00e7ekti\u011fi eziyetlere benzemektedir. Muazzam bir yarat\u0131c\u0131l\u0131k sergileyen, siyasi a\u00e7\u0131dan y\u0131k\u0131c\u0131 ve k\u0131\u015fk\u0131rt\u0131c\u0131 bir roman olan \u0130\u00e7ki Cumhuriyeti, Nobel \u00d6d\u00fcll\u00fc Mo Yan\u2019\u0131n, hi\u00e7bir iktidar ve bask\u0131 oda\u011f\u0131n\u0131n hayal g\u00fcc\u00fcn\u00fc yok edemeyece\u011fini kan\u0131tlad\u0131\u011f\u0131 evrensel bir roman. <\/p>\n","protected":false},"excerpt":{"rendered":"<p>Bu \u00e7arp\u0131c\u0131 epik romanda \u00c7in\u2019in ya\u015fayan en \u00f6nemli yazarlar\u0131ndan Mo Yan, okurlar\u0131n\u0131 hayal\u00ee bir diyara, \u0130\u00e7ki Cumhuriyeti\u2019ne g\u00f6t\u00fcr\u00fcyor. Hurafelerin, a\u00e7g\u00f6zl\u00fcl\u00fc\u011f\u00fcn ve ger\u00e7ek\u00fcst\u00fc olaylar\u0131n h\u00fck\u00fcm s\u00fcrd\u00fc\u011f\u00fc bu<span class=\"excerpt-hellip\"> [\u2026]<\/span><\/p>\n","protected":false},"featured_media":0,"template":"","meta":{"_monsterinsights_skip_tracking":false,"_monsterinsights_sitenote_active":false,"_monsterinsights_sitenote_note":"","_monsterinsights_sitenote_category":0},"product_brand":[],"product_cat":[12291,12711],"product_tag":[],"class_list":{"0":"post-728036","1":"product","2":"type-product","3":"status-publish","5":"product_cat-edebiyat","6":"product_cat-roman-oyku","7":"pa_cilt-ciltsiz","8":"pa_tur-kitap","9":"pa_yayinevi-can-yayinlari","10":"pa_yazar-mo-yan","12":"first","13":"instock","14":"sale","15":"shipping-taxable","16":"purchasable","17":"product-type-simple"},"_links":{"self":[{"href":"https:\/\/roveyayinevi.com.tr\/index.php\/wp-json\/wp\/v2\/product\/728036","targetHints":{"allow":["GET"]}}],"collection":[{"href":"https:\/\/roveyayinevi.com.tr\/index.php\/wp-json\/wp\/v2\/product"}],"about":[{"href":"https:\/\/roveyayinevi.com.tr\/index.php\/wp-json\/wp\/v2\/types\/product"}],"wp:attachment":[{"href":"https:\/\/roveyayinevi.com.tr\/index.php\/wp-json\/wp\/v2\/media?parent=728036"}],"wp:term":[{"taxonomy":"product_brand","embeddable":true,"href":"https:\/\/roveyayinevi.com.tr\/index.php\/wp-json\/wp\/v2\/product_brand?post=728036"},{"taxonomy":"product_cat","embeddable":true,"href":"https:\/\/roveyayinevi.com.tr\/index.php\/wp-json\/wp\/v2\/product_cat?post=728036"},{"taxonomy":"product_tag","embeddable":true,"href":"https:\/\/roveyayinevi.com.tr\/index.php\/wp-json\/wp\/v2\/product_tag?post=728036"}],"curies":[{"name":"wp","href":"https:\/\/api.w.org\/{rel}","templated":true}]}}