{"id":728034,"date":"2025-08-27T20:32:57","date_gmt":"2025-08-27T17:32:57","guid":{"rendered":"https:\/\/roveyayinevi.com.tr\/index.php\/urun\/ilk-aci\/"},"modified":"2026-04-16T02:35:51","modified_gmt":"2026-04-15T23:35:51","slug":"ilk-aci","status":"publish","type":"product","link":"https:\/\/roveyayinevi.com.tr\/index.php\/urun\/ilk-aci\/","title":{"rendered":"\u0130lk Ac\u0131"},"content":{"rendered":"<p>&#8220;Di\u011fer kad\u0131nlardan kendini kurtarabilir, a\u015fklar\u0131ndan s\u0131yr\u0131labilirsin ama seni annenden kim kurtaracak?\u201d   YATMADAN \u00d6NCE Y\u00dcZ FIR\u00c7A DARBES\u0130 adl\u0131 \u00e7ok satan kitab\u0131n yazar\u0131 Melissa P\u2019den \u201cannelik\u201d olgusu \u00fczerine derinlikli, \u00e7ok katmanl\u0131 ve sars\u0131c\u0131 bir roman\u2026 Kitab\u0131 30 dilde 41 \u00fclkede bas\u0131lan, hatta baz\u0131 \u00fclkelerde da\u011f\u0131t\u0131m\u0131 bile yasaklanan \u0130talyan yazar Melissa P, \u0130LK ACI\u2019yla birbirine hi\u00e7 benzemeyen iki farkl\u0131 kad\u0131n\u0131n hik\u00e2yesini, g\u00fc\u00e7l\u00fc ve ortak bir paydada, sa\u011flam bir duygu \u00f6r\u00fcnt\u00fcs\u00fcyle birle\u015ftiriyor. Annelik! Uzun y\u0131llard\u0131r annesiyle g\u00f6r\u00fc\u015fmeyen, ancak k\u0131sa s\u00fcre sonra anne olmaya haz\u0131rlanan Rosa, kendi annesinde deneyimledi\u011fi so\u011fuk ve tutars\u0131z annelik fig\u00fcr\u00fcnden uzak olman\u0131n katiyeti i\u00e7inde, karn\u0131nda ta\u015f\u0131d\u0131\u011f\u0131 bebe\u011fi sevgiyle beklerken; geli\u015fmemi\u015f v\u00fccudu, tamamlanmam\u0131\u015f karakteriyle Agata da do\u011furmaktan pek emin olamad\u0131\u011f\u0131 bir bebe\u011fi hayata getirmeye haz\u0131rlan\u0131yordu. Rosa ve Agata\u2019n\u0131n annelik ser\u00fcveni ancak bu kadar farkl\u0131 olabilirdi birbirinden\u2026 Ne var ki ikisi de her \u015feyi sonsuza dek de\u011fi\u015ftirecek bir e\u015fi\u011fin \u00f6n\u00fcnde, g\u00fc\u00e7l\u00fc s\u0131rlar\u0131n g\u00f6lgesi alt\u0131nda durmaktayd\u0131lar. \u0130\u00e7 i\u00e7e ge\u00e7en iki farkl\u0131 hik\u00e2yeyi \u201cannelik\u201d olgusu \u00fczerinden ustal\u0131kl\u0131 bir kurguyla, zarif ama ger\u00e7ekli\u011fi y\u00fcz\u00fcnden \u00e7etin say\u0131labilecek bir anlat\u0131mla, e\u015fsiz bir okuma ser\u00fcveninin \u00fczerine in\u015fa ediyor Melissa P\u2026   \u201c\u0130lk Ac\u0131\u2019n\u0131n i\u00e7inde yazar\u0131n b\u00fcy\u00fck kavray\u0131\u015f yetene\u011fini hissedebilirsiniz; t\u00fcm kitaplar\u0131nda, en derin noktalara ula\u015fabilen belli bir duyarl\u0131l\u0131k \u00e7\u0131k\u0131yor ortaya her zaman. Harika bir kitap ve ola\u011fan\u00fcst\u00fc bir yolculuktu. Tavsiye ederim.\u201d \u2013     Sara Maria Serafini, Yazar <\/p>\n","protected":false},"excerpt":{"rendered":"<p>&#8220;Di\u011fer kad\u0131nlardan kendini kurtarabilir, a\u015fklar\u0131ndan s\u0131yr\u0131labilirsin ama seni annenden kim kurtaracak?\u201d YATMADAN \u00d6NCE Y\u00dcZ FIR\u00c7A DARBES\u0130 adl\u0131 \u00e7ok satan kitab\u0131n yazar\u0131 Melissa P\u2019den \u201cannelik\u201d olgusu \u00fczerine<span class=\"excerpt-hellip\"> [\u2026]<\/span><\/p>\n","protected":false},"featured_media":0,"template":"","meta":{"_monsterinsights_skip_tracking":false,"_monsterinsights_sitenote_active":false,"_monsterinsights_sitenote_note":"","_monsterinsights_sitenote_category":0},"product_brand":[],"product_cat":[12291,12711],"product_tag":[],"class_list":{"0":"post-728034","1":"product","2":"type-product","3":"status-publish","5":"product_cat-edebiyat","6":"product_cat-roman-oyku","7":"pa_cilt-ciltsiz","8":"pa_tur-kitap","9":"pa_yayinevi-destek-yayinlari","10":"pa_yazar-melissa-panarello","12":"first","13":"instock","14":"sale","15":"shipping-taxable","16":"purchasable","17":"product-type-simple"},"_links":{"self":[{"href":"https:\/\/roveyayinevi.com.tr\/index.php\/wp-json\/wp\/v2\/product\/728034","targetHints":{"allow":["GET"]}}],"collection":[{"href":"https:\/\/roveyayinevi.com.tr\/index.php\/wp-json\/wp\/v2\/product"}],"about":[{"href":"https:\/\/roveyayinevi.com.tr\/index.php\/wp-json\/wp\/v2\/types\/product"}],"wp:attachment":[{"href":"https:\/\/roveyayinevi.com.tr\/index.php\/wp-json\/wp\/v2\/media?parent=728034"}],"wp:term":[{"taxonomy":"product_brand","embeddable":true,"href":"https:\/\/roveyayinevi.com.tr\/index.php\/wp-json\/wp\/v2\/product_brand?post=728034"},{"taxonomy":"product_cat","embeddable":true,"href":"https:\/\/roveyayinevi.com.tr\/index.php\/wp-json\/wp\/v2\/product_cat?post=728034"},{"taxonomy":"product_tag","embeddable":true,"href":"https:\/\/roveyayinevi.com.tr\/index.php\/wp-json\/wp\/v2\/product_tag?post=728034"}],"curies":[{"name":"wp","href":"https:\/\/api.w.org\/{rel}","templated":true}]}}