{"id":728030,"date":"2025-08-27T20:32:54","date_gmt":"2025-08-27T17:32:54","guid":{"rendered":"https:\/\/roveyayinevi.com.tr\/index.php\/urun\/sapiens-grafik-tarih-1\/"},"modified":"2026-04-16T02:35:51","modified_gmt":"2026-04-15T23:35:51","slug":"sapiens-grafik-tarih-1","status":"publish","type":"product","link":"https:\/\/roveyayinevi.com.tr\/index.php\/urun\/sapiens-grafik-tarih-1\/","title":{"rendered":"Sapiens: Grafik Tarih 1"},"content":{"rendered":"<p>T\u00fcm d\u00fcnyada milyonlarla bulu\u015fan Sapiens\u2019in yazar\u0131 Yuval Noah Harari, insanl\u0131k tarihini geni\u015f bir okur kitlesinin zevkle okuyaca\u011f\u0131 yepyeni bir formatta sunuyor. D\u00f6rt ciltlik serinin birinci cildi olan \u0130nsan T\u00fcr\u00fcn\u00fcn Do\u011fu\u015fu, di\u011fer hayvanlardan pek de fark\u0131 olmayan bir t\u00fcr olarak ortaya \u00e7\u0131kan Sapiens\u2019in t\u00fcm d\u00fcnyay\u0131 d\u00f6n\u00fc\u015ft\u00fcrebilecek g\u00fcc\u00fc nas\u0131l elde etti\u011fini renkli kahramanlar ve mizah dolu hik\u00e2yeler e\u015fli\u011finde anlat\u0131yor. \u0130nsan evriminin bir survivor yar\u0131\u015fmas\u0131, Sapiens\u2019in yaratt\u0131\u011f\u0131 ekolojik felaketin bir dedektiflik hik\u00e2yesi olarak aktar\u0131ld\u0131\u011f\u0131 bu nefes kesici yolculuk, m\u00fcthi\u015f \u00e7izimler ve yarat\u0131c\u0131 anlat\u0131larla biyoloji ve tarihin insanl\u0131\u011f\u0131 nas\u0131l \u015fekillendirdi\u011fini, bili\u015fsel devrimle geli\u015fen kurmaca becerisinin insanlara kazand\u0131rd\u0131\u011f\u0131 \u00f6l\u00e7\u00fcs\u00fcz g\u00fcc\u00fc ve bu g\u00fcc\u00fcn y\u0131k\u0131c\u0131 etkilerini ortaya koyuyor. Farkl\u0131 bilim dallar\u0131n\u0131n yakla\u015f\u0131mlar\u0131n\u0131 anla\u015f\u0131l\u0131r ve e\u011flenceli bir anlat\u0131yla aktaran bu \u00e7al\u0131\u015fma, bug\u00fcn kar\u015f\u0131 kar\u015f\u0131ya oldu\u011fumuz \u00e7etin sorunlar\u0131n kayna\u011f\u0131na \u0131\u015f\u0131k tutarken insanl\u0131k tarihini keyifle okunan s\u00fcr\u00fckleyici bir maceraya d\u00f6n\u00fc\u015ft\u00fcr\u00fcyor. <\/p>\n","protected":false},"excerpt":{"rendered":"<p>T\u00fcm d\u00fcnyada milyonlarla bulu\u015fan Sapiens\u2019in yazar\u0131 Yuval Noah Harari, insanl\u0131k tarihini geni\u015f bir okur kitlesinin zevkle okuyaca\u011f\u0131 yepyeni bir formatta sunuyor. D\u00f6rt ciltlik serinin birinci cildi<span class=\"excerpt-hellip\"> [\u2026]<\/span><\/p>\n","protected":false},"featured_media":0,"template":"","meta":{"_monsterinsights_skip_tracking":false,"_monsterinsights_sitenote_active":false,"_monsterinsights_sitenote_note":"","_monsterinsights_sitenote_category":0},"product_brand":[],"product_cat":[12305,12304],"product_tag":[],"class_list":{"0":"post-728030","1":"product","2":"type-product","3":"status-publish","5":"product_cat-dunya-tarihi","6":"product_cat-tarih","7":"pa_cilt-ciltsiz","8":"pa_tur-kitap","9":"pa_yayinevi-kolektif-ozel-prestij","10":"pa_yazar-yuval-noah-harari","12":"first","13":"instock","14":"sale","15":"shipping-taxable","16":"purchasable","17":"product-type-simple"},"_links":{"self":[{"href":"https:\/\/roveyayinevi.com.tr\/index.php\/wp-json\/wp\/v2\/product\/728030","targetHints":{"allow":["GET"]}}],"collection":[{"href":"https:\/\/roveyayinevi.com.tr\/index.php\/wp-json\/wp\/v2\/product"}],"about":[{"href":"https:\/\/roveyayinevi.com.tr\/index.php\/wp-json\/wp\/v2\/types\/product"}],"wp:attachment":[{"href":"https:\/\/roveyayinevi.com.tr\/index.php\/wp-json\/wp\/v2\/media?parent=728030"}],"wp:term":[{"taxonomy":"product_brand","embeddable":true,"href":"https:\/\/roveyayinevi.com.tr\/index.php\/wp-json\/wp\/v2\/product_brand?post=728030"},{"taxonomy":"product_cat","embeddable":true,"href":"https:\/\/roveyayinevi.com.tr\/index.php\/wp-json\/wp\/v2\/product_cat?post=728030"},{"taxonomy":"product_tag","embeddable":true,"href":"https:\/\/roveyayinevi.com.tr\/index.php\/wp-json\/wp\/v2\/product_tag?post=728030"}],"curies":[{"name":"wp","href":"https:\/\/api.w.org\/{rel}","templated":true}]}}