{"id":728029,"date":"2025-08-27T20:32:03","date_gmt":"2025-08-27T17:32:03","guid":{"rendered":"https:\/\/roveyayinevi.com.tr\/index.php\/urun\/tasavvuf-terapisi-2\/"},"modified":"2026-04-16T02:35:51","modified_gmt":"2026-04-15T23:35:51","slug":"tasavvuf-terapisi-2","status":"publish","type":"product","link":"https:\/\/roveyayinevi.com.tr\/index.php\/urun\/tasavvuf-terapisi-2\/","title":{"rendered":"Tasavvuf Terapisi"},"content":{"rendered":"<p>Kalbi Allah\u2019a ba\u011flama sanat\u0131 ile psikolojik sorunlar\u0131m\u0131z\u0131 nas\u0131l \u00e7\u00f6zeriz?       Tasavvuf Yolculu\u011fundaki H\u00e2ller ve Bunlar\u0131n Psikolojik-Terapik Etkileri   Tasavvuf, kalbi Allah\u2019a ba\u011flama sanat\u0131d\u0131r. Tasavvuf, insan-hayat ve d\u00fcnyaya ili\u015fkin kavray\u0131\u015f\u0131m\u0131z\u0131n derinle\u015fmesinde bize \u00e7ok \u00f6nemli imk\u00e2nlar sa\u011flar. Tasavvuf\u00ee anlay\u0131\u015f, varolu\u015fsal ve kal\u0131c\u0131 de\u011ferlerin ne oldu\u011funu anlaman\u0131n ve kendimizi ke\u015ffetmenin son derece \u00f6nemli bir yoludur. Kendini ke\u015ffeden insan, tasavvuf sayesinde \u2018Kendini\u2019 ve \u2018Rabbini\u2019 tan\u0131r. \u0130nsan\u0131n kendine h\u00e2kim olmas\u0131 anlay\u0131\u015f\u0131ndan do\u011fan \u2018Kendini Bilme-Rabbini Bilme\u2019 fark\u0131ndal\u0131\u011f\u0131, tasavvufun ruhlar\u0131 tedavi ve terapi edici y\u00f6n\u00fcn\u00fc ortaya koyar.   Bu kitapta tasavvuf yolculu\u011funun takva, istikamet, tevbe, muhasebe, murakabe, h\u00fcrriyet, ibn\u00fc\u2019l-vakt, ihl\u00e2s, sab\u0131r, dua, tev\u00e2zu, hay\u00e2 ve tevekk\u00fcl duraklar\u0131yla tan\u0131\u015facaks\u0131n\u0131z. Ve bunlar\u0131n dikkat-odaklanma bozuklu\u011fu, melankolik ki\u015filik yap\u0131s\u0131, kayg\u0131 bozuklu\u011fu, korku, depresyon, narsisizm, \u00f6\u011frenilmi\u015f \u00e7aresizlik, tak\u0131nt\u0131l\u0131 d\u00fc\u015f\u00fcnceler, akut stres bozuklu\u011fu, kendinden ka\u00e7ma, kendine yabanc\u0131la\u015fma, nevrotik su\u00e7luluk, duygu durum bozuklu\u011fu, anormal davran\u0131\u015f kal\u0131plar\u0131, zihin bulan\u0131kl\u0131\u011f\u0131, ba\u011flanma bozuklu\u011fu, empati eksikli\u011fi, a\u015fa\u011f\u0131l\u0131k kompleksi, \u00fcst\u00fcnl\u00fck kompleksi, ego kontrol\u00fc, benlik aray\u0131\u015f\u0131, kendini-ke\u015ffetme, kendini-ger\u00e7ekle\u015ftirme, kendini-a\u015fma, umut ve sorumluluk bilinci, kendini yenileme, \u00fcretkenlik, anlam aray\u0131\u015f\u0131, \u00f6z-sayg\u0131 ve \u00f6z-g\u00fcvenin olu\u015fumu, g\u00fcvenlik ihtiyac\u0131, kendini ifade etme, ki\u015filik b\u00fct\u00fcnl\u00fc\u011f\u00fc, sonsuzluk duygusu, ruhsal enerji ve a\u015fk duygusu gibi psikoloji temelli alanlarda, dertlerinize nas\u0131l deva oldu\u011funa tan\u0131k olacaks\u0131n\u0131z. <\/p>\n","protected":false},"excerpt":{"rendered":"<p>Kalbi Allah\u2019a ba\u011flama sanat\u0131 ile psikolojik sorunlar\u0131m\u0131z\u0131 nas\u0131l \u00e7\u00f6zeriz? Tasavvuf Yolculu\u011fundaki H\u00e2ller ve Bunlar\u0131n Psikolojik-Terapik Etkileri Tasavvuf, kalbi Allah\u2019a ba\u011flama sanat\u0131d\u0131r. Tasavvuf, insan-hayat ve d\u00fcnyaya ili\u015fkin<span class=\"excerpt-hellip\"> [\u2026]<\/span><\/p>\n","protected":false},"featured_media":0,"template":"","meta":{"_monsterinsights_skip_tracking":false,"_monsterinsights_sitenote_active":false,"_monsterinsights_sitenote_note":"","_monsterinsights_sitenote_category":0},"product_brand":[],"product_cat":[12718,12719,15238],"product_tag":[],"class_list":{"0":"post-728029","1":"product","2":"type-product","3":"status-publish","5":"product_cat-din","6":"product_cat-islam","7":"product_cat-tasavvuf","8":"pa_cilt-ciltsiz","9":"pa_tur-kitap","10":"pa_yayinevi-hayykitap","11":"pa_yazar-esma-sayin","13":"first","14":"instock","15":"sale","16":"shipping-taxable","17":"purchasable","18":"product-type-simple"},"_links":{"self":[{"href":"https:\/\/roveyayinevi.com.tr\/index.php\/wp-json\/wp\/v2\/product\/728029","targetHints":{"allow":["GET"]}}],"collection":[{"href":"https:\/\/roveyayinevi.com.tr\/index.php\/wp-json\/wp\/v2\/product"}],"about":[{"href":"https:\/\/roveyayinevi.com.tr\/index.php\/wp-json\/wp\/v2\/types\/product"}],"wp:attachment":[{"href":"https:\/\/roveyayinevi.com.tr\/index.php\/wp-json\/wp\/v2\/media?parent=728029"}],"wp:term":[{"taxonomy":"product_brand","embeddable":true,"href":"https:\/\/roveyayinevi.com.tr\/index.php\/wp-json\/wp\/v2\/product_brand?post=728029"},{"taxonomy":"product_cat","embeddable":true,"href":"https:\/\/roveyayinevi.com.tr\/index.php\/wp-json\/wp\/v2\/product_cat?post=728029"},{"taxonomy":"product_tag","embeddable":true,"href":"https:\/\/roveyayinevi.com.tr\/index.php\/wp-json\/wp\/v2\/product_tag?post=728029"}],"curies":[{"name":"wp","href":"https:\/\/api.w.org\/{rel}","templated":true}]}}