{"id":728028,"date":"2025-08-27T20:32:02","date_gmt":"2025-08-27T17:32:02","guid":{"rendered":"https:\/\/roveyayinevi.com.tr\/index.php\/urun\/dua-terapisi\/"},"modified":"2026-04-16T02:35:51","modified_gmt":"2026-04-15T23:35:51","slug":"dua-terapisi","status":"publish","type":"product","link":"https:\/\/roveyayinevi.com.tr\/index.php\/urun\/dua-terapisi\/","title":{"rendered":"Dua Terapisi"},"content":{"rendered":"<p>\u00d6z\u00fcn \u00d6z\u00fc Dualar ve Bu Dualar\u0131n Tasavvuf\u00ee-Terapik Etkileri   Dua, \u00f6zg\u00fcrl\u00fckt\u00fcr. A\u015fk gibi vazge\u00e7ilemez ve \u00f6l\u00fcm gibi ka\u00e7\u0131n\u0131lamazd\u0131r. A\u015fk, be\u015fer\u00ee olsa da sonucu itibar\u0131yla Allah\u2019la b\u00fct\u00fcnle\u015ftirdi\u011fi anda \u00f6zg\u00fcrle\u015ftirir. Dua, bazen Allah\u2019\u0131n rahmet kap\u0131s\u0131n\u0131 \u0131srarla \u00e7alma; bazen de tevazu ve nezaketle bekleme \u00f6zg\u00fcrl\u00fc\u011f\u00fcd\u00fcr. Dua, hem teknolojiyi a\u015fan kalb\u00ee ve zihn\u00ee bir tarzda dostlarla bulu\u015fma noktas\u0131 hem de hislerle ve zihinsel empati ile onlarla b\u00fct\u00fcnle\u015fmedir. Dua ederken insan, yalan s\u00f6yleyemez, kendini saklayamaz, kendinden ka\u00e7amaz ve kendini yaln\u0131zla\u015ft\u0131ramaz. Bu nedenle dua, ayn\u0131 a\u015fk ve \u00f6l\u00fcm gibi vazge\u00e7ilemezdir, ka\u00e7\u0131n\u0131lmazd\u0131r. Dua, Allah ile kul aras\u0131ndaki en mahrem aland\u0131r. Herkesten saklad\u0131\u011f\u0131m\u0131z en gizli istek ve ac\u0131lar\u0131m\u0131z\u0131 Allah\u2019la payla\u015fma \u00f6zg\u00fcrl\u00fc\u011f\u00fcd\u00fcr. Dua, Allah\u2019\u0131n bizi kendisine hapsetmesidir. Dua an\u0131, Allah\u2019\u0131n isim ve s\u0131fatlar\u0131yla b\u00fct\u00fcnle\u015fip, O\u2019na hapsoldu\u011fumuz anda kullukta \u00f6zg\u00fcrle\u015fmeyi yakalad\u0131\u011f\u0131m\u0131z and\u0131r. Bu kitapta ba\u015far\u0131, zihin a\u00e7\u0131kl\u0131\u011f\u0131, heyecan\u0131 yenme, stres, depresyon, gelecek kayg\u0131s\u0131, tak\u0131nt\u0131, gaflet, tembellik, sab\u0131rs\u0131zl\u0131k, negatif enerji, g\u00fcvensizlik, haset, k\u0131skan\u00e7l\u0131k, \u00f6fke, maddi-manevi \u015fifa, ilah\u00ee a\u015fk, sevgi, mutlu evlilik gibi konularda kilitleri a\u00e7acak ve sizi \u00f6zg\u00fcrle\u015ftirirken zenginle\u015ftirecek dualarla tan\u0131\u015facaks\u0131n\u0131z. Bu dualar\u0131n tasavvuf\u00ee-terapik etkilerini \u00f6\u011frenerek kendinizi g\u00fc\u00e7l\u00fc, huzurlu ve mutlu hissedeceksiniz. <\/p>\n","protected":false},"excerpt":{"rendered":"<p>\u00d6z\u00fcn \u00d6z\u00fc Dualar ve Bu Dualar\u0131n Tasavvuf\u00ee-Terapik Etkileri Dua, \u00f6zg\u00fcrl\u00fckt\u00fcr. A\u015fk gibi vazge\u00e7ilemez ve \u00f6l\u00fcm gibi ka\u00e7\u0131n\u0131lamazd\u0131r. A\u015fk, be\u015fer\u00ee olsa da sonucu itibar\u0131yla Allah\u2019la b\u00fct\u00fcnle\u015ftirdi\u011fi anda<span class=\"excerpt-hellip\"> [\u2026]<\/span><\/p>\n","protected":false},"featured_media":0,"template":"","meta":{"_monsterinsights_skip_tracking":false,"_monsterinsights_sitenote_active":false,"_monsterinsights_sitenote_note":"","_monsterinsights_sitenote_category":0},"product_brand":[],"product_cat":[12718,12719,15238],"product_tag":[],"class_list":{"0":"post-728028","1":"product","2":"type-product","3":"status-publish","5":"product_cat-din","6":"product_cat-islam","7":"product_cat-tasavvuf","8":"pa_cilt-ciltsiz","9":"pa_tur-kitap","10":"pa_yayinevi-hayykitap","11":"pa_yazar-esma-sayin","13":"first","14":"instock","15":"sale","16":"shipping-taxable","17":"purchasable","18":"product-type-simple"},"_links":{"self":[{"href":"https:\/\/roveyayinevi.com.tr\/index.php\/wp-json\/wp\/v2\/product\/728028","targetHints":{"allow":["GET"]}}],"collection":[{"href":"https:\/\/roveyayinevi.com.tr\/index.php\/wp-json\/wp\/v2\/product"}],"about":[{"href":"https:\/\/roveyayinevi.com.tr\/index.php\/wp-json\/wp\/v2\/types\/product"}],"wp:attachment":[{"href":"https:\/\/roveyayinevi.com.tr\/index.php\/wp-json\/wp\/v2\/media?parent=728028"}],"wp:term":[{"taxonomy":"product_brand","embeddable":true,"href":"https:\/\/roveyayinevi.com.tr\/index.php\/wp-json\/wp\/v2\/product_brand?post=728028"},{"taxonomy":"product_cat","embeddable":true,"href":"https:\/\/roveyayinevi.com.tr\/index.php\/wp-json\/wp\/v2\/product_cat?post=728028"},{"taxonomy":"product_tag","embeddable":true,"href":"https:\/\/roveyayinevi.com.tr\/index.php\/wp-json\/wp\/v2\/product_tag?post=728028"}],"curies":[{"name":"wp","href":"https:\/\/api.w.org\/{rel}","templated":true}]}}