{"id":728027,"date":"2025-08-27T20:32:01","date_gmt":"2025-08-27T17:32:01","guid":{"rendered":"https:\/\/roveyayinevi.com.tr\/index.php\/urun\/dumas-kulubu\/"},"modified":"2026-04-12T02:42:57","modified_gmt":"2026-04-11T23:42:57","slug":"dumas-kulubu","status":"publish","type":"product","link":"https:\/\/roveyayinevi.com.tr\/index.php\/urun\/dumas-kulubu\/","title":{"rendered":"Dumas Kul\u00fcb\u00fc"},"content":{"rendered":"<p>2016 y\u0131l\u0131nda \u0130spanya\u2019n\u0131n en \u00f6nemli on yazar\u0131ndan biri se\u00e7ilen Arturo P\u00e9rez-Reverte, Dumas Kul\u00fcb\u00fc adl\u0131 kitab\u0131nda postmodern polisiyenin g\u00fcc\u00fcn\u00fc, matematik ve yaz\u0131n d\u00fcnyas\u0131yla kusursuz bir \u015fekilde harmanl\u0131yor. Kitab\u0131n kahraman\u0131 Lucas Corso, Dumas\u2019n\u0131n \u00dc\u00e7 Silah\u015forlar adl\u0131 kitab\u0131n\u0131n kay\u0131p bir b\u00f6l\u00fcm\u00fcyle Dokuz Kap\u0131 adl\u0131 ba\u015fka bir kay\u0131p metnin ili\u015fkisini ara\u015ft\u0131r\u0131rken, bir yandan da kendini Lucifer efsanesinin gizemli labirentinin tam ortas\u0131nda buluyor.Yay\u0131nc\u0131l\u0131k ve kitap koleksiyonculu\u011funun ge\u00e7mi\u015fteki s\u0131rlar\u0131n\u0131 ke\u015ffedip bulmacay\u0131 tamamlamak isteyen her kitapseverin soluk solu\u011fa okuyaca\u011f\u0131 bu roman, \u015eeytan\u2019\u0131, okuru ve yazar\u0131 kar\u015f\u0131 kar\u015f\u0131ya getirip beklenmedik bir sona do\u011fru yol al\u0131yor.The New York Times\u2019\u0131n dikkat \u00e7eken kitaplar listesinde yer alan Dumas Kul\u00fcb\u00fc, okuru kendisiyle y\u00fczle\u015ftiren \u015fa\u015f\u0131rt\u0131c\u0131bir ba\u015fucu kitab\u0131&#8230;<\/p>\n","protected":false},"excerpt":{"rendered":"<p>2016 y\u0131l\u0131nda \u0130spanya\u2019n\u0131n en \u00f6nemli on yazar\u0131ndan biri se\u00e7ilen Arturo P\u00e9rez-Reverte, Dumas Kul\u00fcb\u00fc adl\u0131 kitab\u0131nda postmodern polisiyenin g\u00fcc\u00fcn\u00fc, matematik ve yaz\u0131n d\u00fcnyas\u0131yla kusursuz bir \u015fekilde harmanl\u0131yor.<span class=\"excerpt-hellip\"> [\u2026]<\/span><\/p>\n","protected":false},"featured_media":0,"template":"","meta":{"_monsterinsights_skip_tracking":false,"_monsterinsights_sitenote_active":false,"_monsterinsights_sitenote_note":"","_monsterinsights_sitenote_category":0},"product_brand":[],"product_cat":[12291,12711],"product_tag":[],"class_list":{"0":"post-728027","1":"product","2":"type-product","3":"status-publish","5":"product_cat-edebiyat","6":"product_cat-roman-oyku","7":"pa_cilt-ciltsiz","8":"pa_tur-kitap","9":"pa_yayinevi-nora-kitap","10":"pa_yazar-arturo-perez-reverte","12":"first","13":"instock","14":"sale","15":"shipping-taxable","16":"purchasable","17":"product-type-simple"},"_links":{"self":[{"href":"https:\/\/roveyayinevi.com.tr\/index.php\/wp-json\/wp\/v2\/product\/728027","targetHints":{"allow":["GET"]}}],"collection":[{"href":"https:\/\/roveyayinevi.com.tr\/index.php\/wp-json\/wp\/v2\/product"}],"about":[{"href":"https:\/\/roveyayinevi.com.tr\/index.php\/wp-json\/wp\/v2\/types\/product"}],"wp:attachment":[{"href":"https:\/\/roveyayinevi.com.tr\/index.php\/wp-json\/wp\/v2\/media?parent=728027"}],"wp:term":[{"taxonomy":"product_brand","embeddable":true,"href":"https:\/\/roveyayinevi.com.tr\/index.php\/wp-json\/wp\/v2\/product_brand?post=728027"},{"taxonomy":"product_cat","embeddable":true,"href":"https:\/\/roveyayinevi.com.tr\/index.php\/wp-json\/wp\/v2\/product_cat?post=728027"},{"taxonomy":"product_tag","embeddable":true,"href":"https:\/\/roveyayinevi.com.tr\/index.php\/wp-json\/wp\/v2\/product_tag?post=728027"}],"curies":[{"name":"wp","href":"https:\/\/api.w.org\/{rel}","templated":true}]}}