{"id":728026,"date":"2025-08-27T20:32:00","date_gmt":"2025-08-27T17:32:00","guid":{"rendered":"https:\/\/roveyayinevi.com.tr\/index.php\/urun\/ibn-rusd-ile-yasam-ve-felsefe-ciltli\/"},"modified":"2026-04-16T02:35:51","modified_gmt":"2026-04-15T23:35:51","slug":"ibn-rusd-ile-yasam-ve-felsefe-ciltli","status":"publish","type":"product","link":"https:\/\/roveyayinevi.com.tr\/index.php\/urun\/ibn-rusd-ile-yasam-ve-felsefe-ciltli\/","title":{"rendered":"\u0130bn R\u00fc\u015fd ile Ya\u015fam ve Felsefe  (Ciltli)"},"content":{"rendered":"<p>\u0130bn R\u00fc\u015fd \u015ferhleri ve yorumlar\u0131yla, tarihin en \u00f6nemli filozoflar\u0131ndan Aristoteles\u2019i Avrupa\u2019ya ve d\u00fcnyaya yeniden anlatt\u0131. Kitaplar\u0131 farkl\u0131 \u00fcniversitelerde ders olarak okutulan d\u00fc\u015f\u00fcn\u00fcr, ak\u0131l ve vahiyi uzla\u015ft\u0131rmak istedi. Toplum ya\u015fam\u0131nda ve devlet y\u00f6netiminde kad\u0131n\u0131n varl\u0131\u011f\u0131n\u0131n \u00f6nemini vurgulayan \u0130bn R\u00fc\u015fd\u2019\u00fc kimi kesim filozof, kimi kelamc\u0131, kimi \u201cyorumcu\u201d olarakand\u0131. Hayata, insana ve topluma dair eserleriyle zaman\u0131 ve mek\u00e2n\u0131 a\u015fan \u0130bn R\u00fc\u015fd, hem Do\u011fu hem de Bat\u0131 d\u00fcnyas\u0131 taraf\u0131ndan b\u00fcy\u00fck sayg\u0131 g\u00f6rmekte ve ilgiyle okunmaktad\u0131r. Bu kitap, \u0130bn R\u00fc\u015fd\u2019\u00fcn felsefesinden, s\u00f6zlerinden, fikirlerinden ilham al\u0131narak yaz\u0131ld\u0131. Onu anlamak, s\u00f6zlerini modern \u00e7a\u011fa g\u00f6re yorumlamak ve felsefenin hayata dokunan de\u011fi\u015ftirici g\u00fcc\u00fcn\u00fc ke\u015ffetmek isteyenler i\u00e7in<span>Tan\u0131t\u0131m<\/p>\n","protected":false},"excerpt":{"rendered":"<p>\u0130bn R\u00fc\u015fd \u015ferhleri ve yorumlar\u0131yla, tarihin en \u00f6nemli filozoflar\u0131ndan Aristoteles\u2019i Avrupa\u2019ya ve d\u00fcnyaya yeniden anlatt\u0131. Kitaplar\u0131 farkl\u0131 \u00fcniversitelerde ders olarak okutulan d\u00fc\u015f\u00fcn\u00fcr, ak\u0131l ve vahiyi uzla\u015ft\u0131rmak<span class=\"excerpt-hellip\"> [\u2026]<\/span><\/p>\n","protected":false},"featured_media":0,"template":"","meta":{"_monsterinsights_skip_tracking":false,"_monsterinsights_sitenote_active":false,"_monsterinsights_sitenote_note":"","_monsterinsights_sitenote_category":0},"product_brand":[],"product_cat":[20351,12388],"product_tag":[],"class_list":{"0":"post-728026","1":"product","2":"type-product","3":"status-publish","5":"product_cat-dusunce","6":"product_cat-felsefe","7":"pa_cilt-ciltli","8":"pa_tur-kitap","9":"pa_yayinevi-nemesis-kitap","10":"pa_yazar-serhan-kansu","12":"first","13":"instock","14":"sale","15":"shipping-taxable","16":"purchasable","17":"product-type-simple"},"_links":{"self":[{"href":"https:\/\/roveyayinevi.com.tr\/index.php\/wp-json\/wp\/v2\/product\/728026","targetHints":{"allow":["GET"]}}],"collection":[{"href":"https:\/\/roveyayinevi.com.tr\/index.php\/wp-json\/wp\/v2\/product"}],"about":[{"href":"https:\/\/roveyayinevi.com.tr\/index.php\/wp-json\/wp\/v2\/types\/product"}],"wp:attachment":[{"href":"https:\/\/roveyayinevi.com.tr\/index.php\/wp-json\/wp\/v2\/media?parent=728026"}],"wp:term":[{"taxonomy":"product_brand","embeddable":true,"href":"https:\/\/roveyayinevi.com.tr\/index.php\/wp-json\/wp\/v2\/product_brand?post=728026"},{"taxonomy":"product_cat","embeddable":true,"href":"https:\/\/roveyayinevi.com.tr\/index.php\/wp-json\/wp\/v2\/product_cat?post=728026"},{"taxonomy":"product_tag","embeddable":true,"href":"https:\/\/roveyayinevi.com.tr\/index.php\/wp-json\/wp\/v2\/product_tag?post=728026"}],"curies":[{"name":"wp","href":"https:\/\/api.w.org\/{rel}","templated":true}]}}