{"id":728025,"date":"2025-08-27T20:32:00","date_gmt":"2025-08-27T17:32:00","guid":{"rendered":"https:\/\/roveyayinevi.com.tr\/index.php\/urun\/descartes-ile-yasam-ve-felsefe-ciltli\/"},"modified":"2026-04-16T02:35:51","modified_gmt":"2026-04-15T23:35:51","slug":"descartes-ile-yasam-ve-felsefe-ciltli","status":"publish","type":"product","link":"https:\/\/roveyayinevi.com.tr\/index.php\/urun\/descartes-ile-yasam-ve-felsefe-ciltli\/","title":{"rendered":"Descartes ile  Ya\u015fam ve Felsefe (Ciltli)"},"content":{"rendered":"<p>Modern felsefenin kurucusu olarak kabul edilen Frans\u0131z filozof Ren\u00ea Descartes, analitik geometrinin temelini atm\u0131\u015ft\u0131r. Descartes, \u201c\u015e\u00fcphe etmedi\u011fim tek \u015fey \u015f\u00fcphe etti\u011fimdir,\u201d d\u00fc\u015f\u00fcncesinden yola \u00e7\u0131karak felsefesini \u201c\u015f\u00fcphe\u201d \u00fczerine in\u015fa etmi\u015ftir. D\u00fc\u015f\u00fcn\u00fcr, insanlar aras\u0131ndaki en \u00f6nemli de\u011ferlerden birinin sa\u011fduyu oldu\u011funu s\u00f6yler. Descartes\u2019a g\u00f6re iyi d\u00fc\u015f\u00fcnceli olmak yeterli de\u011fildir, \u00f6nemli olan d\u00fc\u015f\u00fcnceyi rasyonel bir bi\u00e7imde ortaya \u00e7\u0131karmak ve kullanabilmektir. Bu kitap, Descartes\u2019\u0131n felsefesinden, s\u00f6zlerinden, fikirlerinden ilham al\u0131narak yaz\u0131ld\u0131. Onu anlamak, s\u00f6zlerini modern \u00e7a\u011fa g\u00f6re yorumlamak ve felsefenin hayata dokunan de\u011fi\u015ftirici g\u00fcc\u00fcn\u00fc ke\u015ffetmek isteyenler i\u00e7in. <span>Tan\u0131t\u0131m<\/p>\n","protected":false},"excerpt":{"rendered":"<p>Modern felsefenin kurucusu olarak kabul edilen Frans\u0131z filozof Ren\u00ea Descartes, analitik geometrinin temelini atm\u0131\u015ft\u0131r. Descartes, \u201c\u015e\u00fcphe etmedi\u011fim tek \u015fey \u015f\u00fcphe etti\u011fimdir,\u201d d\u00fc\u015f\u00fcncesinden yola \u00e7\u0131karak felsefesini \u201c\u015f\u00fcphe\u201d<span class=\"excerpt-hellip\"> [\u2026]<\/span><\/p>\n","protected":false},"featured_media":0,"template":"","meta":{"_monsterinsights_skip_tracking":false,"_monsterinsights_sitenote_active":false,"_monsterinsights_sitenote_note":"","_monsterinsights_sitenote_category":0},"product_brand":[],"product_cat":[20351,12388],"product_tag":[],"class_list":{"0":"post-728025","1":"product","2":"type-product","3":"status-publish","5":"product_cat-dusunce","6":"product_cat-felsefe","7":"pa_cilt-ciltli","8":"pa_tur-kitap","9":"pa_yayinevi-nemesis-kitap","10":"pa_yazar-serhan-kansu","12":"first","13":"instock","14":"sale","15":"shipping-taxable","16":"purchasable","17":"product-type-simple"},"_links":{"self":[{"href":"https:\/\/roveyayinevi.com.tr\/index.php\/wp-json\/wp\/v2\/product\/728025","targetHints":{"allow":["GET"]}}],"collection":[{"href":"https:\/\/roveyayinevi.com.tr\/index.php\/wp-json\/wp\/v2\/product"}],"about":[{"href":"https:\/\/roveyayinevi.com.tr\/index.php\/wp-json\/wp\/v2\/types\/product"}],"wp:attachment":[{"href":"https:\/\/roveyayinevi.com.tr\/index.php\/wp-json\/wp\/v2\/media?parent=728025"}],"wp:term":[{"taxonomy":"product_brand","embeddable":true,"href":"https:\/\/roveyayinevi.com.tr\/index.php\/wp-json\/wp\/v2\/product_brand?post=728025"},{"taxonomy":"product_cat","embeddable":true,"href":"https:\/\/roveyayinevi.com.tr\/index.php\/wp-json\/wp\/v2\/product_cat?post=728025"},{"taxonomy":"product_tag","embeddable":true,"href":"https:\/\/roveyayinevi.com.tr\/index.php\/wp-json\/wp\/v2\/product_tag?post=728025"}],"curies":[{"name":"wp","href":"https:\/\/api.w.org\/{rel}","templated":true}]}}