{"id":728023,"date":"2025-08-27T20:31:58","date_gmt":"2025-08-27T17:31:58","guid":{"rendered":"https:\/\/roveyayinevi.com.tr\/index.php\/urun\/rock-savaslari-2-hazirlik-kampi-ciltli\/"},"modified":"2026-04-16T02:35:51","modified_gmt":"2026-04-15T23:35:51","slug":"rock-savaslari-2-hazirlik-kampi-ciltli","status":"publish","type":"product","link":"https:\/\/roveyayinevi.com.tr\/index.php\/urun\/rock-savaslari-2-hazirlik-kampi-ciltli\/","title":{"rendered":"Rock Sava\u015flar\u0131 2: Haz\u0131rl\u0131k Kamp\u0131 (Ciltli)"},"content":{"rendered":"<p>Parlak ekran\u0131n \u00f6tesindeki her \u015fey, acaba ger\u00e7ekten sizin g\u00f6rd\u00fc\u011f\u00fcn\u00fcz gibi mi? Yepyeni hayatlar\u0131n\u0131n e\u015fi\u011finde olan Jay, Dylan ve Summer bug\u00fcne kadar bildikleri d\u00fcnyan\u0131n s\u0131n\u0131r\u0131ndayd\u0131lar. Bir sonraki ad\u0131m heyecan verici, korkutucu, g\u00f6z kama\u015ft\u0131r\u0131c\u0131 ve b\u00fcy\u00fck olacakt\u0131. Daha Haz\u0131rl\u0131k Kamp\u0131\u2019na varmadan etraflar\u0131n\u0131 saran kameralar, insan g\u00fcruhu, uzat\u0131lan mikrofonlar ve kap\u0131lar\u0131na yana\u015fan limuzinler onlar\u0131 neyin bekledi\u011fi konusunda birka\u00e7 ipucu veriyor gibiydi! Eline, \u00fczerlerinde gruplar\u0131n\u0131n logosu olan lacivert bir ti\u015f\u00f6rt verildi\u011finde, Jay etkilendi. Rock Sava\u015flar\u0131 sitesine Jet&#8217;in profilini y\u00fcklerken, ilkel h\u00e2lini kendisi tasarlam\u0131\u015ft\u0131 ama program\u0131n tasar\u0131m ekibi, logoyu profesyonelce ba\u015ftan yaratm\u0131\u015ft\u0131 ve bunu bir ti\u015f\u00f6rt\u00fcn \u00fczerinde g\u00f6rmek, gruplar\u0131n\u0131 \u00e7ok daha ger\u00e7ek k\u0131l\u0131yordu. On iki grubun m\u00fcziklerini konu\u015fturduklar\u0131, m\u00fccadele dolu bu ola\u011fan\u00fcst\u00fc d\u00fcnyada g\u00f6kku\u015fa\u011f\u0131na ula\u015facaklard\u0131 belki de ama \u015fov d\u00fcnyas\u0131nda siyah da bir renkti. <span>Tan\u0131t\u0131m<\/p>\n","protected":false},"excerpt":{"rendered":"<p>Parlak ekran\u0131n \u00f6tesindeki her \u015fey, acaba ger\u00e7ekten sizin g\u00f6rd\u00fc\u011f\u00fcn\u00fcz gibi mi? Yepyeni hayatlar\u0131n\u0131n e\u015fi\u011finde olan Jay, Dylan ve Summer bug\u00fcne kadar bildikleri d\u00fcnyan\u0131n s\u0131n\u0131r\u0131ndayd\u0131lar. Bir sonraki<span class=\"excerpt-hellip\"> [\u2026]<\/span><\/p>\n","protected":false},"featured_media":0,"template":"","meta":{"_monsterinsights_skip_tracking":false,"_monsterinsights_sitenote_active":false,"_monsterinsights_sitenote_note":"","_monsterinsights_sitenote_category":0},"product_brand":[],"product_cat":[12291,50487],"product_tag":[],"class_list":{"0":"post-728023","1":"product","2":"type-product","3":"status-publish","5":"product_cat-edebiyat","6":"product_cat-kurgu","7":"pa_cilt-ciltli","8":"pa_tur-kitap","9":"pa_yayinevi-epsilon-yayinlari","10":"pa_yazar-robert-muchamore","12":"first","13":"instock","14":"sale","15":"shipping-taxable","16":"purchasable","17":"product-type-simple"},"_links":{"self":[{"href":"https:\/\/roveyayinevi.com.tr\/index.php\/wp-json\/wp\/v2\/product\/728023","targetHints":{"allow":["GET"]}}],"collection":[{"href":"https:\/\/roveyayinevi.com.tr\/index.php\/wp-json\/wp\/v2\/product"}],"about":[{"href":"https:\/\/roveyayinevi.com.tr\/index.php\/wp-json\/wp\/v2\/types\/product"}],"wp:attachment":[{"href":"https:\/\/roveyayinevi.com.tr\/index.php\/wp-json\/wp\/v2\/media?parent=728023"}],"wp:term":[{"taxonomy":"product_brand","embeddable":true,"href":"https:\/\/roveyayinevi.com.tr\/index.php\/wp-json\/wp\/v2\/product_brand?post=728023"},{"taxonomy":"product_cat","embeddable":true,"href":"https:\/\/roveyayinevi.com.tr\/index.php\/wp-json\/wp\/v2\/product_cat?post=728023"},{"taxonomy":"product_tag","embeddable":true,"href":"https:\/\/roveyayinevi.com.tr\/index.php\/wp-json\/wp\/v2\/product_tag?post=728023"}],"curies":[{"name":"wp","href":"https:\/\/api.w.org\/{rel}","templated":true}]}}