{"id":728021,"date":"2025-08-27T20:31:56","date_gmt":"2025-08-27T17:31:56","guid":{"rendered":"https:\/\/roveyayinevi.com.tr\/index.php\/urun\/mutsuz-olmak-istemeyen-cocuk\/"},"modified":"2026-04-16T02:35:51","modified_gmt":"2026-04-15T23:35:51","slug":"mutsuz-olmak-istemeyen-cocuk","status":"publish","type":"product","link":"https:\/\/roveyayinevi.com.tr\/index.php\/urun\/mutsuz-olmak-istemeyen-cocuk\/","title":{"rendered":"Mutsuz Olmak \u0130stemeyen \u00c7ocuk"},"content":{"rendered":"<p>\u201cBir zamanlar mutsuz olmak istemeyen bir \u00e7ocuk varm\u0131\u015f. Bu nedenle bir karar alm\u0131\u015f ve bir plan yapm\u0131\u015f. Plan\u0131 onu mutsuz eden her \u015feyden kurtulmakm\u0131\u015f. Mutsuzluktan kurtulmaya \u00e7al\u0131\u015f\u0131rken de mutlulu\u011fa dair \u00e7ok b\u00fcy\u00fck bir ders \u00e7\u0131karm\u0131\u015f.\u201dKa\u00e7man\u0131n \u00e7\u00f6z\u00fcm olmad\u0131\u011f\u0131n\u0131 ve onu mutsuz eden her \u015feyin asl\u0131nda mutluluk kayna\u011f\u0131 oldu\u011funu ke\u015ffeden bir \u00e7ocu\u011fun hikayesi olan Mutsuz Olmak \u0130stemeyen \u00c7ocuk, iyiyi ve k\u00f6t\u00fcy\u00fc b\u00fct\u00fcnle\u015ftirmenin ve her duyguyu kucaklaman\u0131n \u00f6nemini g\u00f6steriyor.Didaktik dilden uzak, e\u011flenceli, yard\u0131mc\u0131, e\u011fitici ve bazen de mizahi bir bak\u0131\u015f a\u00e7\u0131s\u0131 sunan Okuyan Koala serisinin bu kitab\u0131, yazar Rob Goldblatt\u2019\u0131n ill\u00fcstrasyonlar\u0131 ve Hayriye Selen \u0130yicil\u2019in \u00e7evirisiyle zenginle\u015firken ayn\u0131 zamanda Psikolojik Dan\u0131\u015fman Petek Halman\u2019\u0131n haz\u0131rlad\u0131\u011f\u0131 \u201cDuygular Yolu\u201d oyunu ile \u00e7ocuklar\u0131 nefis bir yolculu\u011fa \u00e7\u0131kar\u0131yor.<\/p>\n","protected":false},"excerpt":{"rendered":"<p>\u201cBir zamanlar mutsuz olmak istemeyen bir \u00e7ocuk varm\u0131\u015f. Bu nedenle bir karar alm\u0131\u015f ve bir plan yapm\u0131\u015f. Plan\u0131 onu mutsuz eden her \u015feyden kurtulmakm\u0131\u015f. Mutsuzluktan kurtulmaya<span class=\"excerpt-hellip\"> [\u2026]<\/span><\/p>\n","protected":false},"featured_media":0,"template":"","meta":{"_monsterinsights_skip_tracking":false,"_monsterinsights_sitenote_active":false,"_monsterinsights_sitenote_note":"","_monsterinsights_sitenote_category":0},"product_brand":[],"product_cat":[12913,12274],"product_tag":[],"class_list":{"0":"post-728021","1":"product","2":"type-product","3":"status-publish","5":"product_cat-3-6-yas-kitaplari","6":"product_cat-cocuk-ve-genclik-kitaplari","7":"pa_cilt-ciltsiz","8":"pa_tur-kitap","9":"pa_yayinevi-okuyan-koala","10":"pa_yazar-robert-goldblatt","12":"first","13":"instock","14":"sale","15":"shipping-taxable","16":"purchasable","17":"product-type-simple"},"_links":{"self":[{"href":"https:\/\/roveyayinevi.com.tr\/index.php\/wp-json\/wp\/v2\/product\/728021","targetHints":{"allow":["GET"]}}],"collection":[{"href":"https:\/\/roveyayinevi.com.tr\/index.php\/wp-json\/wp\/v2\/product"}],"about":[{"href":"https:\/\/roveyayinevi.com.tr\/index.php\/wp-json\/wp\/v2\/types\/product"}],"wp:attachment":[{"href":"https:\/\/roveyayinevi.com.tr\/index.php\/wp-json\/wp\/v2\/media?parent=728021"}],"wp:term":[{"taxonomy":"product_brand","embeddable":true,"href":"https:\/\/roveyayinevi.com.tr\/index.php\/wp-json\/wp\/v2\/product_brand?post=728021"},{"taxonomy":"product_cat","embeddable":true,"href":"https:\/\/roveyayinevi.com.tr\/index.php\/wp-json\/wp\/v2\/product_cat?post=728021"},{"taxonomy":"product_tag","embeddable":true,"href":"https:\/\/roveyayinevi.com.tr\/index.php\/wp-json\/wp\/v2\/product_tag?post=728021"}],"curies":[{"name":"wp","href":"https:\/\/api.w.org\/{rel}","templated":true}]}}