{"id":728020,"date":"2025-08-27T20:31:55","date_gmt":"2025-08-27T17:31:55","guid":{"rendered":"https:\/\/roveyayinevi.com.tr\/index.php\/urun\/hindi-tutu-moolemek-istiyor\/"},"modified":"2026-04-16T02:35:51","modified_gmt":"2026-04-15T23:35:51","slug":"hindi-tutu-moolemek-istiyor","status":"publish","type":"product","link":"https:\/\/roveyayinevi.com.tr\/index.php\/urun\/hindi-tutu-moolemek-istiyor\/","title":{"rendered":"Hindi T\u00fct\u00fc M\u00f6\u00f6\u2019lemek \u0130stiyor"},"content":{"rendered":"<p>\u00c7\u0131kard\u0131\u011f\u0131 sesi hi\u00e7 be\u011fenmeyen ve c\u0131l\u0131z g\u00f6rd\u00fc\u011f\u00fc bacaklar\u0131, rengini sevemedi\u011fi t\u00fcyleri ve \u00fczerinde sa\u00e7 olmayan ba\u015f\u0131ndan s\u00fcrekli \u015fikayet eden Hindi T\u00fct\u00fc\u2019n\u00fcn di\u011fer hayvanlar\u0131n seslerini istemesiyle ya\u015fad\u0131\u011f\u0131 maceras\u0131 t\u00fcm \u00e7ocuklar\u0131 i\u00e7ine \u00e7ekiyor. Didaktik dilden uzak, e\u011flenceli, yard\u0131mc\u0131, e\u011fitici ve bazen de mizahi bir bak\u0131\u015f a\u00e7\u0131s\u0131 sunan Okuyan Koala serisinin bu kitab\u0131, JoAnn Adinolfi\u2019nin ill\u00fcstrasyonlar\u0131 ve Psikolojik Dan\u0131\u015fman Petek Halman\u2019\u0131n edit\u00f6rl\u00fc\u011f\u00fcyle zenginle\u015firken ayn\u0131 zamanda \u015fu sorulara yan\u0131t veriyor: \u00d6zg\u00fcven nedir? \u00d6zg\u00fcveni g\u00fc\u00e7lendirmek i\u00e7in anne ve babalar ne yapabilirler? \u00c7ocuklar duygular\u0131n\u0131 ke\u015ffetmek i\u00e7in nas\u0131l te\u015fvik edilir? Aidiyet duygusu nas\u0131l yarat\u0131l\u0131r? Bireyselli\u011fin benimsenmesi i\u00e7in neler yap\u0131labilir? T\u0131pk\u0131 Hindi T\u00fct\u00fc gibi her \u00e7ocu\u011fun kendi \u00f6zg\u00fcn sesini ke\u015ffedebilmesi ve bunu d\u00fcnyaya duyurabilmesi \u00fcmidiyle&#8230; <span>Tan\u0131t\u0131m<\/p>\n","protected":false},"excerpt":{"rendered":"<p>\u00c7\u0131kard\u0131\u011f\u0131 sesi hi\u00e7 be\u011fenmeyen ve c\u0131l\u0131z g\u00f6rd\u00fc\u011f\u00fc bacaklar\u0131, rengini sevemedi\u011fi t\u00fcyleri ve \u00fczerinde sa\u00e7 olmayan ba\u015f\u0131ndan s\u00fcrekli \u015fikayet eden Hindi T\u00fct\u00fc\u2019n\u00fcn di\u011fer hayvanlar\u0131n seslerini istemesiyle ya\u015fad\u0131\u011f\u0131<span class=\"excerpt-hellip\"> [\u2026]<\/span><\/p>\n","protected":false},"featured_media":0,"template":"","meta":{"_monsterinsights_skip_tracking":false,"_monsterinsights_sitenote_active":false,"_monsterinsights_sitenote_note":"","_monsterinsights_sitenote_category":0},"product_brand":[],"product_cat":[12913,12274],"product_tag":[],"class_list":{"0":"post-728020","1":"product","2":"type-product","3":"status-publish","5":"product_cat-3-6-yas-kitaplari","6":"product_cat-cocuk-ve-genclik-kitaplari","7":"pa_cilt-ciltsiz","8":"pa_tur-kitap","9":"pa_yayinevi-okuyan-koala","10":"pa_yazar-marcella-bakur-jill-neimark","12":"first","13":"instock","14":"sale","15":"shipping-taxable","16":"purchasable","17":"product-type-simple"},"_links":{"self":[{"href":"https:\/\/roveyayinevi.com.tr\/index.php\/wp-json\/wp\/v2\/product\/728020","targetHints":{"allow":["GET"]}}],"collection":[{"href":"https:\/\/roveyayinevi.com.tr\/index.php\/wp-json\/wp\/v2\/product"}],"about":[{"href":"https:\/\/roveyayinevi.com.tr\/index.php\/wp-json\/wp\/v2\/types\/product"}],"wp:attachment":[{"href":"https:\/\/roveyayinevi.com.tr\/index.php\/wp-json\/wp\/v2\/media?parent=728020"}],"wp:term":[{"taxonomy":"product_brand","embeddable":true,"href":"https:\/\/roveyayinevi.com.tr\/index.php\/wp-json\/wp\/v2\/product_brand?post=728020"},{"taxonomy":"product_cat","embeddable":true,"href":"https:\/\/roveyayinevi.com.tr\/index.php\/wp-json\/wp\/v2\/product_cat?post=728020"},{"taxonomy":"product_tag","embeddable":true,"href":"https:\/\/roveyayinevi.com.tr\/index.php\/wp-json\/wp\/v2\/product_tag?post=728020"}],"curies":[{"name":"wp","href":"https:\/\/api.w.org\/{rel}","templated":true}]}}