{"id":728019,"date":"2025-08-27T20:31:55","date_gmt":"2025-08-27T17:31:55","guid":{"rendered":"https:\/\/roveyayinevi.com.tr\/index.php\/urun\/her-hucresiyle-cekici-cekiciligin-psikolojisi\/"},"modified":"2026-04-08T02:44:57","modified_gmt":"2026-04-07T23:44:57","slug":"her-hucresiyle-cekici-cekiciligin-psikolojisi","status":"publish","type":"product","link":"https:\/\/roveyayinevi.com.tr\/index.php\/urun\/her-hucresiyle-cekici-cekiciligin-psikolojisi\/","title":{"rendered":"Her H\u00fccresiyle \u00c7ekici &#8211; \u00c7ekicili\u011fin Psikolojisi"},"content":{"rendered":"<p>Uzman psikolog Christopher Canwell taraf\u0131ndan yaz\u0131lan Her H\u00fccresiyle \u00c7ekici \u2013 \u00c7ekicili\u011fin Psikolojisi, erkeklerin pek \u00e7ok kad\u0131n\u0131n g\u00f6z\u00fcnde arzulanan bireyler olmas\u0131 ad\u0131na rehber niteli\u011fi ta\u015f\u0131yor. Erkekleri kad\u0131nlar\u0131n g\u00f6z\u00fcnde \u00e7ekici yapman\u0131n yollar\u0131n\u0131 sunarken ayn\u0131 zamanda d\u0131\u015f g\u00f6r\u00fcnt\u00fcleri ile ilgili yapmalar\u0131 gerekenleri, hormonlar\u0131n arzu konusundaki rollerini, beden dilinin kullan\u0131m bi\u00e7imlerini, sosyal medyada ve g\u00fcnl\u00fck hayatta uygulanmas\u0131 gereken davran\u0131\u015f bi\u00e7imlerini g\u00f6steriyor. \u00c7ekicili\u011fin karanl\u0131k sular\u0131nda ke\u015fif dolu bir maceraya \u00e7\u0131karan Her H\u00fccresiyle \u00c7ekici \u2013 \u00c7ekicili\u011fin Psikolojisi y\u00fczy\u0131llard\u0131r erkeklerin kafalar\u0131n\u0131 kar\u0131\u015ft\u0131ran sorulara da son noktay\u0131 koyuyor: Kad\u0131nlar\u0131 ne tahrik eder? Bir erke\u011fi di\u011ferine tercih etmelerini sa\u011flayan nedir? Nas\u0131l \u00e7ekici olabilirsiniz? Kad\u0131nlar\u0131 kendinize \u00e7ekmek i\u00e7in nas\u0131l bir beden dili kullanmal\u0131s\u0131n\u0131z? Uzun s\u00fcreli ili\u015fkinizde \u00e7ekicili\u011finizi ne \u015fekilde korursunuz? Ger\u00e7ek hayatta k\u0131rk \u00f6rnek olay\u0131n incelemesini i\u00e7eren ve bilimsel ara\u015ft\u0131rmalar arac\u0131l\u0131\u011f\u0131yla erkeklere \u00e7ekici olma sanat\u0131n\u0131 a\u015f\u0131lamak \u00fczere yola \u00e7\u0131kan bu kitap, alfa ve beta gibi g\u00fcncel kavramlar\u0131n yan\u0131 s\u0131ra kadim tart\u0131\u015fma olan \u201cKad\u0131nlar neden efendi erkekler yerine serserileri tercih eder?\u201de de \u0131\u015f\u0131k tutuyor. <span>Tan\u0131t\u0131m<\/p>\n","protected":false},"excerpt":{"rendered":"<p>Uzman psikolog Christopher Canwell taraf\u0131ndan yaz\u0131lan Her H\u00fccresiyle \u00c7ekici \u2013 \u00c7ekicili\u011fin Psikolojisi, erkeklerin pek \u00e7ok kad\u0131n\u0131n g\u00f6z\u00fcnde arzulanan bireyler olmas\u0131 ad\u0131na rehber niteli\u011fi ta\u015f\u0131yor. Erkekleri kad\u0131nlar\u0131n<span class=\"excerpt-hellip\"> [\u2026]<\/span><\/p>\n","protected":false},"featured_media":0,"template":"","meta":{"_monsterinsights_skip_tracking":false,"_monsterinsights_sitenote_active":false,"_monsterinsights_sitenote_note":"","_monsterinsights_sitenote_category":0},"product_brand":[],"product_cat":[12364,12376],"product_tag":[],"class_list":{"0":"post-728019","1":"product","2":"type-product","3":"status-publish","5":"product_cat-genel-konular","6":"product_cat-kisisel-gelisim","7":"pa_cilt-ciltsiz","8":"pa_tur-kitap","9":"pa_yayinevi-okuyan-us-yayin","10":"pa_yazar-christopher-canwell","12":"first","13":"instock","14":"sale","15":"shipping-taxable","16":"purchasable","17":"product-type-simple"},"_links":{"self":[{"href":"https:\/\/roveyayinevi.com.tr\/index.php\/wp-json\/wp\/v2\/product\/728019","targetHints":{"allow":["GET"]}}],"collection":[{"href":"https:\/\/roveyayinevi.com.tr\/index.php\/wp-json\/wp\/v2\/product"}],"about":[{"href":"https:\/\/roveyayinevi.com.tr\/index.php\/wp-json\/wp\/v2\/types\/product"}],"wp:attachment":[{"href":"https:\/\/roveyayinevi.com.tr\/index.php\/wp-json\/wp\/v2\/media?parent=728019"}],"wp:term":[{"taxonomy":"product_brand","embeddable":true,"href":"https:\/\/roveyayinevi.com.tr\/index.php\/wp-json\/wp\/v2\/product_brand?post=728019"},{"taxonomy":"product_cat","embeddable":true,"href":"https:\/\/roveyayinevi.com.tr\/index.php\/wp-json\/wp\/v2\/product_cat?post=728019"},{"taxonomy":"product_tag","embeddable":true,"href":"https:\/\/roveyayinevi.com.tr\/index.php\/wp-json\/wp\/v2\/product_tag?post=728019"}],"curies":[{"name":"wp","href":"https:\/\/api.w.org\/{rel}","templated":true}]}}